{"id":158345,"date":"2025-12-18T23:59:21","date_gmt":"2025-12-18T20:59:21","guid":{"rendered":"https:\/\/baldumarket.lt\/product\/szafka-kuchenna-dolna-linea-1-szuflada-d60zk-white-bialy-mat\/"},"modified":"2026-02-18T11:34:19","modified_gmt":"2026-02-18T08:34:19","slug":"szafka-kuchenna-dolna-linea-1-szuflada-d60zk-white-bialy-mat","status":"publish","type":"product","link":"https:\/\/baldumarket.lt\/lt\/product\/szafka-kuchenna-dolna-linea-1-szuflada-d60zk-white-bialy-mat\/","title":{"rendered":"Apatin\u0117 virtuv\u0117s spintel\u0117 Linea 1 stal\u010dius D60ZK balta matin\u0117"},"content":{"rendered":"<p>\u201eLinea\u201c vieno stal\u010diaus apatin\u0117 virtuv\u0117s spintel\u0117 \u2013 tai puikus modernaus stiliaus ir funkcionalumo derinys. Matin\u0117s baltos spalvos apdaila suteikia virtuvei elegancijos ir lengvumo. Matin\u0117 abiej\u0173 fasad\u0173 ir korpuso apdaila suteikia subtilaus \u017eavesio, tod\u0117l puikiai tinka bet kokiam virtuv\u0117s dizainui.<\/p>\n<p>Kruop\u0161\u010diai parinktos med\u017eiagos, tokios kaip MDF priekin\u0117je dalyje ir laminuota korpuso plok\u0161t\u0117, garantuoja ilgaam\u017ei\u0161kum\u0105 ir tvirtum\u0105. Tai ne tik suteikia spintelei gra\u017ei\u0105 i\u0161vaizd\u0105, bet ir u\u017etikrina jos ilgaam\u017ei\u0161kum\u0105. Aukso spalvos metalin\u0117s rankenos suteikia spintelei rafinuoto charakterio, tod\u0117l ji tampa i\u0161skirtiniu estetiniu akcentu j\u016bs\u0173 virtuv\u0117je.<\/p>\n<p>\u201eLinea\u201c virtuv\u0117s spintel\u0117 apr\u016bpinta moderniais, \u0161velniai u\u017esidaran\u010diais stal\u010di\u0173 b\u0117geliais, tod\u0117l kasdien naudotis stal\u010diais yra patogu ir tylu. Papildomas privalumas \u2013 reguliuojamo auk\u0161\u010dio kojel\u0117s, leid\u017eian\u010dios spintel\u0119 puikiai pritaikyti prie \u012fvairaus stalvir\u0161io auk\u0161\u010dio, u\u017etikrinant stabilum\u0105 ir patog\u0173 naudojim\u0105. Tai puikus sprendimas bet kokiai virtuvei, nepriklausomai nuo jos dyd\u017eio ar i\u0161planavimo.<\/p>\n<p>Surinkimas paprastas ir leid\u017eia pritaikyti prie individuali\u0173 naudotojo poreiki\u0173. Optimal\u016bs matmenys (60 cm plo\u010dio, 52 cm gylio, 82 cm auk\u0161\u010dio) puikiai tinka tiek ma\u017eoms, tiek didel\u0117ms virtuv\u0117ms, nes suteikia daug vietos daiktams susid\u0117ti. \u201eLinea\u201c apatin\u0117 virtuv\u0117s spintel\u0117 yra ne tik prakti\u0161kas pasirinkimas, bet ir eleganti\u0161kas priedas, kuris pagerins bet kurios modernios virtuv\u0117s estetik\u0105.<\/p>","protected":false},"excerpt":{"rendered":"<p>Plotis (cm): 60<br \/>\n\u016agis (cm): 82<br \/>\nGylis (cm): 52<\/p>","protected":false},"featured_media":158346,"comment_status":"open","ping_status":"open","template":"","meta":[],"product_brand":[],"product_cat":[9446,4106],"product_tag":[],"class_list":{"0":"post-158345","1":"product","2":"type-product","3":"status-publish","4":"has-post-thumbnail","6":"product_cat-kitchen-system-linea-white","7":"product_cat-gala-meble","9":"first","10":"instock","11":"purchasable","12":"product-type-simple"},"_links":{"self":[{"href":"https:\/\/baldumarket.lt\/lt\/wp-json\/wp\/v2\/product\/158345","targetHints":{"allow":["GET"]}}],"collection":[{"href":"https:\/\/baldumarket.lt\/lt\/wp-json\/wp\/v2\/product"}],"about":[{"href":"https:\/\/baldumarket.lt\/lt\/wp-json\/wp\/v2\/types\/product"}],"replies":[{"embeddable":true,"href":"https:\/\/baldumarket.lt\/lt\/wp-json\/wp\/v2\/comments?post=158345"}],"wp:featuredmedia":[{"embeddable":true,"href":"https:\/\/baldumarket.lt\/lt\/wp-json\/wp\/v2\/media\/158346"}],"wp:attachment":[{"href":"https:\/\/baldumarket.lt\/lt\/wp-json\/wp\/v2\/media?parent=158345"}],"wp:term":[{"taxonomy":"product_brand","embeddable":true,"href":"https:\/\/baldumarket.lt\/lt\/wp-json\/wp\/v2\/product_brand?post=158345"},{"taxonomy":"product_cat","embeddable":true,"href":"https:\/\/baldumarket.lt\/lt\/wp-json\/wp\/v2\/product_cat?post=158345"},{"taxonomy":"product_tag","embeddable":true,"href":"https:\/\/baldumarket.lt\/lt\/wp-json\/wp\/v2\/product_tag?post=158345"}],"curies":[{"name":"wp","href":"https:\/\/api.w.org\/{rel}","templated":true}]}}