{"id":158339,"date":"2025-12-18T23:59:08","date_gmt":"2025-12-18T20:59:08","guid":{"rendered":"https:\/\/baldumarket.lt\/product\/szafka-kuchenna-dolna-narozna-2d-sorento-d90n-baltic-storm\/"},"modified":"2026-02-18T11:10:50","modified_gmt":"2026-02-18T08:10:50","slug":"szafka-kuchenna-dolna-narozna-2d-sorento-d90n-baltic-storm","status":"publish","type":"product","link":"https:\/\/baldumarket.lt\/lt\/product\/szafka-kuchenna-dolna-narozna-2d-sorento-d90n-baltic-storm\/","title":{"rendered":"Apatin\u0117 kampin\u0117 virtuv\u0117s spintel\u0117 2D Sorento D90N Baltic Storm"},"content":{"rendered":"<p>Atraskite nauj\u0105 kokyb\u0117s lyg\u012f savo virtuv\u0117je su m\u016bs\u0173 \u201eSorento D90N 2-D\u201c kampine virtuv\u0117s spintele su eleganti\u0161ka \u201eBaltic Storm\u201c apdaila. \u0160i moderni spintel\u0117 ne tik suteikia stiliaus j\u016bs\u0173 interjerui, bet ir optimizuoja erdv\u0119 d\u0117l savo kampinio dizaino, puikiai tinkan\u010dio kiekvienam virtuv\u0117s kampeliui. Subtilus pilkas pavir\u0161ius suteikia elegancijos ir paver\u010dia j\u0105 stilingu akcentu j\u016bs\u0173 namuose. Funkcionalumas yra pagrindinis \u0161ios spintel\u0117s privalumas. D\u0117l tinkam\u0173 matmen\u0173 (plotis 84 cm, auk\u0161tis 87 cm, gylis 84 cm) ir reguliuojam\u0173 15 cm kojeli\u0173 galite j\u0105 pritaikyti prie savo poreiki\u0173 ir erdv\u0117s reikalavim\u0173. \u0160velniai u\u017esidaran\u010dios durel\u0117s, d\u0117ka \u201eClip-On\u201c vyri\u0173 sistemos, u\u017etikrina patog\u0173 naudojim\u0105 ir puikiai papildo \u0161iuolaikin\u012f gyvenimo b\u016bd\u0105. Jums nereik\u0117s nerimauti d\u0117l triuk\u0161mo virtuv\u0117je, nes \u0161i spintel\u0117 pasir\u016bpins j\u016bs\u0173 ramybe gaminant maist\u0105. Pagaminta i\u0161 \u012fvairi\u0173 med\u017eiag\u0173, \u012fskaitant atspari\u0105 pa\u017eeidimams laminuot\u0105 plok\u0161t\u0119, \u0161i spintel\u0117 yra ne tik esteti\u0161kai patraukli, bet ir patvari bei funkcionali. Jos viduje yra viena lentyna, kurioje telpa visi svarbiausi virtuv\u0117s reikmenys, tod\u0117l j\u0105 lengva sutvarkyti. Pasirink\u0119 \u0161i\u0105 spintel\u0119, \u012fgysite papildomos vietos daiktams susid\u0117ti neprarandant modernaus ir eleganti\u0161ko stiliaus.<\/p>","protected":false},"excerpt":{"rendered":"<p>Plotis (cm): 84<br \/>\n\u016agis (cm): 87<br \/>\nGylis (cm): 84<\/p>","protected":false},"featured_media":158340,"comment_status":"open","ping_status":"open","template":"","meta":[],"product_brand":[],"product_cat":[9436,4106],"product_tag":[],"class_list":{"0":"post-158339","1":"product","2":"type-product","3":"status-publish","4":"has-post-thumbnail","6":"product_cat-kitchen-system-sorento","7":"product_cat-gala-meble","9":"first","10":"instock","11":"purchasable","12":"product-type-simple"},"_links":{"self":[{"href":"https:\/\/baldumarket.lt\/lt\/wp-json\/wp\/v2\/product\/158339","targetHints":{"allow":["GET"]}}],"collection":[{"href":"https:\/\/baldumarket.lt\/lt\/wp-json\/wp\/v2\/product"}],"about":[{"href":"https:\/\/baldumarket.lt\/lt\/wp-json\/wp\/v2\/types\/product"}],"replies":[{"embeddable":true,"href":"https:\/\/baldumarket.lt\/lt\/wp-json\/wp\/v2\/comments?post=158339"}],"wp:featuredmedia":[{"embeddable":true,"href":"https:\/\/baldumarket.lt\/lt\/wp-json\/wp\/v2\/media\/158340"}],"wp:attachment":[{"href":"https:\/\/baldumarket.lt\/lt\/wp-json\/wp\/v2\/media?parent=158339"}],"wp:term":[{"taxonomy":"product_brand","embeddable":true,"href":"https:\/\/baldumarket.lt\/lt\/wp-json\/wp\/v2\/product_brand?post=158339"},{"taxonomy":"product_cat","embeddable":true,"href":"https:\/\/baldumarket.lt\/lt\/wp-json\/wp\/v2\/product_cat?post=158339"},{"taxonomy":"product_tag","embeddable":true,"href":"https:\/\/baldumarket.lt\/lt\/wp-json\/wp\/v2\/product_tag?post=158339"}],"curies":[{"name":"wp","href":"https:\/\/api.w.org\/{rel}","templated":true}]}}