{"id":158333,"date":"2025-12-18T23:58:55","date_gmt":"2025-12-18T20:58:55","guid":{"rendered":"https:\/\/baldumarket.lt\/product\/szafka-kuchenna-dolna-narozna-2d-sorento-d90n-puccini\/"},"modified":"2026-02-18T11:10:50","modified_gmt":"2026-02-18T08:10:50","slug":"szafka-kuchenna-dolna-narozna-2d-sorento-d90n-puccini","status":"publish","type":"product","link":"https:\/\/baldumarket.lt\/lt\/product\/szafka-kuchenna-dolna-narozna-2d-sorento-d90n-puccini\/","title":{"rendered":"Apatin\u0117 kampin\u0117 virtuv\u0117s spintel\u0117 2D Sorento D90N Puccini"},"content":{"rendered":"<p>Pakelkite savo virtuv\u0119 \u012f nauj\u0105 lyg\u012f su eleganti\u0161ka \u201ePuccini\u201c \u201eSorento D90N\u201c apatinio kampo virtuv\u0117s spintele. \u0160is unikalus baldas derina stili\u0173 ir funkcionalum\u0105, puikiai tinkantis bet kokiam interjerui. M\u016bs\u0173 \u201ePuccini\u201c spalv\u0173 spintel\u0117 yra modernaus dizaino sinonimas, suteikianti kambariui klas\u0117s ir charakterio. Subtili laminuotos plok\u0161t\u0117s tekst\u016bra sukuria subalansuot\u0105 elegancij\u0105, puikiai tinkan\u010di\u0105 tiek minimalistiniam dizainui, tiek ekstravaganti\u0161kesniems sprendimams. \u201eSorento D90N\u201c spintel\u0117 \u017eavi ne tik savo i\u0161vaizda, bet ir apgalvotu funkcionalumu. Kampinis dizainas leid\u017eia efektyviai i\u0161naudoti erdv\u0119, tod\u0117l puikiai tinka ma\u017eesn\u0117ms virtuv\u0117ms arba ne\u012fprasto i\u0161planavimo virtuv\u0117ms. Reguliuojamos kojel\u0117s suteikia visi\u0161k\u0105 spintel\u0117s auk\u0161\u010dio kontrol\u0119, tod\u0117l j\u0105 lengva pritaikyti prie nelygi\u0173 grind\u0173, u\u017etikrinant stabilum\u0105 ir ilgalaik\u012f naudojim\u0105. Patogios juodos metalin\u0117s rankenos suteikia \u201eSorento\u201c spintelei modernumo ir kartu leid\u017eia lengvai atidaryti dureles. Tyl\u016bs \u201eClip-On\u201c vyriai su \u0161velnaus u\u017edarymo funkcija garantuoja komfort\u0105 ir patogum\u0105. J\u0173 d\u0117ka kiekvien\u0105 kart\u0105 atidarant spintel\u0119 beveik tylu, o tai labai svarbu judriuose namuose.<\/p>","protected":false},"excerpt":{"rendered":"<p>Plotis (cm): 84<br \/>\n\u016agis (cm): 87<br \/>\nGylis (cm): 84<\/p>","protected":false},"featured_media":158334,"comment_status":"open","ping_status":"open","template":"","meta":[],"product_brand":[],"product_cat":[9436,4106],"product_tag":[],"class_list":{"0":"post-158333","1":"product","2":"type-product","3":"status-publish","4":"has-post-thumbnail","6":"product_cat-kitchen-system-sorento","7":"product_cat-gala-meble","9":"first","10":"instock","11":"purchasable","12":"product-type-simple"},"_links":{"self":[{"href":"https:\/\/baldumarket.lt\/lt\/wp-json\/wp\/v2\/product\/158333","targetHints":{"allow":["GET"]}}],"collection":[{"href":"https:\/\/baldumarket.lt\/lt\/wp-json\/wp\/v2\/product"}],"about":[{"href":"https:\/\/baldumarket.lt\/lt\/wp-json\/wp\/v2\/types\/product"}],"replies":[{"embeddable":true,"href":"https:\/\/baldumarket.lt\/lt\/wp-json\/wp\/v2\/comments?post=158333"}],"wp:featuredmedia":[{"embeddable":true,"href":"https:\/\/baldumarket.lt\/lt\/wp-json\/wp\/v2\/media\/158334"}],"wp:attachment":[{"href":"https:\/\/baldumarket.lt\/lt\/wp-json\/wp\/v2\/media?parent=158333"}],"wp:term":[{"taxonomy":"product_brand","embeddable":true,"href":"https:\/\/baldumarket.lt\/lt\/wp-json\/wp\/v2\/product_brand?post=158333"},{"taxonomy":"product_cat","embeddable":true,"href":"https:\/\/baldumarket.lt\/lt\/wp-json\/wp\/v2\/product_cat?post=158333"},{"taxonomy":"product_tag","embeddable":true,"href":"https:\/\/baldumarket.lt\/lt\/wp-json\/wp\/v2\/product_tag?post=158333"}],"curies":[{"name":"wp","href":"https:\/\/api.w.org\/{rel}","templated":true}]}}