{"id":158327,"date":"2025-12-18T23:58:42","date_gmt":"2025-12-18T20:58:42","guid":{"rendered":"https:\/\/baldumarket.lt\/product\/szafka-kuchenna-dolna-narozna-d90n-sycylia-orzech-bez-blatu\/"},"modified":"2026-02-06T14:32:44","modified_gmt":"2026-02-06T11:32:44","slug":"szafka-kuchenna-dolna-narozna-d90n-sycylia-orzech-bez-blatu","status":"publish","type":"product","link":"https:\/\/baldumarket.lt\/lt\/product\/szafka-kuchenna-dolna-narozna-d90n-sycylia-orzech-bez-blatu\/","title":{"rendered":"Apatin\u0117 kampin\u0117 virtuv\u0117s spintel\u0117 D90N Sicily Walnut be stalvir\u0161io"},"content":{"rendered":"<p>Eleganti\u0161kas virtuv\u0117s elementas, pavyzd\u017eiui, \u201eSicily Walnut\u201c apatinio kampinio virtuv\u0117s spintel\u0117, suteiks j\u016bs\u0173 virtuvei \u0161ilumos ir klasikinio stiliaus, kuris niekada nei\u0161eina i\u0161 mados. Stilinga Milano rie\u0161utmed\u017eio spalva puikiai dera prie bet kokio interjero dizaino, suteikdama kambariui unikalaus \u017eavesio. Kruop\u0161\u010diai sukurta iki smulkiausi\u0173 detali\u0173, \u0161i spintel\u0117 tampa pagrindiniu bet kurios modernios ar klasikin\u0117s virtuv\u0117s elementu. \u0160ios virtuv\u0117s spintel\u0117s funkcionalumas paver\u010dia kasdienius virtuv\u0117s darbus grynu malonumu. D\u0117l kampin\u0117s formos ji lengvai telpa \u012f erdv\u0119, maksimaliai j\u0105 i\u0161naudodama, o tai itin prakti\u0161ka ma\u017eesn\u0117se virtuv\u0117se. Ji leid\u017eia ergonomi\u0161kai i\u0161d\u0117styti daiktus, tod\u0117l jie visada yra po ranka, kai j\u0173 labiausiai reikia. Priekin\u0117s dalys pagamintos i\u0161 MDF plok\u0161t\u0117s, o laminuotos plok\u0161t\u0117s korpusas garantuoja ilgaam\u017ei\u0161kum\u0105 ir yra lengvai valomas. Visas baldas i\u0161laiko moderni\u0105 i\u0161vaizd\u0105 d\u0117l sidabrini\u0173 plastikini\u0173 ranken\u0173, kurios suteikia elegancijos ir funkcionalumo. B\u016btent \u0161ios detal\u0117s daro \u201eSycylia\u201c virtuv\u0117s spintel\u0119 puikiu pasirinkimu bet kuriai virtuvei, u\u017etikrinan\u010dia estetik\u0105 ir naudojimo komfort\u0105.<\/p>","protected":false},"excerpt":{"rendered":"<p>Plotis (cm): 79<br \/>\n\u016agis (cm): 82<br \/>\nGylis (cm): 79<\/p>","protected":false},"featured_media":158328,"comment_status":"open","ping_status":"open","template":"","meta":[],"product_brand":[],"product_cat":[9450,4106,9118],"product_tag":[],"class_list":{"0":"post-158327","1":"product","2":"type-product","3":"status-publish","4":"has-post-thumbnail","6":"product_cat-kitchen-system-sycylia-orzech-milano","7":"product_cat-gala-meble","8":"product_cat-kitchen-cabinets","10":"first","11":"instock","12":"purchasable","13":"product-type-simple"},"_links":{"self":[{"href":"https:\/\/baldumarket.lt\/lt\/wp-json\/wp\/v2\/product\/158327","targetHints":{"allow":["GET"]}}],"collection":[{"href":"https:\/\/baldumarket.lt\/lt\/wp-json\/wp\/v2\/product"}],"about":[{"href":"https:\/\/baldumarket.lt\/lt\/wp-json\/wp\/v2\/types\/product"}],"replies":[{"embeddable":true,"href":"https:\/\/baldumarket.lt\/lt\/wp-json\/wp\/v2\/comments?post=158327"}],"wp:featuredmedia":[{"embeddable":true,"href":"https:\/\/baldumarket.lt\/lt\/wp-json\/wp\/v2\/media\/158328"}],"wp:attachment":[{"href":"https:\/\/baldumarket.lt\/lt\/wp-json\/wp\/v2\/media?parent=158327"}],"wp:term":[{"taxonomy":"product_brand","embeddable":true,"href":"https:\/\/baldumarket.lt\/lt\/wp-json\/wp\/v2\/product_brand?post=158327"},{"taxonomy":"product_cat","embeddable":true,"href":"https:\/\/baldumarket.lt\/lt\/wp-json\/wp\/v2\/product_cat?post=158327"},{"taxonomy":"product_tag","embeddable":true,"href":"https:\/\/baldumarket.lt\/lt\/wp-json\/wp\/v2\/product_tag?post=158327"}],"curies":[{"name":"wp","href":"https:\/\/api.w.org\/{rel}","templated":true}]}}