{"id":158321,"date":"2025-12-18T23:58:28","date_gmt":"2025-12-18T20:58:28","guid":{"rendered":"https:\/\/baldumarket.lt\/product\/szafka-kuchenna-dolna-naroznik-prosty-sorento-d100n-p-l-puccini-green\/"},"modified":"2026-02-18T11:10:50","modified_gmt":"2026-02-18T08:10:50","slug":"szafka-kuchenna-dolna-naroznik-prosty-sorento-d100n-p-l-puccini-green","status":"publish","type":"product","link":"https:\/\/baldumarket.lt\/lt\/product\/szafka-kuchenna-dolna-naroznik-prosty-sorento-d100n-p-l-puccini-green\/","title":{"rendered":"Apatin\u0117 kampin\u0117 virtuv\u0117s spintel\u0117, tiesi, Sorento, D100N, pilka, su gobelenu"},"content":{"rendered":"<p>Pakelkite savo virtuv\u0119 \u012f kit\u0105 elegancijos ir funkcionalumo lyg\u012f su \u201eSorento D100N\u201c apatine spintele \u201ePuccini Green\u201c spalvos. Ry\u0161kus tamsiai \u017ealios spalvos fasado ir subtiliai \u0161ilto \u201ePuccini\u201c korpuso atspalvio derinys sukuria harmoning\u0105 harmonij\u0105, kuri j\u016bs\u0173 interjerui suteiks rafinuotumo. \u0160i spintel\u0117 yra ne tik prakti\u0161ka, bet ir dizainerio akcentas, kuris tikrai patrauks ak\u012f. Kasdienis maisto gaminimas taps malonumu d\u0117l tobulos \u201eSorento\u201c kampin\u0117s spintel\u0117s organizacijos. Sukurta efektyviai i\u0161naudoti kampin\u0119 erdv\u0119, ji leid\u017eia optimaliai laikyti virtuv\u0117s reikmenis ir lengvai prisitaikyti prie individuali\u0173 poreiki\u0173. Reguliuojamos kojel\u0117s suteikia lankstumo, leid\u017eian\u010dios spintel\u0117s auk\u0161t\u012f puikiai pritaikyti prie grind\u0173 pavir\u0161iaus, u\u017etikrinant stabilum\u0105 ir komfort\u0105. Minimalistin\u0117s juodos spalvos metalin\u0117 rankena yra ne tik stilingas bendro dizaino papildymas, bet ir prakti\u0161kas elementas, palengvinantis spintel\u0117s dureli\u0173 atidarym\u0105 ir u\u017edarym\u0105. U\u017esegami vyriai su \u0161velnaus u\u017edarymo funkcija garantuoja skland\u0173 veikim\u0105 ir pa\u0161alina triuk\u0161m\u0105, tod\u0117l kiekviena akimirka, praleista virtuv\u0117je, tampa dar malonesn\u0117. \u0160i spintel\u0117 taip pat puikus pasirinkimas tiems, kurie vertina ilgaam\u017ei\u0161kum\u0105 \u2013 pagaminta i\u0161 patvarios laminuotos plok\u0161t\u0117s, ji tikrai atitiks modernios virtuv\u0117s reikalavimus.<\/p>","protected":false},"excerpt":{"rendered":"<p>Plotis (cm): 100<br \/>\n\u016agis (cm): 87<br \/>\nGylis (cm): 56<\/p>","protected":false},"featured_media":158322,"comment_status":"open","ping_status":"open","template":"","meta":[],"product_brand":[],"product_cat":[9436,4106],"product_tag":[],"class_list":{"0":"post-158321","1":"product","2":"type-product","3":"status-publish","4":"has-post-thumbnail","6":"product_cat-kitchen-system-sorento","7":"product_cat-gala-meble","9":"first","10":"instock","11":"purchasable","12":"product-type-simple"},"_links":{"self":[{"href":"https:\/\/baldumarket.lt\/lt\/wp-json\/wp\/v2\/product\/158321","targetHints":{"allow":["GET"]}}],"collection":[{"href":"https:\/\/baldumarket.lt\/lt\/wp-json\/wp\/v2\/product"}],"about":[{"href":"https:\/\/baldumarket.lt\/lt\/wp-json\/wp\/v2\/types\/product"}],"replies":[{"embeddable":true,"href":"https:\/\/baldumarket.lt\/lt\/wp-json\/wp\/v2\/comments?post=158321"}],"wp:featuredmedia":[{"embeddable":true,"href":"https:\/\/baldumarket.lt\/lt\/wp-json\/wp\/v2\/media\/158322"}],"wp:attachment":[{"href":"https:\/\/baldumarket.lt\/lt\/wp-json\/wp\/v2\/media?parent=158321"}],"wp:term":[{"taxonomy":"product_brand","embeddable":true,"href":"https:\/\/baldumarket.lt\/lt\/wp-json\/wp\/v2\/product_brand?post=158321"},{"taxonomy":"product_cat","embeddable":true,"href":"https:\/\/baldumarket.lt\/lt\/wp-json\/wp\/v2\/product_cat?post=158321"},{"taxonomy":"product_tag","embeddable":true,"href":"https:\/\/baldumarket.lt\/lt\/wp-json\/wp\/v2\/product_tag?post=158321"}],"curies":[{"name":"wp","href":"https:\/\/api.w.org\/{rel}","templated":true}]}}