{"id":158317,"date":"2025-12-18T23:58:21","date_gmt":"2025-12-18T20:58:21","guid":{"rendered":"https:\/\/baldumarket.lt\/product\/szafka-kuchenna-dolna-otwarta-d20p-aspen-grey-bialy-mat\/"},"modified":"2026-02-06T19:54:39","modified_gmt":"2026-02-06T16:54:39","slug":"szafka-kuchenna-dolna-otwarta-d20p-aspen-grey-bialy-mat","status":"publish","type":"product","link":"https:\/\/baldumarket.lt\/lt\/product\/szafka-kuchenna-dolna-otwarta-d20p-aspen-grey-bialy-mat\/","title":{"rendered":"Apatin\u0117 atvira virtuv\u0117s spintel\u0117 D20P drebul\u0117s pilka matin\u0117 balta"},"content":{"rendered":"<p>Pristatome atviro plano virtuv\u0117s spintel\u0119 \u201eD20P Aspen Grey\u201c matin\u0117s baltos spalvos \u2013 tai tobulas modernaus stiliaus ir funkcionalumo derinys. \u0160i unikali spintel\u0117 puikiai tinka ie\u0161kantiems minimalistinio dizaino su klasikinio \u017eavesio prieskoniu. Matin\u0117s baltos spalvos korpusas gra\u017eiai atspindi \u0161vies\u0105, suteikdamas virtuvei ry\u0161kumo ir erdv\u0117s. \u201eGa\u0142a Meble\u201c kruop\u0161\u010diai suk\u016br\u0117 kiekvien\u0105 detal\u0119, sukurdama bald\u0105, kuris ne tik puikiai atrodo, bet ir si\u016blo prakti\u0161kus sprendimus j\u016bs\u0173 virtuvei.<\/p>\n<p>\u0160i spintel\u0117, pasi\u017eyminti elegancija ir paprastumu, puikiai dera prie modernaus interjero. Nesvarbu, ar j\u016bs\u0173 virtuv\u0117 skandinavi\u0161ko, ar labiau industrinio stiliaus, \u0161i spintel\u0117 suteiks subtil\u0173, ta\u010diau i\u0161skirtin\u012f akcent\u0105. Unikalus dizainas kartu su funkcionaliu interjeru pakelia bet kurios virtuv\u0117s estetik\u0105. Atvira \u0161ios spintel\u0117s erdv\u0117 leid\u017eia lengvai susitvarkyti daiktus ir greitai pasiekti b\u016btiniausius daiktus, o tai nepaprastai naudinga kasdien naudojant.<\/p>\n<p>Funkcionalumas yra pagrindinis \u0161ios spintel\u0117s dizaino aspektas. Reguliuojamo auk\u0161\u010dio kojel\u0117s gali b\u016bti nuo 10 iki 12,5 cm, tod\u0117l galite pritaikyti spintel\u0119 prie savo poreiki\u0173 ir virtuv\u0117s dizaino. Tai ne\u012fkainojamas sprendimas, supaprastinantis kasdien\u012f gyvenim\u0105 ir leid\u017eiantis dar geriau valdyti virtuv\u0117s erdv\u0119. Be to, korpusas, pagamintas i\u0161 auk\u0161tos kokyb\u0117s laminuotos plok\u0161t\u0117s, garantuoja patvarum\u0105 ir atsparum\u0105 kasdieniam d\u0117v\u0117jimuisi, tod\u0117l spintel\u0117 daugel\u012f met\u0173 atrodys puikiai.<\/p>\n<p>D20P Aspen Grey spintel\u0117 sukurta savaranki\u0161kam surinkimui, o tai rei\u0161kia, kad montavimas yra paprastas net ir tiems, kurie turi ma\u017eiau bald\u0173 surinkimo patirties. Ai\u0161kios instrukcijos ir tiksliai pagaminti komponentai leid\u017eia greitai ir lengvai surinkti, tod\u0117l beveik i\u0161 karto gal\u0117site m\u0117gautis nauju virtuv\u0117s aksesuaru. \u0160i spintel\u0117 yra ne tik gra\u017ei, bet ir patogi naudoti, k\u0105 patirsite kiekvien\u0105 dien\u0105 naudodamiesi savo virtuv\u0117s erdve.<\/p>","protected":false},"excerpt":{"rendered":"<p>Plotis (cm): 20<br \/>\n\u016agis (cm): 82<br \/>\nGylis (cm): 45<\/p>","protected":false},"featured_media":158318,"comment_status":"open","ping_status":"open","template":"","meta":[],"product_brand":[],"product_cat":[9451,4106,9118],"product_tag":[],"class_list":{"0":"post-158317","1":"product","2":"type-product","3":"status-publish","4":"has-post-thumbnail","6":"product_cat-kitchen-system-aspen-grey","7":"product_cat-gala-meble","8":"product_cat-kitchen-cabinets","10":"first","11":"instock","12":"purchasable","13":"product-type-simple"},"_links":{"self":[{"href":"https:\/\/baldumarket.lt\/lt\/wp-json\/wp\/v2\/product\/158317","targetHints":{"allow":["GET"]}}],"collection":[{"href":"https:\/\/baldumarket.lt\/lt\/wp-json\/wp\/v2\/product"}],"about":[{"href":"https:\/\/baldumarket.lt\/lt\/wp-json\/wp\/v2\/types\/product"}],"replies":[{"embeddable":true,"href":"https:\/\/baldumarket.lt\/lt\/wp-json\/wp\/v2\/comments?post=158317"}],"wp:featuredmedia":[{"embeddable":true,"href":"https:\/\/baldumarket.lt\/lt\/wp-json\/wp\/v2\/media\/158318"}],"wp:attachment":[{"href":"https:\/\/baldumarket.lt\/lt\/wp-json\/wp\/v2\/media?parent=158317"}],"wp:term":[{"taxonomy":"product_brand","embeddable":true,"href":"https:\/\/baldumarket.lt\/lt\/wp-json\/wp\/v2\/product_brand?post=158317"},{"taxonomy":"product_cat","embeddable":true,"href":"https:\/\/baldumarket.lt\/lt\/wp-json\/wp\/v2\/product_cat?post=158317"},{"taxonomy":"product_tag","embeddable":true,"href":"https:\/\/baldumarket.lt\/lt\/wp-json\/wp\/v2\/product_tag?post=158317"}],"curies":[{"name":"wp","href":"https:\/\/api.w.org\/{rel}","templated":true}]}}