{"id":158314,"date":"2025-12-18T23:58:16","date_gmt":"2025-12-18T20:58:16","guid":{"rendered":"https:\/\/baldumarket.lt\/product\/szafka-kuchenna-dolna-otwarta-d20p-aspen-white-bialy-mat\/"},"modified":"2026-02-06T13:20:29","modified_gmt":"2026-02-06T10:20:29","slug":"szafka-kuchenna-dolna-otwarta-d20p-aspen-white-bialy-mat","status":"publish","type":"product","link":"https:\/\/baldumarket.lt\/lt\/product\/szafka-kuchenna-dolna-otwarta-d20p-aspen-white-bialy-mat\/","title":{"rendered":"Apatin\u0117 atvira virtuv\u0117s spintel\u0117 D20P drebul\u0117s balta matin\u0117"},"content":{"rendered":"<p>D20P Aspen White atvira apatin\u0117 virtuv\u0117s spintel\u0117 yra puikus pasirinkimas tiems, kurie savo virtuv\u0117je ie\u0161ko elegancijos ir funkcionalumo. Minimalistinis dizainas ir matin\u0117 balta apdaila puikiai tinka \u012fvairiems interjero dizainams, suteikdami erdvei modernumo, bet jaukumo.<\/p>\n<p>Spintel\u0117s estetika pabr\u0117\u017eia \u0161var\u0105 ir gaivum\u0105, suteikdama virtuvei erdvumo poj\u016bt\u012f. \u0160viesus atspalvis, sklindantis nuo laminuoto spintel\u0117s korpuso pavir\u0161iaus, sukuria tvarkingo efekto ir sustiprina erdv\u0117s poj\u016bt\u012f. Atviras dizainas leid\u017eia eksponuoti dekoratyvinius virtuv\u0117s aksesuarus ar da\u017enai naudojamus \u012frankius, kurie visada bus po ranka.<\/p>\n<p>Kalbant apie prakti\u0161kum\u0105, \u0161i spintel\u0117 neturi lygi\u0173. Reguliuojamos kojel\u0117s leid\u017eia lengvai reguliuoti auk\u0161t\u012f, tod\u0117l ji puikiai integruojasi \u012f likusi\u0105 virtuv\u0117s erdv\u0119. \u0160is sprendimas taip pat padeda palaikyti tvark\u0105 ir \u0161var\u0105, o tai labai svarbu bet kuriame funkcionaliame interjere.<\/p>\n<p>D\u0117l savaranki\u0161ko surinkimo galimyb\u0117s \u0161i spintel\u0117 yra tarsi d\u0117lion\u0117 suaugusiesiems \u2013 pasitenkinimas kuriant virtuv\u0117s element\u0105 patiems garantuotas. D\u0117l paprasto dizaino surinkimas yra greitas ir paprastas, o tai dar labiau padidina naudojimo paprastum\u0105 ir prakti\u0161kum\u0105.<\/p>\n<p>\u201eAspen White\u201c virtuv\u0117s spintel\u0119 verta rinktis ne tik d\u0117l estetikos ir funkcionalumo. Tai taip pat investicija \u012f auk\u0161tos kokyb\u0117s med\u017eiagas, kurios u\u017etikrins ilgalaik\u012f naudojim\u0105 ir i\u0161laikys nepriekai\u0161ting\u0105 i\u0161vaizd\u0105 ilgus metus.<\/p>","protected":false},"excerpt":{"rendered":"<p>Plotis (cm): 20<br \/>\n\u016agis (cm): 82<br \/>\nGylis (cm): 45<\/p>","protected":false},"featured_media":158315,"comment_status":"open","ping_status":"open","template":"","meta":[],"product_brand":[],"product_cat":[9445,4106,9118],"product_tag":[],"class_list":{"0":"post-158314","1":"product","2":"type-product","3":"status-publish","4":"has-post-thumbnail","6":"product_cat-kitchen-system-aspen-white","7":"product_cat-gala-meble","8":"product_cat-kitchen-cabinets","10":"first","11":"instock","12":"purchasable","13":"product-type-simple"},"_links":{"self":[{"href":"https:\/\/baldumarket.lt\/lt\/wp-json\/wp\/v2\/product\/158314","targetHints":{"allow":["GET"]}}],"collection":[{"href":"https:\/\/baldumarket.lt\/lt\/wp-json\/wp\/v2\/product"}],"about":[{"href":"https:\/\/baldumarket.lt\/lt\/wp-json\/wp\/v2\/types\/product"}],"replies":[{"embeddable":true,"href":"https:\/\/baldumarket.lt\/lt\/wp-json\/wp\/v2\/comments?post=158314"}],"wp:featuredmedia":[{"embeddable":true,"href":"https:\/\/baldumarket.lt\/lt\/wp-json\/wp\/v2\/media\/158315"}],"wp:attachment":[{"href":"https:\/\/baldumarket.lt\/lt\/wp-json\/wp\/v2\/media?parent=158314"}],"wp:term":[{"taxonomy":"product_brand","embeddable":true,"href":"https:\/\/baldumarket.lt\/lt\/wp-json\/wp\/v2\/product_brand?post=158314"},{"taxonomy":"product_cat","embeddable":true,"href":"https:\/\/baldumarket.lt\/lt\/wp-json\/wp\/v2\/product_cat?post=158314"},{"taxonomy":"product_tag","embeddable":true,"href":"https:\/\/baldumarket.lt\/lt\/wp-json\/wp\/v2\/product_tag?post=158314"}],"curies":[{"name":"wp","href":"https:\/\/api.w.org\/{rel}","templated":true}]}}