{"id":158311,"date":"2025-12-18T23:58:10","date_gmt":"2025-12-18T20:58:10","guid":{"rendered":"https:\/\/baldumarket.lt\/product\/szafka-kuchenna-dolna-otwarta-d20p-linea-grey-bialy-mat\/"},"modified":"2026-02-18T11:34:19","modified_gmt":"2026-02-18T08:34:19","slug":"szafka-kuchenna-dolna-otwarta-d20p-linea-grey-bialy-mat","status":"publish","type":"product","link":"https:\/\/baldumarket.lt\/lt\/product\/szafka-kuchenna-dolna-otwarta-d20p-linea-grey-bialy-mat\/","title":{"rendered":"Apatin\u0117 atvira virtuv\u0117s spintel\u0117 D20P Linea pilkai balta matin\u0117"},"content":{"rendered":"<p>Atraskite modern\u0173 savo virtuv\u0117s \u017eaves\u012f su \u201eLinea Grey\u201c atviro plano apatine spintele. Eleganti\u0161kas, matin\u0117s baltos spalvos korpusas suteikia klasikinio, bet kartu ir modernaus stiliaus akcent\u0105, skland\u017eiai derant\u012f prie \u012fvairi\u0173 interjero stili\u0173. Minimalistinis dizainas pagerina j\u016bs\u0173 virtuv\u0117s estetik\u0105 ir sukuria erdvumo bei \u0161viesumo poj\u016bt\u012f.<\/p>\n<p>\u0160ios spintel\u0117s funkcionalumas slypi atvirame dizaine. Ji leid\u017eia patogiai laikyti ir eksponuoti da\u017eniausiai naudojamus virtuv\u0117s reikmenis \u2013 nuo kulinarijos knyg\u0173 iki keramikos. Tai puikus sprendimas tiems, kurie vertina tvark\u0105 ir patogum\u0105 kasdieniame naudojime. Spintel\u0117 puikiai telpa \u012f siauras, vos 20 cm plo\u010dio erdves, tod\u0117l yra itin prakti\u0161kas bet kurios virtuv\u0117s papildymas.<\/p>\n<p>Pagaminta i\u0161 auk\u0161tos kokyb\u0117s laminuotos plok\u0161t\u0117s, \u201eLinea Grey\u201c spintel\u0117 u\u017etikrina patvarum\u0105 ir atsparum\u0105 kasdieniam d\u0117v\u0117jimuisi. J\u0105 taip pat lengva valyti, tod\u0117l ji daugel\u012f met\u0173 i\u0161liks gra\u017ei. Jos dizainas orientuotas \u012f funkcionalum\u0105, puikiai atitinkant\u012f \u0161iuolaikini\u0173 nam\u0173 \u016bki\u0173 poreikius.<\/p>\n<p>Reguliuojamos kojel\u0117s leid\u017eia reguliuoti spintel\u0117s auk\u0161t\u012f pagal individualius poreikius ir pageidavimus, u\u017etikrinant stabilum\u0105 ir darn\u0173 prigludim\u0105 prie \u012fvairi\u0173 grind\u0173 pavir\u0161i\u0173. \u201ePasidaryk pats\u201c entuziastams spintel\u0117 skirta savaranki\u0161kam surinkimui, suteikiant papildom\u0105 pasitenkinim\u0105 bendradarbiaujant virtuv\u0117s erdv\u0117je. \u0160i spintel\u0117 yra prakti\u0161kumo ir stiliaus sinonimas, atitinkanti i\u0161rankiausi\u0173 vartotoj\u0173 l\u016bkes\u010dius.<\/p>","protected":false},"excerpt":{"rendered":"<p>Plotis (cm): 20<br \/>\n\u016agis (cm): 82<br \/>\nGylis (cm): 45<\/p>","protected":false},"featured_media":158312,"comment_status":"open","ping_status":"open","template":"","meta":[],"product_brand":[],"product_cat":[9446,4106],"product_tag":[],"class_list":{"0":"post-158311","1":"product","2":"type-product","3":"status-publish","4":"has-post-thumbnail","6":"product_cat-kitchen-system-linea-white","7":"product_cat-gala-meble","9":"first","10":"instock","11":"purchasable","12":"product-type-simple"},"_links":{"self":[{"href":"https:\/\/baldumarket.lt\/lt\/wp-json\/wp\/v2\/product\/158311","targetHints":{"allow":["GET"]}}],"collection":[{"href":"https:\/\/baldumarket.lt\/lt\/wp-json\/wp\/v2\/product"}],"about":[{"href":"https:\/\/baldumarket.lt\/lt\/wp-json\/wp\/v2\/types\/product"}],"replies":[{"embeddable":true,"href":"https:\/\/baldumarket.lt\/lt\/wp-json\/wp\/v2\/comments?post=158311"}],"wp:featuredmedia":[{"embeddable":true,"href":"https:\/\/baldumarket.lt\/lt\/wp-json\/wp\/v2\/media\/158312"}],"wp:attachment":[{"href":"https:\/\/baldumarket.lt\/lt\/wp-json\/wp\/v2\/media?parent=158311"}],"wp:term":[{"taxonomy":"product_brand","embeddable":true,"href":"https:\/\/baldumarket.lt\/lt\/wp-json\/wp\/v2\/product_brand?post=158311"},{"taxonomy":"product_cat","embeddable":true,"href":"https:\/\/baldumarket.lt\/lt\/wp-json\/wp\/v2\/product_cat?post=158311"},{"taxonomy":"product_tag","embeddable":true,"href":"https:\/\/baldumarket.lt\/lt\/wp-json\/wp\/v2\/product_tag?post=158311"}],"curies":[{"name":"wp","href":"https:\/\/api.w.org\/{rel}","templated":true}]}}