{"id":158308,"date":"2025-12-18T23:58:05","date_gmt":"2025-12-18T20:58:05","guid":{"rendered":"https:\/\/baldumarket.lt\/product\/szafka-kuchenna-dolna-otwarta-d20p-linea-white-bialy-mat\/"},"modified":"2026-02-18T11:34:19","modified_gmt":"2026-02-18T08:34:19","slug":"szafka-kuchenna-dolna-otwarta-d20p-linea-white-bialy-mat","status":"publish","type":"product","link":"https:\/\/baldumarket.lt\/lt\/product\/szafka-kuchenna-dolna-otwarta-d20p-linea-white-bialy-mat\/","title":{"rendered":"Apatin\u0117 atvira virtuv\u0117s spintel\u0117 D20P Linea balta matin\u0117"},"content":{"rendered":"<p>Ie\u0161kote baldo, kuris puikiai papildyt\u0173 j\u016bs\u0173 virtuv\u0117s erdv\u0119, i\u0161laikydamas minimalistin\u012f stili\u0173? Atvira apatin\u0117 virtuv\u0117s spintel\u0117 \u201eLinea White D20P\u201c matin\u0117s baltos spalvos yra puikus sprendimas. D\u0117l kompakti\u0161ko, vos 20 cm plo\u010dio, ji puikiai telpa ma\u017eose erdv\u0117se ir leid\u017eia optimaliai i\u0161naudoti turim\u0105 erdv\u0119.<\/p>\n<p>Unikalus \u0161ios matin\u0117s baltos spintel\u0117s dizainas suteikia gaivumo ir elegancijos bet kokiam interjerui. Tiek korpusas, tiek priekin\u0117 dalis pagaminti i\u0161 auk\u0161tos kokyb\u0117s med\u017eiag\u0173, u\u017etikrinan\u010di\u0173 patvarum\u0105 ir estetik\u0105 ilgus metus. Geometrin\u0117s linijos ir moderni \u201eLinea White\u201c spintel\u0117s i\u0161vaizda traukia ak\u012f, tod\u0117l ji yra ne tik funkcionalus virtuv\u0117s elementas, bet ir tikra dekoratyvin\u0117 detal\u0117.<\/p>\n<p>\u0160io baldo prakti\u0161kumas taip pat nepalieka joki\u0173 pageidavim\u0173. Atvira spintel\u0117s erdv\u0117 leid\u017eia greitai ir patogiai pasiekti laikomus daiktus, o tai ypa\u010d naudinga kasdien naudojant. D\u0117l reguliuojam\u0173 kojeli\u0173 galite lengvai pritaikyti spintel\u0117s auk\u0161t\u012f pagal savo poreikius, u\u017etikrindami i\u0161skirtin\u012f komfort\u0105 ir lankstum\u0105 virtuv\u0117s i\u0161d\u0117styme.<\/p>\n<p>\u201eLinea White D20P\u201c atvira apatin\u0117 virtuv\u0117s spintel\u0117 yra ne tik funkcionali, bet ir lengvai surenkama. \u0160is baldas, sukurtas savaranki\u0161kam surinkimui, leid\u017eia j\u012f greitai ir be vargo surinkti net neturint speciali\u0173 \u012fg\u016bd\u017ei\u0173. U\u017etikrinkite komfort\u0105 ir stili\u0173 savo virtuv\u0117je su \u0161ia unikalia \u201eGa\u0142a Meble\u201c spintele.<\/p>","protected":false},"excerpt":{"rendered":"<p>Plotis (cm): 20<br \/>\n\u016agis (cm): 82<br \/>\nGylis (cm): 45<\/p>","protected":false},"featured_media":158309,"comment_status":"open","ping_status":"open","template":"","meta":[],"product_brand":[],"product_cat":[9446,4106],"product_tag":[],"class_list":{"0":"post-158308","1":"product","2":"type-product","3":"status-publish","4":"has-post-thumbnail","6":"product_cat-kitchen-system-linea-white","7":"product_cat-gala-meble","9":"first","10":"instock","11":"purchasable","12":"product-type-simple"},"_links":{"self":[{"href":"https:\/\/baldumarket.lt\/lt\/wp-json\/wp\/v2\/product\/158308","targetHints":{"allow":["GET"]}}],"collection":[{"href":"https:\/\/baldumarket.lt\/lt\/wp-json\/wp\/v2\/product"}],"about":[{"href":"https:\/\/baldumarket.lt\/lt\/wp-json\/wp\/v2\/types\/product"}],"replies":[{"embeddable":true,"href":"https:\/\/baldumarket.lt\/lt\/wp-json\/wp\/v2\/comments?post=158308"}],"wp:featuredmedia":[{"embeddable":true,"href":"https:\/\/baldumarket.lt\/lt\/wp-json\/wp\/v2\/media\/158309"}],"wp:attachment":[{"href":"https:\/\/baldumarket.lt\/lt\/wp-json\/wp\/v2\/media?parent=158308"}],"wp:term":[{"taxonomy":"product_brand","embeddable":true,"href":"https:\/\/baldumarket.lt\/lt\/wp-json\/wp\/v2\/product_brand?post=158308"},{"taxonomy":"product_cat","embeddable":true,"href":"https:\/\/baldumarket.lt\/lt\/wp-json\/wp\/v2\/product_cat?post=158308"},{"taxonomy":"product_tag","embeddable":true,"href":"https:\/\/baldumarket.lt\/lt\/wp-json\/wp\/v2\/product_tag?post=158308"}],"curies":[{"name":"wp","href":"https:\/\/api.w.org\/{rel}","templated":true}]}}