{"id":158304,"date":"2025-12-18T23:57:57","date_gmt":"2025-12-18T20:57:57","guid":{"rendered":"https:\/\/baldumarket.lt\/product\/szafka-kuchenna-dolna-otwarta-d20p-prowansja-bialy-mat\/"},"modified":"2026-02-08T10:06:28","modified_gmt":"2026-02-08T07:06:28","slug":"szafka-kuchenna-dolna-otwarta-d20p-prowansja-bialy-mat","status":"publish","type":"product","link":"https:\/\/baldumarket.lt\/lt\/product\/szafka-kuchenna-dolna-otwarta-d20p-prowansja-bialy-mat\/","title":{"rendered":"Apatin\u0117 atvira virtuv\u0117s spintel\u0117 D20P Provanso balta matin\u0117"},"content":{"rendered":"<p>\u012ene\u0161kite \u012f savo virtuv\u0119 unikal\u0173 Pranc\u016bzijos provincijos \u017eaves\u012f su atviro plano virtuv\u0117s spintele D20P Provence. Subtilus matinis baltas pavir\u0161ius suteikia gaivumo ir elegancijos, skland\u017eiai dera prie \u012fvairi\u0173 interjero stili\u0173. Minimalistinis dizainas paver\u010dia \u0161i\u0105 spintel\u0119 idealiu pasirinkimu tiems, kurie vertina paprastum\u0105 ir nesenstant\u012f stili\u0173.<\/p>\n<p>\u0160ios spintel\u0117s funkcionalumas yra tikras malonumas tiems, kurie vertina prakti\u0161kus virtuv\u0117s sprendimus. Nepaisant kompakti\u0161k\u0173 matmen\u0173, ji suteikia nepakei\u010diam\u0105 erdv\u0119 ma\u017eesniems virtuv\u0117s \u012frankiams ar kulinarijos knygoms, kurias visada norite tur\u0117ti po ranka. Lengvai prieinama atvira erdv\u0117 ne tik palengvina organizavim\u0105, bet ir suteikia interjerui dekoratyvumo.<\/p>\n<p>Auk\u0161tos kokyb\u0117s \u0161ios spintel\u0117s gamyba u\u017etikrina jos patvarum\u0105 ir atsparum\u0105 kasdieniam naudojimui. Laminuota plok\u0161t\u0117 u\u017etikrina ilgaam\u017ei\u0161kum\u0105, o reguliuojamos kojel\u0117s leid\u017eia puikiai reguliuoti auk\u0161t\u012f pagal individualius poreikius ir grind\u0173 nelygumus. Tai leid\u017eia lengvai integruoti \u0161i\u0105 spintel\u0119 \u012f bet kok\u012f virtuv\u0117s i\u0161planavim\u0105.<\/p>\n<p>\u201eD20P Provence\u201c virtuv\u0117s spintel\u0117 taip pat yra puikus \u201epasidaryk pats\u201c projektas. Lengvas surinkimas ne tik sutaupo surinkimo i\u0161laidas, bet ir suteikia pasitenkinim\u0105, lyg visk\u0105 darytum\u0117te patys. Su \u0161ia unikalia spintele suteikite savo virtuvei Provanso \u017eavesio ir m\u0117gaukit\u0117s prakti\u0161ku bei stilingu papildymu kiekvien\u0105 dien\u0105!<\/p>","protected":false},"excerpt":{"rendered":"<p>Plotis (cm): 20<br \/>\n\u016agis (cm): 82<br \/>\nGylis (cm): 45<\/p>","protected":false},"featured_media":158305,"comment_status":"open","ping_status":"open","template":"","meta":[],"product_brand":[],"product_cat":[9444,4106,9118],"product_tag":[],"class_list":{"0":"post-158304","1":"product","2":"type-product","3":"status-publish","4":"has-post-thumbnail","6":"product_cat-kitchen-system-prowansja-sosna-andersen","7":"product_cat-gala-meble","8":"product_cat-kitchen-cabinets","10":"first","11":"instock","12":"purchasable","13":"product-type-simple"},"_links":{"self":[{"href":"https:\/\/baldumarket.lt\/lt\/wp-json\/wp\/v2\/product\/158304","targetHints":{"allow":["GET"]}}],"collection":[{"href":"https:\/\/baldumarket.lt\/lt\/wp-json\/wp\/v2\/product"}],"about":[{"href":"https:\/\/baldumarket.lt\/lt\/wp-json\/wp\/v2\/types\/product"}],"replies":[{"embeddable":true,"href":"https:\/\/baldumarket.lt\/lt\/wp-json\/wp\/v2\/comments?post=158304"}],"wp:featuredmedia":[{"embeddable":true,"href":"https:\/\/baldumarket.lt\/lt\/wp-json\/wp\/v2\/media\/158305"}],"wp:attachment":[{"href":"https:\/\/baldumarket.lt\/lt\/wp-json\/wp\/v2\/media?parent=158304"}],"wp:term":[{"taxonomy":"product_brand","embeddable":true,"href":"https:\/\/baldumarket.lt\/lt\/wp-json\/wp\/v2\/product_brand?post=158304"},{"taxonomy":"product_cat","embeddable":true,"href":"https:\/\/baldumarket.lt\/lt\/wp-json\/wp\/v2\/product_cat?post=158304"},{"taxonomy":"product_tag","embeddable":true,"href":"https:\/\/baldumarket.lt\/lt\/wp-json\/wp\/v2\/product_tag?post=158304"}],"curies":[{"name":"wp","href":"https:\/\/api.w.org\/{rel}","templated":true}]}}