{"id":158301,"date":"2025-12-18T23:57:52","date_gmt":"2025-12-18T20:57:52","guid":{"rendered":"https:\/\/baldumarket.lt\/product\/szafka-kuchenna-dolna-otwarta-d20p-sycylia-andersen\/"},"modified":"2026-02-06T12:46:54","modified_gmt":"2026-02-06T09:46:54","slug":"szafka-kuchenna-dolna-otwarta-d20p-sycylia-andersen","status":"publish","type":"product","link":"https:\/\/baldumarket.lt\/lt\/product\/szafka-kuchenna-dolna-otwarta-d20p-sycylia-andersen\/","title":{"rendered":"Apatin\u0117 atvira virtuv\u0117s spintel\u0117 D20P Sicily Andersen"},"content":{"rendered":"<p>Virtuv\u0117s dekoravimas \u201eAndersen Sycylia\u201c kolekcijos baldais \u2013 tai b\u016bdas suteikti namams eleganti\u0161kos ir funkcionalios erdv\u0117s. Atvira apatin\u0117 virtuv\u0117s spintel\u0117 D20P pasi\u017eymi moderniu dizainu, kuris puikiai dera prie skandinavi\u0161ko interjero tiek ma\u017eose virtuv\u0117se, tiek erdviose virtuv\u0117l\u0117se. Matin\u0117s baltos spalvos korpusas ne tik vizualiai padidina erdv\u0119, bet ir suteikia jai gaivumo bei erdvumo poj\u016bt\u012f.<\/p>\n<p>U\u017etikrinkite lengv\u0105 prieig\u0105 prie da\u017enai naudojam\u0173 virtuv\u0117s reikmen\u0173, pasinaudodami atvira spintel\u0117s erdve. Tai ne tik taupo J\u016bs\u0173 laik\u0105, bet ir sukuria unikaliai stiling\u0105 papildym\u0105, kuris papildys bet kok\u012f virtuv\u0117s interjer\u0105. \u0160i spintel\u0117 puikiai tinka eleganti\u0161kiems stalo \u012frankiams, m\u0117gstamoms kulinarijos knygoms ar \u012fvairiems virtuv\u0117s \u012frankiams.<\/p>\n<p>Estetika ir funkcionalumas yra pagrindiniai \u0161io gaminio privalumai. D\u0117l kruop\u0161\u010diai apdirbtos laminuotos plok\u0161t\u0117s spintel\u0117 yra atspari \u012fbr\u0117\u017eimams ir lengvai valoma. Tai puikus sprendimas tiems, kurie vertina ir gro\u017e\u012f, ir prakti\u0161kum\u0105 kasdieniame naudojime.<\/p>\n<p>Pasirinkdami \u0161i\u0105 spintel\u0119, investuojate ne tik \u012f patraukl\u0173 bald\u0105, bet ir \u012f gamin\u012f, kuris visi\u0161kai atspindi \u0161iuolaikines interjero dizaino tendencijas. Be to, savaranki\u0161ko surinkimo galimyb\u0117 leid\u017eia greitai ir lengvai surinkti, akimirksniu pakeisdama j\u016bs\u0173 virtuv\u0117s i\u0161vaizd\u0105.<\/p>","protected":false},"excerpt":{"rendered":"<p>Plotis (cm): 20<br \/>\n\u016agis (cm): 82<br \/>\nGylis (cm): 45<\/p>","protected":false},"featured_media":158302,"comment_status":"open","ping_status":"open","template":"","meta":[],"product_brand":[],"product_cat":[9440,9441,4106,9118],"product_tag":[],"class_list":{"0":"post-158301","1":"product","2":"type-product","3":"status-publish","4":"has-post-thumbnail","6":"product_cat-kitchen-system-sycylia-sosna-andersen","7":"product_cat-white","8":"product_cat-gala-meble","9":"product_cat-kitchen-cabinets","11":"first","12":"instock","13":"purchasable","14":"product-type-simple"},"_links":{"self":[{"href":"https:\/\/baldumarket.lt\/lt\/wp-json\/wp\/v2\/product\/158301","targetHints":{"allow":["GET"]}}],"collection":[{"href":"https:\/\/baldumarket.lt\/lt\/wp-json\/wp\/v2\/product"}],"about":[{"href":"https:\/\/baldumarket.lt\/lt\/wp-json\/wp\/v2\/types\/product"}],"replies":[{"embeddable":true,"href":"https:\/\/baldumarket.lt\/lt\/wp-json\/wp\/v2\/comments?post=158301"}],"wp:featuredmedia":[{"embeddable":true,"href":"https:\/\/baldumarket.lt\/lt\/wp-json\/wp\/v2\/media\/158302"}],"wp:attachment":[{"href":"https:\/\/baldumarket.lt\/lt\/wp-json\/wp\/v2\/media?parent=158301"}],"wp:term":[{"taxonomy":"product_brand","embeddable":true,"href":"https:\/\/baldumarket.lt\/lt\/wp-json\/wp\/v2\/product_brand?post=158301"},{"taxonomy":"product_cat","embeddable":true,"href":"https:\/\/baldumarket.lt\/lt\/wp-json\/wp\/v2\/product_cat?post=158301"},{"taxonomy":"product_tag","embeddable":true,"href":"https:\/\/baldumarket.lt\/lt\/wp-json\/wp\/v2\/product_tag?post=158301"}],"curies":[{"name":"wp","href":"https:\/\/api.w.org\/{rel}","templated":true}]}}