{"id":158298,"date":"2025-12-18T23:57:46","date_gmt":"2025-12-18T20:57:46","guid":{"rendered":"https:\/\/baldumarket.lt\/product\/szafka-kuchenna-dolna-otwarta-d20p-sycylia-orzech\/"},"modified":"2026-02-06T14:32:44","modified_gmt":"2026-02-06T11:32:44","slug":"szafka-kuchenna-dolna-otwarta-d20p-sycylia-orzech","status":"publish","type":"product","link":"https:\/\/baldumarket.lt\/lt\/product\/szafka-kuchenna-dolna-otwarta-d20p-sycylia-orzech\/","title":{"rendered":"Apatin\u0117 atvira virtuv\u0117s spintel\u0117 D20P Sicily Walnut"},"content":{"rendered":"<p>Atraskite elegancij\u0105 ir funkcionalum\u0105 su atviro plano virtuv\u0117s spintele D20P i\u0161 garsaus \u201eGa\u0142a Meble\u201c prek\u0117s \u017eenklo \u201eSycylia\u201c kolekcijos. \u0160is unikalus baldas yra ne tik prakti\u0161kas sprendimas bet kuriai virtuvei, bet ir tikras meno k\u016brinys, suteiksiantis j\u016bs\u0173 interjerui unikal\u0173 stili\u0173. Milano rie\u0161utmed\u017eio spalvos apdaila puikiai i\u0161ry\u0161kina klasikines detales ir nat\u016bral\u0173 medienos gro\u017e\u012f.<\/p>\n<p>Svarbu ne tik i\u0161or\u0117, bet ir \u201eSycylia\u201c virtuv\u0117s spintel\u0117s prakti\u0161kumas. Ji puikiai tinka kaip didesnio virtuv\u0117s komplekto dalis arba kaip atskiras dekoratyvinis elementas, leid\u017eiantis laikyti b\u016btiniausius daiktus lengvai pasiekiamu atstumu. Kompakti\u0161ki matmenys \u2013 20 cm plo\u010dio, 82 cm auk\u0161\u010dio ir 45 cm gylio \u2013 leid\u017eia j\u0105 lengvai pritaikyti net ir reikliausiose erdv\u0117se.<\/p>\n<p>Spintel\u0117 pagaminta i\u0161 laminuotos plok\u0161t\u0117s, tod\u0117l yra patvari ir lengvai valoma. \u0160i patvari med\u017eiaga garantuoja, kad j\u016bs\u0173 pirkinys tarnaus ilgus metus, nepriklausomai nuo to, kaip da\u017enai jis bus naudojamas. Be to, rie\u0161utmed\u017eio atspalvis suteikia \u0161ilumos ir harmonijos, efektyviai dera tiek su moderniu, tiek su tradiciniu interjeru. \u201eGa\u0142a Meble\u201c si\u016blo savaranki\u0161kai surenkam\u0105 spintel\u0119 \u2013 prakti\u0161k\u0105 sprendim\u0105 tiems, kurie vertina individual\u0173 po\u017ei\u016br\u012f ir pasitenkinim\u0105 kuriant savo erdv\u0119. Surinkimas yra intuityvus, o pateiktos nuoseklios instrukcijos pad\u0117s jums atlikti vis\u0105 proces\u0105. I\u0161skirtinis funkcionalumas ir unikalus dizainas paver\u010dia \u0161i\u0105 spintel\u0119 nepakei\u010diamu modernios virtuv\u0117s elementu.<\/p>","protected":false},"excerpt":{"rendered":"<p>Plotis (cm): 20<br \/>\n\u016agis (cm): 82<br \/>\nGylis (cm): 45<\/p>","protected":false},"featured_media":158299,"comment_status":"open","ping_status":"open","template":"","meta":[],"product_brand":[],"product_cat":[9450,4106,9118],"product_tag":[],"class_list":{"0":"post-158298","1":"product","2":"type-product","3":"status-publish","4":"has-post-thumbnail","6":"product_cat-kitchen-system-sycylia-orzech-milano","7":"product_cat-gala-meble","8":"product_cat-kitchen-cabinets","10":"first","11":"instock","12":"purchasable","13":"product-type-simple"},"_links":{"self":[{"href":"https:\/\/baldumarket.lt\/lt\/wp-json\/wp\/v2\/product\/158298","targetHints":{"allow":["GET"]}}],"collection":[{"href":"https:\/\/baldumarket.lt\/lt\/wp-json\/wp\/v2\/product"}],"about":[{"href":"https:\/\/baldumarket.lt\/lt\/wp-json\/wp\/v2\/types\/product"}],"replies":[{"embeddable":true,"href":"https:\/\/baldumarket.lt\/lt\/wp-json\/wp\/v2\/comments?post=158298"}],"wp:featuredmedia":[{"embeddable":true,"href":"https:\/\/baldumarket.lt\/lt\/wp-json\/wp\/v2\/media\/158299"}],"wp:attachment":[{"href":"https:\/\/baldumarket.lt\/lt\/wp-json\/wp\/v2\/media?parent=158298"}],"wp:term":[{"taxonomy":"product_brand","embeddable":true,"href":"https:\/\/baldumarket.lt\/lt\/wp-json\/wp\/v2\/product_brand?post=158298"},{"taxonomy":"product_cat","embeddable":true,"href":"https:\/\/baldumarket.lt\/lt\/wp-json\/wp\/v2\/product_cat?post=158298"},{"taxonomy":"product_tag","embeddable":true,"href":"https:\/\/baldumarket.lt\/lt\/wp-json\/wp\/v2\/product_tag?post=158298"}],"curies":[{"name":"wp","href":"https:\/\/api.w.org\/{rel}","templated":true}]}}