{"id":158294,"date":"2025-12-18T23:57:39","date_gmt":"2025-12-18T20:57:39","guid":{"rendered":"https:\/\/baldumarket.lt\/product\/szafka-kuchenna-dolna-otwarta-d20w-aspen-grey-bialy-mat\/"},"modified":"2026-02-06T19:54:39","modified_gmt":"2026-02-06T16:54:39","slug":"szafka-kuchenna-dolna-otwarta-d20w-aspen-grey-bialy-mat","status":"publish","type":"product","link":"https:\/\/baldumarket.lt\/lt\/product\/szafka-kuchenna-dolna-otwarta-d20w-aspen-grey-bialy-mat\/","title":{"rendered":"Apatin\u0117 atvira virtuv\u0117s spintel\u0117 D20W drebul\u0117s pilka matin\u0117 balta"},"content":{"rendered":"<p>Suteikite savo virtuvei elegancijos ir funkcionalumo su garsaus \u201eGa\u0142a Meble\u201c prek\u0117s \u017eenklo \u201eAspen Grey\u201c atvira virtuv\u0117s spintele. Jos modernus dizainas ir subtili matin\u0117 balta spalva suteiks stiliaus bet kokiam interjerui, tapdama ne tik prakti\u0161ku, bet ir esteti\u0161kai patraukliu elementu. Tai puiki vieta laikyti da\u017enai naudojamus daiktus, tuo pa\u010diu pabr\u0117\u017eiant estetin\u012f poj\u016bt\u012f.<\/p>\n<p>D\u0117l modulinio dizaino \u0161i spintel\u0117 leid\u017eia j\u0105 lanks\u010diai i\u0161d\u0117styti ir pritaikyti pagal individualius naudotojo poreikius. B\u016bdama apatine virtuv\u0117s dalimi, ji suteikia patogi\u0105 prieig\u0105 prie b\u016btiniausi\u0173 daikt\u0173 ir leid\u017eia greitai paruo\u0161ti maist\u0105. D\u0117l kompakti\u0161k\u0173 matmen\u0173 ji idealiai tinka ma\u017eesn\u0117ms erdv\u0117ms neprarandant funkcionalumo.<\/p>\n<p>Pagaminta i\u0161 auk\u0161tos kokyb\u0117s laminuotos plok\u0161t\u0117s, \u0161i spintel\u0117 yra patvari ir atspari kasdieniam d\u0117v\u0117jimuisi. Matin\u0117s baltos spalvos korpusas suteikia interjerui lengvumo ir gaivos poj\u016bt\u012f, harmoningai susilieja su kitais virtuv\u0117s elementais. Ji puikiai papildo tiek skandinavi\u0161ko stiliaus, tiek modernias virtuves.<\/p>\n<p>\u0160ios spintel\u0117s montavimas buvo suplanuotas galvojant apie naudotoj\u0105. Savaranki\u0161kas surinkimas ne tik leid\u017eia pasim\u0117gauti paties baldo suk\u016brimu, bet ir suasmeninti pagal savo pageidavimus. Su \u201eAspen Grey\u201c virtuv\u0117s spintele sukursite erdv\u0119, kuri bus ne tik funkcionali, bet ir jauki vieta praleisti laik\u0105 su \u0161eima.<\/p>","protected":false},"excerpt":{"rendered":"<p>Plotis (cm): 20<br \/>\n\u016agis (cm): 82<br \/>\nGylis (cm): 45<\/p>","protected":false},"featured_media":158295,"comment_status":"open","ping_status":"open","template":"","meta":[],"product_brand":[],"product_cat":[9451,4106,9118],"product_tag":[],"class_list":{"0":"post-158294","1":"product","2":"type-product","3":"status-publish","4":"has-post-thumbnail","6":"product_cat-kitchen-system-aspen-grey","7":"product_cat-gala-meble","8":"product_cat-kitchen-cabinets","10":"first","11":"instock","12":"purchasable","13":"product-type-simple"},"_links":{"self":[{"href":"https:\/\/baldumarket.lt\/lt\/wp-json\/wp\/v2\/product\/158294","targetHints":{"allow":["GET"]}}],"collection":[{"href":"https:\/\/baldumarket.lt\/lt\/wp-json\/wp\/v2\/product"}],"about":[{"href":"https:\/\/baldumarket.lt\/lt\/wp-json\/wp\/v2\/types\/product"}],"replies":[{"embeddable":true,"href":"https:\/\/baldumarket.lt\/lt\/wp-json\/wp\/v2\/comments?post=158294"}],"wp:featuredmedia":[{"embeddable":true,"href":"https:\/\/baldumarket.lt\/lt\/wp-json\/wp\/v2\/media\/158295"}],"wp:attachment":[{"href":"https:\/\/baldumarket.lt\/lt\/wp-json\/wp\/v2\/media?parent=158294"}],"wp:term":[{"taxonomy":"product_brand","embeddable":true,"href":"https:\/\/baldumarket.lt\/lt\/wp-json\/wp\/v2\/product_brand?post=158294"},{"taxonomy":"product_cat","embeddable":true,"href":"https:\/\/baldumarket.lt\/lt\/wp-json\/wp\/v2\/product_cat?post=158294"},{"taxonomy":"product_tag","embeddable":true,"href":"https:\/\/baldumarket.lt\/lt\/wp-json\/wp\/v2\/product_tag?post=158294"}],"curies":[{"name":"wp","href":"https:\/\/api.w.org\/{rel}","templated":true}]}}