{"id":158291,"date":"2025-12-18T23:57:33","date_gmt":"2025-12-18T20:57:33","guid":{"rendered":"https:\/\/baldumarket.lt\/product\/szafka-kuchenna-dolna-otwarta-d20w-aspen-white-bialy-mat\/"},"modified":"2026-02-18T11:30:34","modified_gmt":"2026-02-18T08:30:34","slug":"szafka-kuchenna-dolna-otwarta-d20w-aspen-white-bialy-mat","status":"publish","type":"product","link":"https:\/\/baldumarket.lt\/lt\/product\/szafka-kuchenna-dolna-otwarta-d20w-aspen-white-bialy-mat\/","title":{"rendered":"Apatin\u0117 atvira virtuv\u0117s spintel\u0117 D20W Aspen White Matt"},"content":{"rendered":"<p>Vadovaujantis minimalizmo ir funkcionalumo principais, \u201eGa\u0142a Meble\u201c matin\u0117s baltos spalvos virtuv\u0117s spintel\u0117 D20W Aspen White yra puikus pasirinkimas tiems, kurie vertina elegancij\u0105 ir paprastum\u0105. Jos nepriekai\u0161tinga balta spalva vizualiai i\u0161ple\u010dia virtuv\u0117s erdv\u0119, suteikdama bet kokiam interjerui gaivumo ir ry\u0161kumo. Ji puikiai tinka modernaus interjero m\u0117g\u0117jams, ta\u010diau taip pat dera su klasikiniu dizainu.<\/p>\n<p>Universalus \u0161ios spintel\u0117s dizainas u\u017etikrina jos universalum\u0105. Plona ir prakti\u0161ka, ji puikiai telpa bet kurioje tu\u0161\u010dioje ni\u0161oje, maksimaliai i\u0161naudodama turim\u0105 erdv\u0119. Virtuv\u0117je ji gali tapti puikiu kasdienio naudojimo daikt\u0173 laikymo sprendimu, sukurian\u010diu organizuot\u0105 ir harmoning\u0105 erdv\u0119. D\u0117l atviro dizaino lengvai pasieksite m\u0117gstamus prieskonius ir virtuv\u0117s reikmenis.<\/p>\n<p>\u201eAspen White\u201c apatin\u0117 spintel\u0117 si\u016blo esteti\u0161kai patraukl\u0173 sprendim\u0105, kuris papuo\u0161 bet kuri\u0105 virtuv\u0119. Lengvas dizainas ir matin\u0117 apdaila suteikia interjerui subtilumo ir kartu sukuria tvarkos bei \u0161varos atmosfer\u0105. Reguliuojamos kojel\u0117s leid\u017eia pritaikyti spintel\u0119 prie bet kokio pavir\u0161iaus, u\u017etikrinant stabilum\u0105 ir patogum\u0105 kasdieniam naudojimui. Nepaisant lengvos i\u0161vaizdos, naudojamos med\u017eiagos garantuoja patvarum\u0105 ir patikimum\u0105 ilgalaikiam naudojimui.<\/p>\n<p>Produktas sukurtas savaranki\u0161kam surinkimui, o tai yra papildomas privalumas tiems, kurie m\u0117gsta suasmeninti savo interjer\u0105. Paprastos instrukcijos ir gerai suderinti komponentai leid\u017eia m\u0117gautis nauju virtuv\u0117s dizainu be nereikaling\u0173 komplikacij\u0173. D20W Aspen White spintel\u0117 sujungia estetik\u0105, funkcionalum\u0105 ir prieinam\u0105 dizain\u0105, tod\u0117l tai puikus pasirinkimas visiems, norintiems pabr\u0117\u017eti savo nam\u0173 interjero unikalum\u0105.<\/p>","protected":false},"excerpt":{"rendered":"<p>Plotis (cm): 20<br \/>\n\u016agis (cm): 82<br \/>\nGylis (cm): 45<\/p>","protected":false},"featured_media":158292,"comment_status":"open","ping_status":"open","template":"","meta":[],"product_brand":[],"product_cat":[9445,4106],"product_tag":[],"class_list":{"0":"post-158291","1":"product","2":"type-product","3":"status-publish","4":"has-post-thumbnail","6":"product_cat-kitchen-system-aspen-white","7":"product_cat-gala-meble","9":"first","10":"instock","11":"purchasable","12":"product-type-simple"},"_links":{"self":[{"href":"https:\/\/baldumarket.lt\/lt\/wp-json\/wp\/v2\/product\/158291","targetHints":{"allow":["GET"]}}],"collection":[{"href":"https:\/\/baldumarket.lt\/lt\/wp-json\/wp\/v2\/product"}],"about":[{"href":"https:\/\/baldumarket.lt\/lt\/wp-json\/wp\/v2\/types\/product"}],"replies":[{"embeddable":true,"href":"https:\/\/baldumarket.lt\/lt\/wp-json\/wp\/v2\/comments?post=158291"}],"wp:featuredmedia":[{"embeddable":true,"href":"https:\/\/baldumarket.lt\/lt\/wp-json\/wp\/v2\/media\/158292"}],"wp:attachment":[{"href":"https:\/\/baldumarket.lt\/lt\/wp-json\/wp\/v2\/media?parent=158291"}],"wp:term":[{"taxonomy":"product_brand","embeddable":true,"href":"https:\/\/baldumarket.lt\/lt\/wp-json\/wp\/v2\/product_brand?post=158291"},{"taxonomy":"product_cat","embeddable":true,"href":"https:\/\/baldumarket.lt\/lt\/wp-json\/wp\/v2\/product_cat?post=158291"},{"taxonomy":"product_tag","embeddable":true,"href":"https:\/\/baldumarket.lt\/lt\/wp-json\/wp\/v2\/product_tag?post=158291"}],"curies":[{"name":"wp","href":"https:\/\/api.w.org\/{rel}","templated":true}]}}