{"id":158288,"date":"2025-12-18T23:57:28","date_gmt":"2025-12-18T20:57:28","guid":{"rendered":"https:\/\/baldumarket.lt\/product\/szafka-kuchenna-dolna-otwarta-d20w-linea-grey-bialy-mat\/"},"modified":"2026-02-18T11:34:19","modified_gmt":"2026-02-18T08:34:19","slug":"szafka-kuchenna-dolna-otwarta-d20w-linea-grey-bialy-mat","status":"publish","type":"product","link":"https:\/\/baldumarket.lt\/lt\/product\/szafka-kuchenna-dolna-otwarta-d20w-linea-grey-bialy-mat\/","title":{"rendered":"Apatin\u0117 atvira virtuv\u0117s spintel\u0117 D20W Linea pilkai balta matin\u0117"},"content":{"rendered":"<p>Garsaus prek\u0117s \u017eenklo \u201eGa\u0142a Meble\u201c atviro plano virtuv\u0117s spintel\u0117je \u201eD20W Linea Grey\u201c susitinka elegancija ir funkcionalumas. Modernus dizainas ir subtili matin\u0117 balta apdaila puikiai der\u0117s prie bet kokio interjero, suteikdami virtuvei unikal\u0173 charakter\u012f. Paprasta forma tinka tiek minimalistiniam, tiek klasikiniam dizainui.<\/p>\n<p>\u0160i virtuv\u0117s spintel\u0117 yra tikras perlas, kai kalbama apie efektyv\u0173 erdv\u0117s panaudojim\u0105. D\u0117l savo proporcij\u0173 ji lengvai tilps beveik bet kurioje virtuv\u0117je neprarandant eleganti\u0161kos i\u0161vaizdos. Apgalvotas dizainas atsi\u017evelgia \u012f kasdienius poreikius, suteikdamas vietos visiems b\u016btiniausiems daiktams, kuriuos norite tur\u0117ti po ranka.<\/p>\n<p>Spintel\u0117s prakti\u0161kum\u0105 padidina laminuotos plok\u0161t\u0117s konstrukcija, u\u017etikrinanti patvarum\u0105 ir lengv\u0105 valym\u0105. Papildomas privalumas \u2013 reguliuojamo auk\u0161\u010dio kojel\u0117s, leid\u017eian\u010dios spintel\u0119 lengvai pritaikyti prie individuali\u0173 poreiki\u0173. \u0160i funkcija leid\u017eia idealiai sulygiuoti \u012frengin\u012f su grindimis, taip padidinant komfort\u0105.<\/p>\n<p>\u0160is savaranki\u0161kai surenkamas gaminys suteikia pasitenkinim\u0105, lyg \u012frengin\u012f surinktum\u0117te patys. Surinkimo procesas yra intuityvus, tod\u0117l galite greitai m\u0117gautis jo privalumais. \u201eLinea Grey\u201c spintel\u0117 yra ne tik prakti\u0161kas virtuv\u0117s \u012frenginys, bet ir unikali j\u016bs\u0173 nam\u0173 puo\u0161mena.<\/p>","protected":false},"excerpt":{"rendered":"<p>Plotis (cm): 20<br \/>\n\u016agis (cm): 82<br \/>\nGylis (cm): 45<\/p>","protected":false},"featured_media":158289,"comment_status":"open","ping_status":"open","template":"","meta":[],"product_brand":[],"product_cat":[9446,4106],"product_tag":[],"class_list":{"0":"post-158288","1":"product","2":"type-product","3":"status-publish","4":"has-post-thumbnail","6":"product_cat-kitchen-system-linea-white","7":"product_cat-gala-meble","9":"first","10":"instock","11":"purchasable","12":"product-type-simple"},"_links":{"self":[{"href":"https:\/\/baldumarket.lt\/lt\/wp-json\/wp\/v2\/product\/158288","targetHints":{"allow":["GET"]}}],"collection":[{"href":"https:\/\/baldumarket.lt\/lt\/wp-json\/wp\/v2\/product"}],"about":[{"href":"https:\/\/baldumarket.lt\/lt\/wp-json\/wp\/v2\/types\/product"}],"replies":[{"embeddable":true,"href":"https:\/\/baldumarket.lt\/lt\/wp-json\/wp\/v2\/comments?post=158288"}],"wp:featuredmedia":[{"embeddable":true,"href":"https:\/\/baldumarket.lt\/lt\/wp-json\/wp\/v2\/media\/158289"}],"wp:attachment":[{"href":"https:\/\/baldumarket.lt\/lt\/wp-json\/wp\/v2\/media?parent=158288"}],"wp:term":[{"taxonomy":"product_brand","embeddable":true,"href":"https:\/\/baldumarket.lt\/lt\/wp-json\/wp\/v2\/product_brand?post=158288"},{"taxonomy":"product_cat","embeddable":true,"href":"https:\/\/baldumarket.lt\/lt\/wp-json\/wp\/v2\/product_cat?post=158288"},{"taxonomy":"product_tag","embeddable":true,"href":"https:\/\/baldumarket.lt\/lt\/wp-json\/wp\/v2\/product_tag?post=158288"}],"curies":[{"name":"wp","href":"https:\/\/api.w.org\/{rel}","templated":true}]}}