{"id":158285,"date":"2025-12-18T23:57:22","date_gmt":"2025-12-18T20:57:22","guid":{"rendered":"https:\/\/baldumarket.lt\/product\/szafka-kuchenna-dolna-otwarta-d20w-linea-white-bialy-mat\/"},"modified":"2026-02-18T11:34:19","modified_gmt":"2026-02-18T08:34:19","slug":"szafka-kuchenna-dolna-otwarta-d20w-linea-white-bialy-mat","status":"publish","type":"product","link":"https:\/\/baldumarket.lt\/lt\/product\/szafka-kuchenna-dolna-otwarta-d20w-linea-white-bialy-mat\/","title":{"rendered":"Apatin\u0117 atvira virtuv\u0117s spintel\u0117 D20W Linea balta matin\u0117"},"content":{"rendered":"<p>Pagyvinkite savo virtuv\u0119 moderniu elegancijos prisilietimu su \u201eLinea White D20W\u201c atviro plano virtuv\u0117s spintele i\u0161 garsaus prek\u0117s \u017eenklo \u201eGa\u0142a Meble\u201c. \u0160i matin\u0117s baltos spalvos spintel\u0117 pasi\u017eymi minimalistiniu dizainu, kuris skland\u017eiai \u012fsilies \u012f bet kok\u012f interjer\u0105, suteikdamas jai lengvumo ir stiliaus. Subtilus matin\u0117s baltos spalvos pavir\u0161ius paver\u010dia spintel\u0119 universaliu baldu, puikiai tinkan\u010diu tiek moderniam, tiek klasikiniam virtuv\u0117s dizainui.<\/p>\n<p>D\u0117l kompakti\u0161ko 20 cm plo\u010dio \u201eLinea White D20W\u201c atviro plano virtuv\u0117s spintel\u0117 puikiai tinka ma\u017eesn\u0117ms erdv\u0117ms, nes leid\u017eia optimaliai i\u0161naudoti turim\u0105 erdv\u0119. Atviras dizainas yra ne tik esteti\u0161kai patrauklus, bet ir prakti\u0161kas, leid\u017eia lengvai pasiekti laikomus daiktus ir u\u017etikrina nuolat \u0161vari\u0105 virtuv\u0117s i\u0161vaizd\u0105.<\/p>\n<p>\u0160ios spintel\u0117s prakti\u0161kum\u0105 padidina reguliuojamos kojel\u0117s, leid\u017eian\u010dios reguliuoti spintel\u0117s auk\u0161t\u012f pagal individualius poreikius, u\u017etikrinant stabilum\u0105 ant bet kokio pavir\u0161iaus. D\u0117l savaranki\u0161ko surinkimo galimyb\u0117s spintel\u0119 galite lengvai surinkti pagal savo poreikius, tod\u0117l tai idealus sprendimas tiems, kurie vertina funkcionalum\u0105 ir lankstum\u0105.<\/p>\n<p>Pagaminta i\u0161 auk\u0161tos kokyb\u0117s med\u017eiag\u0173, toki\u0173 kaip MDF priekin\u0117 dalis ir laminuota korpusas, \u201eLinea White D20W\u201c spintel\u0117 garantuoja patvarum\u0105 ir tvirtum\u0105 ilgus metus. \u0160i\u0173 patvari\u0173 med\u017eiag\u0173 derinys sukuria eleganti\u0161k\u0105 i\u0161vaizd\u0105, kurios sunku rasti kituose gaminiuose. \u0160i spintel\u0117 yra ne tik gra\u017eus, bet ir prakti\u0161kas j\u016bs\u0173 virtuv\u0117s papildymas.<\/p>\n<p>Pasirinkdami \u201eLinea White D20W\u201c apatin\u0119 spintel\u0119, investuojate \u012f sprendim\u0105, kuris apjungia estetik\u0105, funkcionalum\u0105 ir kokyb\u0119. Tai puikus b\u016bdas sukurti virtuv\u0119, kuri b\u016bt\u0173 ne tik gra\u017ei, bet ir visi\u0161kai funkcionali, pritaikyta j\u016bs\u0173 kasdieniams poreikiams. U\u017etikrinkite komfort\u0105 ir modern\u0173 virtuv\u0117s vaizd\u0105 su \u0161ia unikalia spintele.<\/p>","protected":false},"excerpt":{"rendered":"<p>Plotis (cm): 20<br \/>\n\u016agis (cm): 82<br \/>\nGylis (cm): 45<\/p>","protected":false},"featured_media":158286,"comment_status":"open","ping_status":"open","template":"","meta":[],"product_brand":[],"product_cat":[9446,4106],"product_tag":[],"class_list":{"0":"post-158285","1":"product","2":"type-product","3":"status-publish","4":"has-post-thumbnail","6":"product_cat-kitchen-system-linea-white","7":"product_cat-gala-meble","9":"first","10":"instock","11":"purchasable","12":"product-type-simple"},"_links":{"self":[{"href":"https:\/\/baldumarket.lt\/lt\/wp-json\/wp\/v2\/product\/158285","targetHints":{"allow":["GET"]}}],"collection":[{"href":"https:\/\/baldumarket.lt\/lt\/wp-json\/wp\/v2\/product"}],"about":[{"href":"https:\/\/baldumarket.lt\/lt\/wp-json\/wp\/v2\/types\/product"}],"replies":[{"embeddable":true,"href":"https:\/\/baldumarket.lt\/lt\/wp-json\/wp\/v2\/comments?post=158285"}],"wp:featuredmedia":[{"embeddable":true,"href":"https:\/\/baldumarket.lt\/lt\/wp-json\/wp\/v2\/media\/158286"}],"wp:attachment":[{"href":"https:\/\/baldumarket.lt\/lt\/wp-json\/wp\/v2\/media?parent=158285"}],"wp:term":[{"taxonomy":"product_brand","embeddable":true,"href":"https:\/\/baldumarket.lt\/lt\/wp-json\/wp\/v2\/product_brand?post=158285"},{"taxonomy":"product_cat","embeddable":true,"href":"https:\/\/baldumarket.lt\/lt\/wp-json\/wp\/v2\/product_cat?post=158285"},{"taxonomy":"product_tag","embeddable":true,"href":"https:\/\/baldumarket.lt\/lt\/wp-json\/wp\/v2\/product_tag?post=158285"}],"curies":[{"name":"wp","href":"https:\/\/api.w.org\/{rel}","templated":true}]}}