{"id":158281,"date":"2025-12-18T23:57:14","date_gmt":"2025-12-18T20:57:14","guid":{"rendered":"https:\/\/baldumarket.lt\/product\/szafka-kuchenna-dolna-otwarta-d25pz-l-aspen-grey-bialy-mat\/"},"modified":"2026-02-06T19:54:48","modified_gmt":"2026-02-06T16:54:48","slug":"szafka-kuchenna-dolna-otwarta-d25pz-l-aspen-grey-bialy-mat","status":"publish","type":"product","link":"https:\/\/baldumarket.lt\/lt\/product\/szafka-kuchenna-dolna-otwarta-d25pz-l-aspen-grey-bialy-mat\/","title":{"rendered":"Apatin\u0117 atvira virtuv\u0117s spintel\u0117 D25PZ-L drebul\u0117s pilka matin\u0117 balta"},"content":{"rendered":"<p>Moderniai virtuvei reikalingi baldai, kurie ne tik atrodyt\u0173 stilingai, bet ir b\u016bt\u0173 funkcional\u016bs kasdieniam naudojimui. Atvira apatin\u0117 virtuv\u0117s spintel\u0117 D25PZ-L i\u0161 \u201eGa\u0142a Meble\u201c \u201eAspen Grey\u201c kolekcijos \u2013 puikus sprendimas tiems, kurie vertina minimalistin\u012f dizain\u0105 ir nesenstant\u012f elegancij\u0105. Matin\u0117 balta apdaila puikiai dera prie bet kokio interjero dizaino, suteikdama lengvumo ir erdv\u0117s.<\/p>\n<p>Spintel\u0117 buvo sukurta atsi\u017evelgiant \u012f ergonomik\u0105 ir prakti\u0161kum\u0105. Atviros lentynos leid\u017eia lengvai pasiekti da\u017enai naudojamus daiktus, ai\u0161kiai ir esteti\u0161kai i\u0161d\u0117styti m\u0117gstamus patiekalus ar dekoracijas. Tai puikus pasirinkimas tiems, kurie nori savo virtuv\u0117je \u012fvesti tvarkos ir harmonijos, m\u0117gaudamiesi patogiu naudojimu.<\/p>\n<p>Pagaminta i\u0161 auk\u0161tos kokyb\u0117s laminuotos plok\u0161t\u0117s, spintel\u0117 garantuoja patvarum\u0105 ir atsparum\u0105 kasdieniam d\u0117v\u0117jimuisi, tod\u0117l tai ilgalaik\u0117 investicija. D\u0117l kompakti\u0161k\u0173 matmen\u0173 ji puikiai tinka net ma\u017eesn\u0117ms erdv\u0117ms, optimizuodama erdv\u0119 neprarandant funkcionalumo.<\/p>\n<p>\u0160ios spintel\u0117s surinkimas yra intuityvus ir paprastas, tod\u0117l i\u0161 karto gal\u0117site m\u0117gautis nauju virtuv\u0117s papildymu. Pasirink\u0119 \u0161\u012f \u201eGa\u0142a Meble\u201c gamin\u012f, gausite ne tik stiling\u0105 papildym\u0105, bet ir prakti\u0161k\u0105 sprendim\u0105, kuris pagerins j\u016bs\u0173 gyvenam\u0105j\u0105 erdv\u0119.<\/p>","protected":false},"excerpt":{"rendered":"<p>Plotis (cm): 25<br \/>\n\u016agis (cm): 72<br \/>\nGylis (cm): 45<\/p>","protected":false},"featured_media":158282,"comment_status":"open","ping_status":"open","template":"","meta":[],"product_brand":[],"product_cat":[9451,4106,9118],"product_tag":[],"class_list":{"0":"post-158281","1":"product","2":"type-product","3":"status-publish","4":"has-post-thumbnail","6":"product_cat-kitchen-system-aspen-grey","7":"product_cat-gala-meble","8":"product_cat-kitchen-cabinets","10":"first","11":"instock","12":"purchasable","13":"product-type-simple"},"_links":{"self":[{"href":"https:\/\/baldumarket.lt\/lt\/wp-json\/wp\/v2\/product\/158281","targetHints":{"allow":["GET"]}}],"collection":[{"href":"https:\/\/baldumarket.lt\/lt\/wp-json\/wp\/v2\/product"}],"about":[{"href":"https:\/\/baldumarket.lt\/lt\/wp-json\/wp\/v2\/types\/product"}],"replies":[{"embeddable":true,"href":"https:\/\/baldumarket.lt\/lt\/wp-json\/wp\/v2\/comments?post=158281"}],"wp:featuredmedia":[{"embeddable":true,"href":"https:\/\/baldumarket.lt\/lt\/wp-json\/wp\/v2\/media\/158282"}],"wp:attachment":[{"href":"https:\/\/baldumarket.lt\/lt\/wp-json\/wp\/v2\/media?parent=158281"}],"wp:term":[{"taxonomy":"product_brand","embeddable":true,"href":"https:\/\/baldumarket.lt\/lt\/wp-json\/wp\/v2\/product_brand?post=158281"},{"taxonomy":"product_cat","embeddable":true,"href":"https:\/\/baldumarket.lt\/lt\/wp-json\/wp\/v2\/product_cat?post=158281"},{"taxonomy":"product_tag","embeddable":true,"href":"https:\/\/baldumarket.lt\/lt\/wp-json\/wp\/v2\/product_tag?post=158281"}],"curies":[{"name":"wp","href":"https:\/\/api.w.org\/{rel}","templated":true}]}}