{"id":158277,"date":"2025-12-18T23:57:03","date_gmt":"2025-12-18T20:57:03","guid":{"rendered":"https:\/\/baldumarket.lt\/product\/szafka-kuchenna-dolna-otwarta-d25pz-p-aspen-grey-bialy-mat\/"},"modified":"2026-02-06T19:54:48","modified_gmt":"2026-02-06T16:54:48","slug":"szafka-kuchenna-dolna-otwarta-d25pz-p-aspen-grey-bialy-mat","status":"publish","type":"product","link":"https:\/\/baldumarket.lt\/lt\/product\/szafka-kuchenna-dolna-otwarta-d25pz-p-aspen-grey-bialy-mat\/","title":{"rendered":"Apatin\u0117 atvira virtuv\u0117s spintel\u0117 D25PZ-P drebul\u0117s pilka matin\u0117 balta"},"content":{"rendered":"<p>Pakelkite savo virtuv\u0119 \u012f auk\u0161tesn\u012f elegancijos lyg\u012f su garsaus \u201eGa\u0142a Meble\u201c prek\u0117s \u017eenklo \u201eAspen Grey\u201c atvira virtuv\u0117s spintele. Harmoningas matin\u0117s baltos spalvos pavir\u0161iaus ir subtilaus pilkos spalvos atspalvio derinys suteikia \u0161iam baldui unikal\u0173 charakter\u012f. Jis puikiai dera prie modernaus interjero, sukurdamas erdv\u0119, kuri d\u017eiugins j\u016bs\u0173 sve\u010dius savo stiliumi ir funkcionalumu.<\/p>\n<p>\u0160i virtuv\u0117s spintel\u0117 i\u0161siskiria ne tik estetiniu patrauklumu, bet ir prakti\u0161kumu kasdieniame gyvenime. Atviras dizainas leid\u017eia lengvai pasiekti reikiamus daiktus, taip pat leid\u017eia eksponuoti eleganti\u0161kus virtuv\u0117s priedus ar m\u0117gstamus aksesuarus. Nesvarbu, ar laikote indus, ar ingredientus, viskas visada yra ranka pasiekiama.<\/p>\n<p>Pagaminta i\u0161 patvarios laminuotos plok\u0161t\u0117s, \u201eAspen Grey\u201c spintel\u0117 puikiai dera dinami\u0161koje virtuv\u0117s aplinkoje. Jos pavir\u0161ius ne tik atsparus kasdieniam d\u0117v\u0117jimuisi, bet ir lengvai pri\u017ei\u016brimas, tod\u0117l galite ilgiau d\u017eiaugtis nepriekai\u0161tinga i\u0161vaizda. Be to, savaranki\u0161ko surinkimo galimyb\u0117 suteikia puiki\u0105 galimyb\u0119 pritaikyti spintel\u0119 pagal savo individualius poreikius ir jums patogiu metu.<\/p>\n<p>Minimalistinis dizainas ir subtili spalva leid\u017eia \u201eAspen Grey\u201c apatinei spintelei lengvai integruotis su kitais virtuv\u0117s elementais. Paprastumas ir universalus stilius daro j\u0105 puikiu pasirinkimu visiems, norintiems, kad j\u0173 virtuv\u0117 b\u016bt\u0173 ir funkcionali, ir stilinga. Prid\u0117kite j\u0105 prie savo virtuv\u0117s ir m\u0117gaukit\u0117s harmoninga erdve, kurioje juntamas komfortas ir estetika.<\/p>","protected":false},"excerpt":{"rendered":"<p>Plotis (cm): 25<br \/>\n\u016agis (cm): 72<br \/>\nGylis (cm): 45<\/p>","protected":false},"featured_media":158278,"comment_status":"open","ping_status":"open","template":"","meta":[],"product_brand":[],"product_cat":[9451,4106,9118],"product_tag":[],"class_list":{"0":"post-158277","1":"product","2":"type-product","3":"status-publish","4":"has-post-thumbnail","6":"product_cat-kitchen-system-aspen-grey","7":"product_cat-gala-meble","8":"product_cat-kitchen-cabinets","10":"first","11":"instock","12":"purchasable","13":"product-type-simple"},"_links":{"self":[{"href":"https:\/\/baldumarket.lt\/lt\/wp-json\/wp\/v2\/product\/158277","targetHints":{"allow":["GET"]}}],"collection":[{"href":"https:\/\/baldumarket.lt\/lt\/wp-json\/wp\/v2\/product"}],"about":[{"href":"https:\/\/baldumarket.lt\/lt\/wp-json\/wp\/v2\/types\/product"}],"replies":[{"embeddable":true,"href":"https:\/\/baldumarket.lt\/lt\/wp-json\/wp\/v2\/comments?post=158277"}],"wp:featuredmedia":[{"embeddable":true,"href":"https:\/\/baldumarket.lt\/lt\/wp-json\/wp\/v2\/media\/158278"}],"wp:attachment":[{"href":"https:\/\/baldumarket.lt\/lt\/wp-json\/wp\/v2\/media?parent=158277"}],"wp:term":[{"taxonomy":"product_brand","embeddable":true,"href":"https:\/\/baldumarket.lt\/lt\/wp-json\/wp\/v2\/product_brand?post=158277"},{"taxonomy":"product_cat","embeddable":true,"href":"https:\/\/baldumarket.lt\/lt\/wp-json\/wp\/v2\/product_cat?post=158277"},{"taxonomy":"product_tag","embeddable":true,"href":"https:\/\/baldumarket.lt\/lt\/wp-json\/wp\/v2\/product_tag?post=158277"}],"curies":[{"name":"wp","href":"https:\/\/api.w.org\/{rel}","templated":true}]}}