{"id":158274,"date":"2025-12-18T23:56:57","date_gmt":"2025-12-18T20:56:57","guid":{"rendered":"https:\/\/baldumarket.lt\/product\/szafka-kuchenna-dolna-otwarta-lewa-d25pz-l-aspen-white-bialy-mat\/"},"modified":"2026-02-06T13:20:29","modified_gmt":"2026-02-06T10:20:29","slug":"szafka-kuchenna-dolna-otwarta-lewa-d25pz-l-aspen-white-bialy-mat","status":"publish","type":"product","link":"https:\/\/baldumarket.lt\/lt\/product\/szafka-kuchenna-dolna-otwarta-lewa-d25pz-l-aspen-white-bialy-mat\/","title":{"rendered":"Apatin\u0117 atvira kair\u0117 virtuv\u0117s spintel\u0117 D25PZ-L Drebul\u0117s balta matin\u0117 balta"},"content":{"rendered":"<p>Pasinerkite \u012f unikal\u0173 \u201eAspen White\u201c kair\u0117s pus\u0117s atidaromos apatin\u0117s virtuv\u0117s spintel\u0117s stili\u0173 ir elegancij\u0105. Minimalistinio dizaino ir \u0161varios, matin\u0117s baltos spalvos apdaila \u0161i spintel\u0117 papuo\u0161 bet kuri\u0105 virtuv\u0119, suteikdama harmonijos ir ramyb\u0117s poj\u016bt\u012f. Subtilus \u017eavesys vertas d\u0117mesio tiems, kurie vertina ir estetik\u0105, ir funkcionalum\u0105.<\/p>\n<p>Kiekviena virtuv\u0117je praleista akimirka gali b\u016bti \u012fkvepianti su \u0161ia atvira spintele, kuri leid\u017eia greitai pasiekti b\u016btiniausius virtuv\u0117s reikmenis. Tai puikus sprendimas kulinarijos entuziastams, kuriems reikia vietos, kad viskas b\u016bt\u0173 po ranka. Tuo pa\u010diu metu, plona, 25 cm plo\u010dio forma leid\u017eia jai lengvai tilpti bet kokioje erdv\u0117je, u\u017etikrinant funkcionalum\u0105 neprarandant estetikos.<\/p>\n<p>Pagaminta i\u0161 auk\u0161tos kokyb\u0117s laminuotos plok\u0161t\u0117s, \u201eAspen White\u201c spintel\u0117 derina patvarum\u0105 ir elegancij\u0105. Spintel\u0117s med\u017eiaga yra ne tik atspari \u012fbr\u0117\u017eimams, bet ir subtili, tod\u0117l \u012fvertins kiekvienas vartotojas. Matin\u0117 balta spalva suteikia modernumo ir palengvina valym\u0105.<\/p>\n<p>\u0160i spintel\u0117 buvo sukurta galvojant apie naudotoj\u0105. Jos surinkimas savaime leid\u017eia m\u0117gautis savo interjero k\u016brimu ir pritaikyti virtuv\u0119 pagal individualius poreikius. \u201eAspen White\u201c yra daugiau nei baldas \u2013 tai investicija \u012f erdv\u0119, kurioje vyrauja paprastumas ir gro\u017eis.<\/p>","protected":false},"excerpt":{"rendered":"<p>Plotis (cm): 25<br \/>\n\u016agis (cm): 72<br \/>\nGylis (cm): 45<\/p>","protected":false},"featured_media":158275,"comment_status":"open","ping_status":"open","template":"","meta":[],"product_brand":[],"product_cat":[9445,4106,9118],"product_tag":[],"class_list":{"0":"post-158274","1":"product","2":"type-product","3":"status-publish","4":"has-post-thumbnail","6":"product_cat-kitchen-system-aspen-white","7":"product_cat-gala-meble","8":"product_cat-kitchen-cabinets","10":"first","11":"instock","12":"purchasable","13":"product-type-simple"},"_links":{"self":[{"href":"https:\/\/baldumarket.lt\/lt\/wp-json\/wp\/v2\/product\/158274","targetHints":{"allow":["GET"]}}],"collection":[{"href":"https:\/\/baldumarket.lt\/lt\/wp-json\/wp\/v2\/product"}],"about":[{"href":"https:\/\/baldumarket.lt\/lt\/wp-json\/wp\/v2\/types\/product"}],"replies":[{"embeddable":true,"href":"https:\/\/baldumarket.lt\/lt\/wp-json\/wp\/v2\/comments?post=158274"}],"wp:featuredmedia":[{"embeddable":true,"href":"https:\/\/baldumarket.lt\/lt\/wp-json\/wp\/v2\/media\/158275"}],"wp:attachment":[{"href":"https:\/\/baldumarket.lt\/lt\/wp-json\/wp\/v2\/media?parent=158274"}],"wp:term":[{"taxonomy":"product_brand","embeddable":true,"href":"https:\/\/baldumarket.lt\/lt\/wp-json\/wp\/v2\/product_brand?post=158274"},{"taxonomy":"product_cat","embeddable":true,"href":"https:\/\/baldumarket.lt\/lt\/wp-json\/wp\/v2\/product_cat?post=158274"},{"taxonomy":"product_tag","embeddable":true,"href":"https:\/\/baldumarket.lt\/lt\/wp-json\/wp\/v2\/product_tag?post=158274"}],"curies":[{"name":"wp","href":"https:\/\/api.w.org\/{rel}","templated":true}]}}