{"id":158271,"date":"2025-12-18T23:56:51","date_gmt":"2025-12-18T20:56:51","guid":{"rendered":"https:\/\/baldumarket.lt\/product\/szafka-kuchenna-dolna-otwarta-lewa-d25pz-l-linea-grey-bialy-mat\/"},"modified":"2026-02-18T11:34:19","modified_gmt":"2026-02-18T08:34:19","slug":"szafka-kuchenna-dolna-otwarta-lewa-d25pz-l-linea-grey-bialy-mat","status":"publish","type":"product","link":"https:\/\/baldumarket.lt\/lt\/product\/szafka-kuchenna-dolna-otwarta-lewa-d25pz-l-linea-grey-bialy-mat\/","title":{"rendered":"Apatin\u0117 atvira kair\u0117 virtuv\u0117s spintel\u0117 D25PZ-L Linea pilkai matin\u0117 balta"},"content":{"rendered":"<p>Kvie\u010diame atrasti elegancij\u0105, kuri\u0105 j\u016bs\u0173 virtuvei suteiks D25PZ-L Linea pilka atvira apatin\u0117 virtuv\u0117s spintel\u0117 (kairin\u0117). Minimalistinio ir modernaus dizaino \u0161i spintel\u0117 yra puikus sprendimas \u0161iuolaikinio interjero m\u0117g\u0117jams. Subtili matin\u0117 balta spalva harmoningai dera su \u012fvairiais dizaino stiliais, sukurdama rami\u0105 ir tvarking\u0105 erdv\u0119.<\/p>\n<p>Tvirta laminuotos plok\u0161t\u0117s konstrukcija pasi\u017eymi auk\u0161ta kokybe ir patvarumu, u\u017etikrinan\u010diu ilgalaik\u012f naudojim\u0105. \u0160ios spintel\u0117s funkcionalumas buvo kruop\u0161\u010diai suplanuotas taip, kad kasdieniai daiktai b\u016bt\u0173 greitai ir lengvai pasiekiami. Atviras dizainas yra ne tik prakti\u0161kas, bet ir puiki galimyb\u0117 eksponuoti gra\u017eius stalo \u012frankius ar dekoratyvinius aksesuarus.<\/p>\n<p>\u0160i vos 25 cm plo\u010dio spintel\u0117 idealiai tinka naudoti ten, kur ribota erdv\u0117, ir tinka net ma\u017eiausioms virtuv\u0117ms. Jos i\u0161d\u0117stymas kair\u0117je pus\u0117je leid\u017eia j\u0105 lanks\u010diai pritaikyti prie bet kokio virtuv\u0117s i\u0161planavimo. Kruop\u0161\u010diai suplanuotas dizainas maksimaliai padidina vietos daiktams susid\u0117ti kiek\u012f, i\u0161laikant tvark\u0105 ir estetik\u0105 virtuv\u0117je.<\/p>\n<p>\u201ePasidaryk pats\u201c surinkimas \u2013 puikus b\u016bdas suteikti asmeni\u0161kumo savo interjero dizainui. Paprastos instrukcijos leid\u017eia greitai surinkti, tod\u0117l surinkimas tampa malonia patirtimi, smagia veikla, kuria galite tikrai m\u0117gautis. Ie\u0161kantiems funkcionali\u0173 ir stiling\u0173 sprendim\u0173, pilka \u201eLinea\u201c virtuv\u0117s spintel\u0117 yra pasirinkimas, kuris bet kuri\u0105 erdv\u0119 papuo\u0161 moderniu eleganti\u0161kumu.<\/p>","protected":false},"excerpt":{"rendered":"<p>Plotis (cm): 25<br \/>\n\u016agis (cm): 72<br \/>\nGylis (cm): 45<\/p>","protected":false},"featured_media":158272,"comment_status":"open","ping_status":"open","template":"","meta":[],"product_brand":[],"product_cat":[9446,4106],"product_tag":[],"class_list":{"0":"post-158271","1":"product","2":"type-product","3":"status-publish","4":"has-post-thumbnail","6":"product_cat-kitchen-system-linea-white","7":"product_cat-gala-meble","9":"first","10":"instock","11":"purchasable","12":"product-type-simple"},"_links":{"self":[{"href":"https:\/\/baldumarket.lt\/lt\/wp-json\/wp\/v2\/product\/158271","targetHints":{"allow":["GET"]}}],"collection":[{"href":"https:\/\/baldumarket.lt\/lt\/wp-json\/wp\/v2\/product"}],"about":[{"href":"https:\/\/baldumarket.lt\/lt\/wp-json\/wp\/v2\/types\/product"}],"replies":[{"embeddable":true,"href":"https:\/\/baldumarket.lt\/lt\/wp-json\/wp\/v2\/comments?post=158271"}],"wp:featuredmedia":[{"embeddable":true,"href":"https:\/\/baldumarket.lt\/lt\/wp-json\/wp\/v2\/media\/158272"}],"wp:attachment":[{"href":"https:\/\/baldumarket.lt\/lt\/wp-json\/wp\/v2\/media?parent=158271"}],"wp:term":[{"taxonomy":"product_brand","embeddable":true,"href":"https:\/\/baldumarket.lt\/lt\/wp-json\/wp\/v2\/product_brand?post=158271"},{"taxonomy":"product_cat","embeddable":true,"href":"https:\/\/baldumarket.lt\/lt\/wp-json\/wp\/v2\/product_cat?post=158271"},{"taxonomy":"product_tag","embeddable":true,"href":"https:\/\/baldumarket.lt\/lt\/wp-json\/wp\/v2\/product_tag?post=158271"}],"curies":[{"name":"wp","href":"https:\/\/api.w.org\/{rel}","templated":true}]}}