{"id":158267,"date":"2025-12-18T23:56:43","date_gmt":"2025-12-18T20:56:43","guid":{"rendered":"https:\/\/baldumarket.lt\/product\/szafka-kuchenna-dolna-otwarta-lewa-d25pz-l-linea-white-bialy-mat\/"},"modified":"2026-02-18T11:34:19","modified_gmt":"2026-02-18T08:34:19","slug":"szafka-kuchenna-dolna-otwarta-lewa-d25pz-l-linea-white-bialy-mat","status":"publish","type":"product","link":"https:\/\/baldumarket.lt\/lt\/product\/szafka-kuchenna-dolna-otwarta-lewa-d25pz-l-linea-white-bialy-mat\/","title":{"rendered":"Apatin\u0117 atvira kair\u0117 virtuv\u0117s spintel\u0117 D25PZ-L Linea balta matin\u0117"},"content":{"rendered":"<p>\u201eLinea White D25PZ-L\u201c atvira apatin\u0117 kair\u0117 virtuv\u0117s spintel\u0117 derina moderni\u0105 estetik\u0105 ir funkcionalum\u0105, tod\u0117l puikiai tinka bet kuriai virtuvei. Pagaminta i\u0161 auk\u0161tos kokyb\u0117s med\u017eiag\u0173, ji pasi\u017eymi eleganti\u0161ka matine balta apdaila, suteikian\u010dia bet kokiam interjerui lengvumo ir gaivos poj\u016bt\u012f. Paprastas dizainas ir neutrali spalva puikiai dera su kitais virtuv\u0117s elementais.<\/p>\n<p>Nesvarbu, ar ie\u0161kote papildomos vietos indams, prieskoniams ar kitiems virtuv\u0117s priedams laikyti, \u0161i spintel\u0117 atitiks j\u016bs\u0173 poreikius. Jos apgalvotas dizainas optimizuoja erdv\u0119, u\u017etikrindamas, kad viskas, ko jums reikia, visada b\u016bt\u0173 ranka pasiekiama. Atviras kairysis modulis leid\u017eia greitai pasiekti da\u017enai naudojamus daiktus, o tai itin prakti\u0161ka kasdieniam maisto gaminimui.<\/p>\n<p>Ry\u0161ki balta korpuso ir priekin\u0117s dalies spalva neabejotinai papildys modern\u0173 interjer\u0105, suteikdama blizgesio ir elegancijos. Be to, matin\u0117 MDF priekin\u0117 dalis ne tik suteikia eleganti\u0161k\u0105 i\u0161vaizd\u0105, bet ir atsparum\u0105 \u012fbr\u0117\u017eimams bei nudegimams \u2013 tai labai svarbus privalumas bet kurioje virtuv\u0117je. Laminuotas korpusas u\u017etikrina patvarum\u0105 ir u\u017etikrina, kad spintel\u0117 tarnaus daugel\u012f met\u0173.<\/p>\n<p>Surinkimas \u201epasidaryk pats\u201c yra paprastas ir intuityvus, tod\u0117l nereikia profesionali\u0173 surinkimo paslaug\u0173. Tai puikus sprendimas tiems, kurie vertina nepriklausomyb\u0119 ir nori susikurti savo virtuv\u0119 pagal savo poreikius. D\u0117l tiksliai suderint\u0173 komponent\u0173 surinkimas yra greitas ir be r\u016bpes\u010di\u0173.<\/p>\n<p>\u201eLinea White D25PZ-L\u201c kair\u0117 apatin\u0117 atvira virtuv\u0117s spintel\u0117 yra puikus pasirinkimas tiems, kurie vertina modern\u0173 dizain\u0105 ir funkcionalum\u0105. D\u0117l kompakti\u0161k\u0173 matmen\u0173 (plotis: 25 cm, gylis: 45 cm, auk\u0161tis: 72 cm) ji puikiai tinka net ir ma\u017eesn\u0117ms virtuv\u0117ms, maksimaliai i\u0161naudojant turim\u0105 erdv\u0119. Su \u201eLinea White\u201c spintele suteikite savo virtuvei elegancijos ir prakti\u0161kumo!<\/p>","protected":false},"excerpt":{"rendered":"<p>Plotis (cm): 25<br \/>\n\u016agis (cm): 72<br \/>\nGylis (cm): 45<\/p>","protected":false},"featured_media":158268,"comment_status":"open","ping_status":"open","template":"","meta":[],"product_brand":[],"product_cat":[9446,4106],"product_tag":[],"class_list":{"0":"post-158267","1":"product","2":"type-product","3":"status-publish","4":"has-post-thumbnail","6":"product_cat-kitchen-system-linea-white","7":"product_cat-gala-meble","9":"first","10":"instock","11":"purchasable","12":"product-type-simple"},"_links":{"self":[{"href":"https:\/\/baldumarket.lt\/lt\/wp-json\/wp\/v2\/product\/158267","targetHints":{"allow":["GET"]}}],"collection":[{"href":"https:\/\/baldumarket.lt\/lt\/wp-json\/wp\/v2\/product"}],"about":[{"href":"https:\/\/baldumarket.lt\/lt\/wp-json\/wp\/v2\/types\/product"}],"replies":[{"embeddable":true,"href":"https:\/\/baldumarket.lt\/lt\/wp-json\/wp\/v2\/comments?post=158267"}],"wp:featuredmedia":[{"embeddable":true,"href":"https:\/\/baldumarket.lt\/lt\/wp-json\/wp\/v2\/media\/158268"}],"wp:attachment":[{"href":"https:\/\/baldumarket.lt\/lt\/wp-json\/wp\/v2\/media?parent=158267"}],"wp:term":[{"taxonomy":"product_brand","embeddable":true,"href":"https:\/\/baldumarket.lt\/lt\/wp-json\/wp\/v2\/product_brand?post=158267"},{"taxonomy":"product_cat","embeddable":true,"href":"https:\/\/baldumarket.lt\/lt\/wp-json\/wp\/v2\/product_cat?post=158267"},{"taxonomy":"product_tag","embeddable":true,"href":"https:\/\/baldumarket.lt\/lt\/wp-json\/wp\/v2\/product_tag?post=158267"}],"curies":[{"name":"wp","href":"https:\/\/api.w.org\/{rel}","templated":true}]}}