{"id":158263,"date":"2025-12-18T23:56:35","date_gmt":"2025-12-18T20:56:35","guid":{"rendered":"https:\/\/baldumarket.lt\/product\/szafka-kuchenna-dolna-otwarta-lewa-d25pz-l-prowansja-bialy-mat\/"},"modified":"2026-02-08T10:06:28","modified_gmt":"2026-02-08T07:06:28","slug":"szafka-kuchenna-dolna-otwarta-lewa-d25pz-l-prowansja-bialy-mat","status":"publish","type":"product","link":"https:\/\/baldumarket.lt\/lt\/product\/szafka-kuchenna-dolna-otwarta-lewa-d25pz-l-prowansja-bialy-mat\/","title":{"rendered":"Apatin\u0117 atvira virtuv\u0117s spintel\u0117 kair\u0117 D25PZ-L Provanso balta matin\u0117"},"content":{"rendered":"<p>Jaukaus ir stilingo interjero m\u0117g\u0117jams pristatome tobul\u0105 sprendim\u0105 \u2013 kairin\u0119 atidarom\u0105 apatin\u0119 virtuv\u0117s spintel\u0119 D25PZ-L i\u0161 \u201eProvence\u201c kolekcijos. Eleganti\u0161ka matin\u0117 balta apdaila puikiai papildys bet kok\u012f virtuv\u0117s dizain\u0105, suteikdama Provanso stiliui b\u016bdingo lengvumo ir gaivumo. Tai tikras lobis tiems, kurie vertina klasikin\u012f stili\u0173 ir subtilius akcentus savo namuose.<\/p>\n<p>Jei ie\u0161kote bald\u0173, kurie ne tik gra\u017eiai atrodyt\u0173, bet ir b\u016bt\u0173 prakti\u0161ki, \u0161i spintel\u0117 pateisins j\u016bs\u0173 l\u016bkes\u010dius. Atviras dizainas leid\u017eia lengvai pasiekti da\u017enai naudojamus virtuv\u0117s reikmenis, tod\u0117l erdv\u0117s organizavimas tampa daug paprastesnis. Tvirta laminuota plok\u0161t\u0117 u\u017etikrina, kad spintel\u0117 b\u016bt\u0173 atspari kasdieniam naudojimui, u\u017etikrinant ilgaam\u017ei\u0161kum\u0105.<\/p>\n<p>D\u0117l kompakti\u0161ko dyd\u017eio, vos 25 cm plo\u010dio, \u0161i spintel\u0117 puikiai tiks net ir ma\u017eiausiose virtuv\u0117s erdv\u0117se, neu\u017eimdama daug vietos. Tai puikus pasirinkimas virtuv\u0117s dizaineriams, vertinantiems subtili\u0105 elegancij\u0105 ir funkcionalum\u0105. Matin\u0117 balta apdaila praskaidrins bet kur\u012f kambar\u012f ir suteiks jam unikalaus charakterio.<\/p>\n<p>\u0160ios spintel\u0117s surinkimas \u2013 vienas malonumas, tod\u0117l gal\u0117site m\u0117gautis jos privalumais i\u0161kart po \u012fsigijimo. Sukurkite \u017eaving\u0105 ir jauki\u0105 virtuv\u0119 su \u201eGa\u0142a Meble\u201c, kurioje kiekviena gaminant praleista minut\u0117 bus tikras malonumas. Suteikite savo virtuvei nauj\u0105 dimensij\u0105 su tobulu \u0161ios unikalios spintel\u0117s estetikos ir prakti\u0161kumo deriniu.<\/p>","protected":false},"excerpt":{"rendered":"<p>Plotis (cm): 25<br \/>\n\u016agis (cm): 72<br \/>\nGylis (cm): 45<\/p>","protected":false},"featured_media":158264,"comment_status":"open","ping_status":"open","template":"","meta":[],"product_brand":[],"product_cat":[9444,4106,9118],"product_tag":[],"class_list":{"0":"post-158263","1":"product","2":"type-product","3":"status-publish","4":"has-post-thumbnail","6":"product_cat-kitchen-system-prowansja-sosna-andersen","7":"product_cat-gala-meble","8":"product_cat-kitchen-cabinets","10":"first","11":"instock","12":"purchasable","13":"product-type-simple"},"_links":{"self":[{"href":"https:\/\/baldumarket.lt\/lt\/wp-json\/wp\/v2\/product\/158263","targetHints":{"allow":["GET"]}}],"collection":[{"href":"https:\/\/baldumarket.lt\/lt\/wp-json\/wp\/v2\/product"}],"about":[{"href":"https:\/\/baldumarket.lt\/lt\/wp-json\/wp\/v2\/types\/product"}],"replies":[{"embeddable":true,"href":"https:\/\/baldumarket.lt\/lt\/wp-json\/wp\/v2\/comments?post=158263"}],"wp:featuredmedia":[{"embeddable":true,"href":"https:\/\/baldumarket.lt\/lt\/wp-json\/wp\/v2\/media\/158264"}],"wp:attachment":[{"href":"https:\/\/baldumarket.lt\/lt\/wp-json\/wp\/v2\/media?parent=158263"}],"wp:term":[{"taxonomy":"product_brand","embeddable":true,"href":"https:\/\/baldumarket.lt\/lt\/wp-json\/wp\/v2\/product_brand?post=158263"},{"taxonomy":"product_cat","embeddable":true,"href":"https:\/\/baldumarket.lt\/lt\/wp-json\/wp\/v2\/product_cat?post=158263"},{"taxonomy":"product_tag","embeddable":true,"href":"https:\/\/baldumarket.lt\/lt\/wp-json\/wp\/v2\/product_tag?post=158263"}],"curies":[{"name":"wp","href":"https:\/\/api.w.org\/{rel}","templated":true}]}}