{"id":158260,"date":"2025-12-18T23:56:29","date_gmt":"2025-12-18T20:56:29","guid":{"rendered":"https:\/\/baldumarket.lt\/product\/szafka-kuchenna-dolna-otwarta-lewa-d25pz-l-sycylia-andersen\/"},"modified":"2026-02-06T12:47:03","modified_gmt":"2026-02-06T09:47:03","slug":"szafka-kuchenna-dolna-otwarta-lewa-d25pz-l-sycylia-andersen","status":"publish","type":"product","link":"https:\/\/baldumarket.lt\/lt\/product\/szafka-kuchenna-dolna-otwarta-lewa-d25pz-l-sycylia-andersen\/","title":{"rendered":"Apatin\u0117 atvira virtuv\u0117s spintel\u0117 kair\u0117 D25PZ-L Sicily Andersen"},"content":{"rendered":"<p>Jaukus ir funkcionalus interjeras \u2013 kiekvieno virtuv\u0117s dizainerio svajon\u0117. Atvira apatin\u0117 kair\u0117 virtuv\u0117s spintel\u0117 i\u0161 \u201eSycylia Andersen\u201c kolekcijos, kuri\u0105 suk\u016br\u0117 \u201eGa\u0142a Meble\u201c, yra puikus pasirinkimas tiems, kurie vertina minimalistin\u012f dizain\u0105 kartu su i\u0161skirtiniu funkcionalumu. Matin\u0117s baltos spalvos korpusas suteikia interjerui elegancijos ir modernumo, o virtuv\u0117s erdv\u0119 padaro erdvesn\u0119 ir \u0161viesesn\u0119.<\/p>\n<p>\u0160i virtuv\u0117s spintel\u0117 \u2013 puikus sprendimas modernaus stiliaus m\u0117g\u0117jams, kurie savo namuose trok\u0161ta jaukios ir \u0161iltos atmosferos. Subtilios linijos ir universali spalva leid\u017eia j\u0105 lengvai integruoti \u012f \u012fvairius virtuv\u0117s dizainus, tod\u0117l nam\u0173 savininkai gali susikurti erdv\u0119, atspindin\u010di\u0105 j\u0173 individual\u0173 stili\u0173. D\u0117l atviro dizaino ji idealiai tinka laikyti gra\u017eius stalo \u012frankius ar dekoratyvinius aksesuarus, kuriuos visada norime tur\u0117ti po ranka.<\/p>\n<p>Spintel\u0117s funkcionalumas slypi jos universalume ir paprastoje konstrukcijoje, kuri leid\u017eia greitai ir lengvai surinkti. Sukurta galvojant apie nam\u0173 meistrus, ji turi galimyb\u0119 kontroliuoti interjero dizaino proces\u0105. D\u0117l auk\u0161tos kokyb\u0117s laminuotos plok\u0161t\u0117s naudojimo \u0161i spintel\u0117 yra labai atspari \u012fbr\u0117\u017eimams ir dr\u0117gmei, o tai ne\u012fkainojama virtuv\u0117je.<\/p>\n<p>Pasirink\u0119 \u0161i\u0105 spintel\u0119, \u012fsigysite bald\u0105, kuris ne tik pagerins interjer\u0105 estetiniu patrauklumu, bet ir tarnaus ilgus metus d\u0117l savo patvarumo. \u201eSycylia Andersen\u201c \u2013 tai kolekcija, sukurta tiems, kurie vertina gro\u017e\u012f paprastume, taip pat ie\u0161kantiems sprendim\u0173, kurie palengvint\u0173 kasdien\u012f virtuv\u0117s gyvenim\u0105. Rinkit\u0117s \u201eGa\u0142a Meble\u201c ir patirkite skirtum\u0105, kur\u012f \u0161is stilingas ir prakti\u0161kas baldas gali padaryti j\u016bs\u0173 namuose.<\/p>","protected":false},"excerpt":{"rendered":"<p>Plotis (cm): 25<br \/>\n\u016agis (cm): 82<br \/>\nGylis (cm): 45<\/p>","protected":false},"featured_media":158261,"comment_status":"open","ping_status":"open","template":"","meta":[],"product_brand":[],"product_cat":[9440,9441,4106,9118],"product_tag":[],"class_list":{"0":"post-158260","1":"product","2":"type-product","3":"status-publish","4":"has-post-thumbnail","6":"product_cat-kitchen-system-sycylia-sosna-andersen","7":"product_cat-white","8":"product_cat-gala-meble","9":"product_cat-kitchen-cabinets","11":"first","12":"instock","13":"purchasable","14":"product-type-simple"},"_links":{"self":[{"href":"https:\/\/baldumarket.lt\/lt\/wp-json\/wp\/v2\/product\/158260","targetHints":{"allow":["GET"]}}],"collection":[{"href":"https:\/\/baldumarket.lt\/lt\/wp-json\/wp\/v2\/product"}],"about":[{"href":"https:\/\/baldumarket.lt\/lt\/wp-json\/wp\/v2\/types\/product"}],"replies":[{"embeddable":true,"href":"https:\/\/baldumarket.lt\/lt\/wp-json\/wp\/v2\/comments?post=158260"}],"wp:featuredmedia":[{"embeddable":true,"href":"https:\/\/baldumarket.lt\/lt\/wp-json\/wp\/v2\/media\/158261"}],"wp:attachment":[{"href":"https:\/\/baldumarket.lt\/lt\/wp-json\/wp\/v2\/media?parent=158260"}],"wp:term":[{"taxonomy":"product_brand","embeddable":true,"href":"https:\/\/baldumarket.lt\/lt\/wp-json\/wp\/v2\/product_brand?post=158260"},{"taxonomy":"product_cat","embeddable":true,"href":"https:\/\/baldumarket.lt\/lt\/wp-json\/wp\/v2\/product_cat?post=158260"},{"taxonomy":"product_tag","embeddable":true,"href":"https:\/\/baldumarket.lt\/lt\/wp-json\/wp\/v2\/product_tag?post=158260"}],"curies":[{"name":"wp","href":"https:\/\/api.w.org\/{rel}","templated":true}]}}