{"id":158257,"date":"2025-12-18T23:56:19","date_gmt":"2025-12-18T20:56:19","guid":{"rendered":"https:\/\/baldumarket.lt\/product\/szafka-kuchenna-dolna-otwarta-lewa-d25pz-l-sycylia-orzech\/"},"modified":"2026-02-06T14:32:44","modified_gmt":"2026-02-06T11:32:44","slug":"szafka-kuchenna-dolna-otwarta-lewa-d25pz-l-sycylia-orzech","status":"publish","type":"product","link":"https:\/\/baldumarket.lt\/lt\/product\/szafka-kuchenna-dolna-otwarta-lewa-d25pz-l-sycylia-orzech\/","title":{"rendered":"Apatin\u0117 kair\u0117 atvira virtuv\u0117s spintel\u0117 D25PZ-L Sicily Walnut"},"content":{"rendered":"<p>Atraskite elegancij\u0105 ir funkcionalum\u0105 su kairiaranke atidaroma apatine virtuv\u0117s spintele D25PZ-L i\u0161 \u201eSycylia\u201c kolekcijos, kuri\u0105 suk\u016br\u0117 garsus prek\u0117s \u017eenklas \u201eGa\u0142a Meble\u201c. \u0160i stilinga spintel\u0117, pasi\u017eyminti nuostabiu Milano rie\u0161uto atspalviu, traukia d\u0117mes\u012f savo klasikine i\u0161vaizda, suteikdama j\u016bs\u0173 virtuvei \u0161ilumos ir harmonijos. D\u0117l kompakti\u0161ko dizaino ji skland\u017eiai \u012fsilies \u012f bet kok\u012f interjer\u0105, suteikdama subtilaus \u017eavesio ir elegancijos.<\/p>\n<p>\u0160is modelis \u2013 puikus sprendimas tiems, kurie vertina prakti\u0161kum\u0105 ir estetik\u0105. Atviras dizainas leid\u017eia lengvai laikyti da\u017enai naudojamus virtuv\u0117s reikmenis, taip pat eksponuoti m\u0117gstamus priedus ir prieskonius. Tai kasdien\u012f maisto gaminim\u0105 paver\u010dia ne tik malonumu, bet ir auk\u0161\u010diausio lygio gyvenimo b\u016bdu.<\/p>\n<p>Pagaminta i\u0161 patvarios laminuotos plok\u0161t\u0117s, \u0161i spintel\u0117 garantuoja ilgalaik\u012f naudojim\u0105 ir atsparum\u0105 kasdieniams virtuv\u0117s i\u0161\u0161\u016bkiams. Gra\u017eus Milano rie\u0161uto atspalvis suteikia elegancijos, o paprasta forma leid\u017eia \u0161\u012f bald\u0105 lengvai pri\u017ei\u016br\u0117ti, patenkindama net ir reikliausi\u0173 vartotoj\u0173 l\u016bkes\u010dius.<\/p>\n<p>Surinkdami spintel\u0119 patys, galite visi\u0161kai kontroliuoti proces\u0105, tod\u0117l \u0161is baldas tampa dar patrauklesnis tiems, kurie m\u0117gsta suasmeninti savo erdv\u0119. Tai puikus sprendimas norint suteikti virtuvei charakterio, optimizuojant erdv\u0119 ir i\u0161planavim\u0105. \u201eSycylia\u201c kolekcijos virtuv\u0117s spintel\u0117 yra daugiau nei baldas \u2013 tai investicija \u012f komfort\u0105 ir stili\u0173, kuris lyd\u0117s jus kiekvien\u0105 dien\u0105.<\/p>","protected":false},"excerpt":{"rendered":"<p>Plotis (cm): 25<br \/>\n\u016agis (cm): 82<br \/>\nGylis (cm): 45<\/p>","protected":false},"featured_media":158258,"comment_status":"open","ping_status":"open","template":"","meta":[],"product_brand":[],"product_cat":[9450,4106,9118],"product_tag":[],"class_list":{"0":"post-158257","1":"product","2":"type-product","3":"status-publish","4":"has-post-thumbnail","6":"product_cat-kitchen-system-sycylia-orzech-milano","7":"product_cat-gala-meble","8":"product_cat-kitchen-cabinets","10":"first","11":"instock","12":"purchasable","13":"product-type-simple"},"_links":{"self":[{"href":"https:\/\/baldumarket.lt\/lt\/wp-json\/wp\/v2\/product\/158257","targetHints":{"allow":["GET"]}}],"collection":[{"href":"https:\/\/baldumarket.lt\/lt\/wp-json\/wp\/v2\/product"}],"about":[{"href":"https:\/\/baldumarket.lt\/lt\/wp-json\/wp\/v2\/types\/product"}],"replies":[{"embeddable":true,"href":"https:\/\/baldumarket.lt\/lt\/wp-json\/wp\/v2\/comments?post=158257"}],"wp:featuredmedia":[{"embeddable":true,"href":"https:\/\/baldumarket.lt\/lt\/wp-json\/wp\/v2\/media\/158258"}],"wp:attachment":[{"href":"https:\/\/baldumarket.lt\/lt\/wp-json\/wp\/v2\/media?parent=158257"}],"wp:term":[{"taxonomy":"product_brand","embeddable":true,"href":"https:\/\/baldumarket.lt\/lt\/wp-json\/wp\/v2\/product_brand?post=158257"},{"taxonomy":"product_cat","embeddable":true,"href":"https:\/\/baldumarket.lt\/lt\/wp-json\/wp\/v2\/product_cat?post=158257"},{"taxonomy":"product_tag","embeddable":true,"href":"https:\/\/baldumarket.lt\/lt\/wp-json\/wp\/v2\/product_tag?post=158257"}],"curies":[{"name":"wp","href":"https:\/\/api.w.org\/{rel}","templated":true}]}}