{"id":158254,"date":"2025-12-18T23:56:13","date_gmt":"2025-12-18T20:56:13","guid":{"rendered":"https:\/\/baldumarket.lt\/product\/szafka-kuchenna-dolna-otwarta-prawa-d25pz-p-aspen-white-bialy-polysk\/"},"modified":"2026-02-06T13:20:29","modified_gmt":"2026-02-06T10:20:29","slug":"szafka-kuchenna-dolna-otwarta-prawa-d25pz-p-aspen-white-bialy-polysk","status":"publish","type":"product","link":"https:\/\/baldumarket.lt\/lt\/product\/szafka-kuchenna-dolna-otwarta-prawa-d25pz-p-aspen-white-bialy-polysk\/","title":{"rendered":"Apatin\u0117 atvira de\u0161inioji virtuv\u0117s spintel\u0117 D25PZ-P drebul\u0117s balta blizgi balta"},"content":{"rendered":"<p>Atraskite elegancij\u0105 ir funkcionalum\u0105 viename su D25PZ-P de\u0161inin\u0117s pus\u0117s atidaroma apatine virtuv\u0117s spintele su blizgia drebul\u0117s baltumo apdaila. Sukurta galvojant apie modern\u0173 interjer\u0105, \u0161i spintel\u0117 puikiai papildys bet kuri\u0105 virtuv\u0119, suteikdama gaivumo ir \u0161viesumo poj\u016bt\u012f. Minimalistin\u0117 estetika ir \u0161varios linijos harmoningai dera su \u0161iuolaikin\u0117mis tendencijomis, sukurdamos erdv\u0119, kupin\u0105 atpalaiduojan\u010di\u0173 ir \u0161viesi\u0173 ton\u0173.<\/p>\n<p>\u0160i spintel\u0117 ne tik \u017eavi savo i\u0161vaizda, bet ir si\u016blo prakti\u0161kus sprendimus kasdieniam naudojimui. Atvira apatin\u0117 konstrukcija leid\u017eia lengvai pasiekti laikomus daiktus, palengvina organizavim\u0105 ir tvarkos palaikym\u0105 virtuv\u0117je. D\u0117l kompakti\u0161k\u0173 matmen\u0173 (plotis 25 cm, auk\u0161tis 72 cm, gylis 45 cm) \u0161is modelis puikiai tinka net ir ma\u017eesn\u0117ms erdv\u0117ms, optimizuodamas erdv\u0117s panaudojim\u0105.<\/p>\n<p>Pagaminta i\u0161 patvarios laminuotos plok\u0161t\u0117s, \u0161i spintel\u0117 ne tik u\u017etikrina estetin\u012f patrauklum\u0105, bet ir ilgaam\u017ei\u0161kum\u0105 bei atsparum\u0105 kasdieniam naudojimui. Laminuotas pavir\u0161ius palengvina valym\u0105, o tai ne\u012fkainojama virtuv\u0117s aplinkoje. Papildomas privalumas yra savaranki\u0161kas surinkimas \u2013 spintel\u0119 lengva surinkti, o i\u0161samios instrukcijos supaprastina vis\u0105 proces\u0105, tod\u0117l jis greitas ir malonus.<\/p>\n<p>Pabr\u0117\u017ekite savo interjero charakter\u012f fantasti\u0161ku priedu, pavyzd\u017eiui, \u201eAspen White\u201c virtuv\u0117s spintele. Blizgi balta spalva kartu su moderniu dizainu pabr\u0117\u017eia bet kurios virtuv\u0117s individualum\u0105, tod\u0117l ji tampa stilinga ir funkcionali. J\u016bs\u0173 kasdien\u0117 veikla \u012fgaus nauj\u0105 dimensij\u0105, kai virtuv\u0117 taps erdve, kurioje kiekviena detal\u0117 atspind\u0117s j\u016bs\u0173 stiliaus poj\u016bt\u012f.<\/p>","protected":false},"excerpt":{"rendered":"<p>Plotis (cm): 25<br \/>\n\u016agis (cm): 72<br \/>\nGylis (cm): 45<\/p>","protected":false},"featured_media":158255,"comment_status":"open","ping_status":"open","template":"","meta":[],"product_brand":[],"product_cat":[9445,4106,9118],"product_tag":[],"class_list":{"0":"post-158254","1":"product","2":"type-product","3":"status-publish","4":"has-post-thumbnail","6":"product_cat-kitchen-system-aspen-white","7":"product_cat-gala-meble","8":"product_cat-kitchen-cabinets","10":"first","11":"instock","12":"purchasable","13":"product-type-simple"},"_links":{"self":[{"href":"https:\/\/baldumarket.lt\/lt\/wp-json\/wp\/v2\/product\/158254","targetHints":{"allow":["GET"]}}],"collection":[{"href":"https:\/\/baldumarket.lt\/lt\/wp-json\/wp\/v2\/product"}],"about":[{"href":"https:\/\/baldumarket.lt\/lt\/wp-json\/wp\/v2\/types\/product"}],"replies":[{"embeddable":true,"href":"https:\/\/baldumarket.lt\/lt\/wp-json\/wp\/v2\/comments?post=158254"}],"wp:featuredmedia":[{"embeddable":true,"href":"https:\/\/baldumarket.lt\/lt\/wp-json\/wp\/v2\/media\/158255"}],"wp:attachment":[{"href":"https:\/\/baldumarket.lt\/lt\/wp-json\/wp\/v2\/media?parent=158254"}],"wp:term":[{"taxonomy":"product_brand","embeddable":true,"href":"https:\/\/baldumarket.lt\/lt\/wp-json\/wp\/v2\/product_brand?post=158254"},{"taxonomy":"product_cat","embeddable":true,"href":"https:\/\/baldumarket.lt\/lt\/wp-json\/wp\/v2\/product_cat?post=158254"},{"taxonomy":"product_tag","embeddable":true,"href":"https:\/\/baldumarket.lt\/lt\/wp-json\/wp\/v2\/product_tag?post=158254"}],"curies":[{"name":"wp","href":"https:\/\/api.w.org\/{rel}","templated":true}]}}