{"id":158251,"date":"2025-12-18T23:56:08","date_gmt":"2025-12-18T20:56:08","guid":{"rendered":"https:\/\/baldumarket.lt\/product\/szafka-kuchenna-dolna-otwarta-prawa-d25pz-p-linea-grey-szary-mat\/"},"modified":"2026-02-18T11:34:19","modified_gmt":"2026-02-18T08:34:19","slug":"szafka-kuchenna-dolna-otwarta-prawa-d25pz-p-linea-grey-szary-mat","status":"publish","type":"product","link":"https:\/\/baldumarket.lt\/lt\/product\/szafka-kuchenna-dolna-otwarta-prawa-d25pz-p-linea-grey-szary-mat\/","title":{"rendered":"Apatin\u0117 atvira de\u0161inioji virtuv\u0117s spintel\u0117 D25PZ-P Linea pilka matin\u0117"},"content":{"rendered":"<p>Apatin\u0117 de\u0161inin\u0117 atvira virtuv\u0117s spintel\u0117 D25PZ-P i\u0161 garsaus \u201eGa\u0142a Meble\u201c prek\u0117s \u017eenklo \u201eLinea Grey\u201c kolekcijos yra puikus pasirinkimas tiems, kurie vertina modern\u0173 dizain\u0105 ir funkcionalum\u0105. Eleganti\u0161kas, matinis pilkas atspalvis suteikia virtuvei unikal\u0173 stili\u0173 ir subtilum\u0105, skland\u017eiai dera prie \u012fvairi\u0173 interjero dizain\u0173.<\/p>\n<p>D\u0117l minimalistinio dizaino ir kompakti\u0161k\u0173 matmen\u0173 \u0161i spintel\u0117 idealiai tinka ma\u017eesn\u0117ms erdv\u0117ms ir yra prakti\u0161kas daikt\u0173 laikymo sprendimas. Lygi fasad\u0173 apdaila pabr\u0117\u017eia rafinuot\u0105 spintel\u0117s charakter\u012f, tod\u0117l tai puikus pasirinkimas \u0161iuolaikin\u0117ms virtuv\u0117ms, kur estetika yra tokia pat svarbi, kaip ir prakti\u0161kumas.<\/p>\n<p>Pagaminta i\u0161 auk\u0161tos kokyb\u0117s laminuotos plok\u0161t\u0117s, matin\u0117s baltos spalvos korpusas garantuoja patvarum\u0105 ir atsparum\u0105 kasdieniam naudojimui. Spintel\u0117 sukurta atsi\u017evelgiant \u012f patogum\u0105, o atvira forma leid\u017eia lengvai pasiekti viduje laikomus daiktus, taip supaprastinant virtuv\u0117s organizavim\u0105.<\/p>\n<p>\u0160ios spintel\u0117s surinkimas yra intuityvus ir sukurtas taip, kad j\u0105 b\u016bt\u0173 galima surinkti savaranki\u0161kai, taip taupant j\u016bs\u0173 laik\u0105 ir leid\u017eiant ja m\u0117gautis beveik i\u0161 karto. Tai puikus sprendimas tiems, kurie ie\u0161ko stiling\u0173, bet prieinam\u0173 bald\u0173 savo kulinarinei karalystei. \u012ene\u0161kite \u012f savo virtuv\u0119 gaivumo ir funkcionalumo su \u201eLinea Grey\u201c spintele, kuri pateisins kiekvieno nam\u0173 vir\u0117jo l\u016bkes\u010dius.<\/p>","protected":false},"excerpt":{"rendered":"<p>Plotis (cm): 25<br \/>\n\u016agis (cm): 72<br \/>\nGylis (cm): 45<\/p>","protected":false},"featured_media":158252,"comment_status":"open","ping_status":"open","template":"","meta":[],"product_brand":[],"product_cat":[9446,4106],"product_tag":[],"class_list":{"0":"post-158251","1":"product","2":"type-product","3":"status-publish","4":"has-post-thumbnail","6":"product_cat-kitchen-system-linea-white","7":"product_cat-gala-meble","9":"first","10":"instock","11":"purchasable","12":"product-type-simple"},"_links":{"self":[{"href":"https:\/\/baldumarket.lt\/lt\/wp-json\/wp\/v2\/product\/158251","targetHints":{"allow":["GET"]}}],"collection":[{"href":"https:\/\/baldumarket.lt\/lt\/wp-json\/wp\/v2\/product"}],"about":[{"href":"https:\/\/baldumarket.lt\/lt\/wp-json\/wp\/v2\/types\/product"}],"replies":[{"embeddable":true,"href":"https:\/\/baldumarket.lt\/lt\/wp-json\/wp\/v2\/comments?post=158251"}],"wp:featuredmedia":[{"embeddable":true,"href":"https:\/\/baldumarket.lt\/lt\/wp-json\/wp\/v2\/media\/158252"}],"wp:attachment":[{"href":"https:\/\/baldumarket.lt\/lt\/wp-json\/wp\/v2\/media?parent=158251"}],"wp:term":[{"taxonomy":"product_brand","embeddable":true,"href":"https:\/\/baldumarket.lt\/lt\/wp-json\/wp\/v2\/product_brand?post=158251"},{"taxonomy":"product_cat","embeddable":true,"href":"https:\/\/baldumarket.lt\/lt\/wp-json\/wp\/v2\/product_cat?post=158251"},{"taxonomy":"product_tag","embeddable":true,"href":"https:\/\/baldumarket.lt\/lt\/wp-json\/wp\/v2\/product_tag?post=158251"}],"curies":[{"name":"wp","href":"https:\/\/api.w.org\/{rel}","templated":true}]}}