{"id":158243,"date":"2025-12-18T23:55:54","date_gmt":"2025-12-18T20:55:54","guid":{"rendered":"https:\/\/baldumarket.lt\/product\/szafka-kuchenna-dolna-otwarta-prawa-d25pz-p-prowansja-bialy-mat\/"},"modified":"2026-02-08T10:06:28","modified_gmt":"2026-02-08T07:06:28","slug":"szafka-kuchenna-dolna-otwarta-prawa-d25pz-p-prowansja-bialy-mat","status":"publish","type":"product","link":"https:\/\/baldumarket.lt\/lt\/product\/szafka-kuchenna-dolna-otwarta-prawa-d25pz-p-prowansja-bialy-mat\/","title":{"rendered":"Apatin\u0117 atvira de\u0161inioji virtuv\u0117s spintel\u0117 D25PZ-P Provanso balta matin\u0117"},"content":{"rendered":"<p>Atraskite m\u016bs\u0173 D25PZ-P Provence de\u0161inin\u0117s apatin\u0117s atviros virtuv\u0117s spintel\u0117s \u017eaves\u012f ir funkcionalum\u0105. Jos matin\u0117 balta spalva puikiai dera prie modernaus virtuv\u0117s dizaino, suteikdama lengvumo ir elegancijos. \u0160i spintel\u0117 yra ne tik prakti\u0161ka, bet ir ne\u012ftik\u0117tinai stilinga, tod\u0117l ji tampa nepakei\u010diamu j\u016bs\u0173 virtuv\u0117s elementu.<\/p>\n<p>\u0160i spintel\u0117 buvo sukurta siekiant maksimaliai i\u0161naudoti erdv\u0119. Atviras dizainas leid\u017eia lengvai susitvarkyti kasdienius daiktus ir tuo pa\u010diu metu pasiekti visk\u0105, ko reikia. Puikiai tinka ma\u017eoms virtuv\u0117ms, kuriose funkcionalumas ir estetika turi der\u0117ti.<\/p>\n<p>Pagaminta i\u0161 patvarios laminuotos plok\u0161t\u0117s, spintel\u0117 garantuoja puik\u0173 atsparum\u0105 kasdieniam naudojimui ir i\u0161laiko savo elegancij\u0105 ilgus metus. Subtilios linijos ir matin\u0117 balta apdaila leid\u017eia jai der\u0117ti prie bet kokio stiliaus \u2013 nuo minimalistinio iki klasikinio.<\/p>\n<p>Spintel\u0117s surinkimas yra paprastas ir intuityvus, u\u017etikrinantis visi\u0161k\u0105 pasitenkinim\u0105 nuo pat pirmos akimirkos. Pasirinkdami \u0161\u012f model\u012f, investuojate \u012f kokyb\u0119 ir komfort\u0105, kuris lyd\u0117s jus kiekvien\u0105 dien\u0105 j\u016bs\u0173 virtuv\u0117s karalyst\u0117je.<\/p>","protected":false},"excerpt":{"rendered":"<p>Plotis (cm): 25<br \/>\n\u016agis (cm): 82<br \/>\nGylis (cm): 45<\/p>","protected":false},"featured_media":158244,"comment_status":"open","ping_status":"open","template":"","meta":[],"product_brand":[],"product_cat":[9444,4106,9118],"product_tag":[],"class_list":{"0":"post-158243","1":"product","2":"type-product","3":"status-publish","4":"has-post-thumbnail","6":"product_cat-kitchen-system-prowansja-sosna-andersen","7":"product_cat-gala-meble","8":"product_cat-kitchen-cabinets","10":"first","11":"instock","12":"purchasable","13":"product-type-simple"},"_links":{"self":[{"href":"https:\/\/baldumarket.lt\/lt\/wp-json\/wp\/v2\/product\/158243","targetHints":{"allow":["GET"]}}],"collection":[{"href":"https:\/\/baldumarket.lt\/lt\/wp-json\/wp\/v2\/product"}],"about":[{"href":"https:\/\/baldumarket.lt\/lt\/wp-json\/wp\/v2\/types\/product"}],"replies":[{"embeddable":true,"href":"https:\/\/baldumarket.lt\/lt\/wp-json\/wp\/v2\/comments?post=158243"}],"wp:featuredmedia":[{"embeddable":true,"href":"https:\/\/baldumarket.lt\/lt\/wp-json\/wp\/v2\/media\/158244"}],"wp:attachment":[{"href":"https:\/\/baldumarket.lt\/lt\/wp-json\/wp\/v2\/media?parent=158243"}],"wp:term":[{"taxonomy":"product_brand","embeddable":true,"href":"https:\/\/baldumarket.lt\/lt\/wp-json\/wp\/v2\/product_brand?post=158243"},{"taxonomy":"product_cat","embeddable":true,"href":"https:\/\/baldumarket.lt\/lt\/wp-json\/wp\/v2\/product_cat?post=158243"},{"taxonomy":"product_tag","embeddable":true,"href":"https:\/\/baldumarket.lt\/lt\/wp-json\/wp\/v2\/product_tag?post=158243"}],"curies":[{"name":"wp","href":"https:\/\/api.w.org\/{rel}","templated":true}]}}