{"id":158240,"date":"2025-12-18T23:55:48","date_gmt":"2025-12-18T20:55:48","guid":{"rendered":"https:\/\/baldumarket.lt\/product\/szafka-kuchenna-dolna-otwarta-prawa-d25pz-p-sycylia-andersen\/"},"modified":"2026-02-06T12:47:03","modified_gmt":"2026-02-06T09:47:03","slug":"szafka-kuchenna-dolna-otwarta-prawa-d25pz-p-sycylia-andersen","status":"publish","type":"product","link":"https:\/\/baldumarket.lt\/lt\/product\/szafka-kuchenna-dolna-otwarta-prawa-d25pz-p-sycylia-andersen\/","title":{"rendered":"Apatin\u0117 atvira de\u0161inioji virtuv\u0117s spintel\u0117 D25PZ-P Sicily Andersen"},"content":{"rendered":"<p>Pasisveikinkite su i\u0161skirtine elegancija, kuri\u0105 \u012f j\u016bs\u0173 virtuv\u0119 atne\u0161a de\u0161inin\u0117 apatin\u0117 virtuv\u0117s spintel\u0117 D25PZ-P i\u0161 \u201eSycylia Andersen\u201c kolekcijos, priklausanti garsiam \u201eGa\u0142a Meble\u201c prek\u0117s \u017eenklui. \u0160i ma\u017ea, bet i\u0161skirtinai stilinga spintel\u0117 traukia d\u0117mes\u012f minimalistiniu dizainu ir universalia balta apdaila. Tai puikus pasirinkimas tiems, kurie vertina \u0161iuolaikinius dizaino sprendimus, derinan\u010dius paprastum\u0105 ir funkcionalum\u0105.<\/p>\n<p>\u201eSycylia Andersen\u201c serijos virtuv\u0117s spintel\u0117 \u2013 tai daugiau nei tik daikt\u0173 laikymo vieta. Ji suteikia visai virtuv\u0117s erdvei lengvumo, o atviras dizainas suteikia neribot\u0105 laisv\u0119 eksponuoti m\u0117gstamus patiekalus ar dekoracijas, kurias norite visada tur\u0117ti po ranka. D\u0117l kompakti\u0161k\u0173 matmen\u0173 j\u0105 lengva pritaikyti bet kurioje virtuv\u0117je neu\u017eimant vertingos vietos.<\/p>\n<p>D\u0117l gerai apgalvoto dizaino \u0161i virtuv\u0117s spintel\u0117 yra puikus sprendimas vis\u0173 r\u016b\u0161i\u0173 smulkiems virtuv\u0117s daiktams laikyti. Galite lengvai susisteminti savo erdv\u0119 pagal savo konkre\u010dius poreikius ir gyvenimo b\u016bd\u0105. Matin\u0117 balta apdaila suteikia virtuvei modern\u0173 charakter\u012f, kuris puikiai dera prie \u012fvairi\u0173 interjero dizain\u0173 ir stili\u0173.<\/p>\n<p>D25PZ-P spintel\u0117 pagaminta i\u0161 patvarios laminuotos plok\u0161t\u0117s, tod\u0117l ji ne tik puikiai atrodo, bet ir yra atspari kasdieniam d\u0117v\u0117jimuisi. Be to, j\u0105 lengva surinkti ir nereikia speciali\u0173 \u012franki\u0173 \u2013 tai savyb\u0117, kuri\u0105 tikrai \u012fvertins tie, kuriems patinka \u201epasidaryk pats\u201c interjero dizaino i\u0161\u0161\u016bkiai. Prisijunkite prie patenkint\u0173 vartotoj\u0173 gret\u0173 ir patys \u012fsitikinkite, kiek daug skirtumo gali padaryti vienas gerai parinktas baldas.<\/p>","protected":false},"excerpt":{"rendered":"<p>Plotis (cm): 25<br \/>\n\u016agis (cm): 82<br \/>\nGylis (cm): 45<\/p>","protected":false},"featured_media":158241,"comment_status":"open","ping_status":"open","template":"","meta":[],"product_brand":[],"product_cat":[9440,9441,4106,9118],"product_tag":[],"class_list":{"0":"post-158240","1":"product","2":"type-product","3":"status-publish","4":"has-post-thumbnail","6":"product_cat-kitchen-system-sycylia-sosna-andersen","7":"product_cat-white","8":"product_cat-gala-meble","9":"product_cat-kitchen-cabinets","11":"first","12":"instock","13":"purchasable","14":"product-type-simple"},"_links":{"self":[{"href":"https:\/\/baldumarket.lt\/lt\/wp-json\/wp\/v2\/product\/158240","targetHints":{"allow":["GET"]}}],"collection":[{"href":"https:\/\/baldumarket.lt\/lt\/wp-json\/wp\/v2\/product"}],"about":[{"href":"https:\/\/baldumarket.lt\/lt\/wp-json\/wp\/v2\/types\/product"}],"replies":[{"embeddable":true,"href":"https:\/\/baldumarket.lt\/lt\/wp-json\/wp\/v2\/comments?post=158240"}],"wp:featuredmedia":[{"embeddable":true,"href":"https:\/\/baldumarket.lt\/lt\/wp-json\/wp\/v2\/media\/158241"}],"wp:attachment":[{"href":"https:\/\/baldumarket.lt\/lt\/wp-json\/wp\/v2\/media?parent=158240"}],"wp:term":[{"taxonomy":"product_brand","embeddable":true,"href":"https:\/\/baldumarket.lt\/lt\/wp-json\/wp\/v2\/product_brand?post=158240"},{"taxonomy":"product_cat","embeddable":true,"href":"https:\/\/baldumarket.lt\/lt\/wp-json\/wp\/v2\/product_cat?post=158240"},{"taxonomy":"product_tag","embeddable":true,"href":"https:\/\/baldumarket.lt\/lt\/wp-json\/wp\/v2\/product_tag?post=158240"}],"curies":[{"name":"wp","href":"https:\/\/api.w.org\/{rel}","templated":true}]}}