{"id":158237,"date":"2025-12-18T23:55:43","date_gmt":"2025-12-18T20:55:43","guid":{"rendered":"https:\/\/baldumarket.lt\/product\/szafka-kuchenna-dolna-otwarta-prawa-d25pz-p-sycylia-orzech\/"},"modified":"2026-02-06T14:32:44","modified_gmt":"2026-02-06T11:32:44","slug":"szafka-kuchenna-dolna-otwarta-prawa-d25pz-p-sycylia-orzech","status":"publish","type":"product","link":"https:\/\/baldumarket.lt\/lt\/product\/szafka-kuchenna-dolna-otwarta-prawa-d25pz-p-sycylia-orzech\/","title":{"rendered":"Apatin\u0117 atvira de\u0161inioji virtuv\u0117s spintel\u0117 D25PZ-P Sicily Walnut"},"content":{"rendered":"<p>Suteikite savo virtuvei elegancijos ir prakti\u0161kumo su atviro plano apatine spintele i\u0161 \u201eGa\u0142a Meble\u201c kolekcijos \u201eSicylia\u201c. Klasikin\u0117 Milano rie\u0161utmed\u017eio apdaila suteiks kambariui \u0161ilt\u0105 ir jauk\u0173 poj\u016bt\u012f. Tai puikus sprendimas tiems, kurie vertina stiling\u0105 ir funkcional\u0173 interjero dizain\u0105.<\/p>\n<p>Planuojate pertvarkyti savo virtuv\u0117s erdv\u0119, o gal ie\u0161kote papildomos vietos daiktams laikyti? \u0160i spintel\u0117 puikiai pateisins j\u016bs\u0173 l\u016bkes\u010dius, si\u016blydama i\u0161man\u0173 daikt\u0173 laikymo sprendim\u0105. Joje yra daug vietos svarbiausiems virtuv\u0117s reikmenims, tod\u0117l j\u016bs\u0173 erdv\u0117 visada atrodo tvarkinga ir organizuota.<\/p>\n<p>Spintel\u0117 \u201eSicylia\u201c harmoningai \u012fsilies \u012f \u012fvairius interjero dizainus \u2013 nuo klasikinio iki modernaus. Laminuota plok\u0161t\u0117 yra ne tik patvari, bet ir lengvai valoma, tod\u0117l kasdienis naudojimas yra daug lengvesnis. \u0160is gaminys sujungia auk\u0161t\u0105 kokyb\u0119 ir patogum\u0105.<\/p>\n<p>Kiekvienas, m\u0117gstantis \u201epasidaryk pats\u201c projektus, gali susitvarkyti su surinkimu. \u0160i spintel\u0117 buvo sukurta savaranki\u0161kam surinkimui, tod\u0117l ne tik pasitenkinimas rank\u0173 darbu, bet ir galimyb\u0117 j\u0105 tiksliai pritaikyti individualiems poreikiams. Leiskite \u201eGa\u0142a Meble\u201c pakelti j\u016bs\u0173 virtuv\u0117s svajones \u012f kit\u0105 funkcionalumo ir stiliaus lyg\u012f.<\/p>","protected":false},"excerpt":{"rendered":"<p>Plotis (cm): 25<br \/>\n\u016agis (cm): 82<br \/>\nGylis (cm): 45<\/p>","protected":false},"featured_media":158238,"comment_status":"open","ping_status":"open","template":"","meta":[],"product_brand":[],"product_cat":[9450,4106,9118],"product_tag":[],"class_list":{"0":"post-158237","1":"product","2":"type-product","3":"status-publish","4":"has-post-thumbnail","6":"product_cat-kitchen-system-sycylia-orzech-milano","7":"product_cat-gala-meble","8":"product_cat-kitchen-cabinets","10":"first","11":"instock","12":"purchasable","13":"product-type-simple"},"_links":{"self":[{"href":"https:\/\/baldumarket.lt\/lt\/wp-json\/wp\/v2\/product\/158237","targetHints":{"allow":["GET"]}}],"collection":[{"href":"https:\/\/baldumarket.lt\/lt\/wp-json\/wp\/v2\/product"}],"about":[{"href":"https:\/\/baldumarket.lt\/lt\/wp-json\/wp\/v2\/types\/product"}],"replies":[{"embeddable":true,"href":"https:\/\/baldumarket.lt\/lt\/wp-json\/wp\/v2\/comments?post=158237"}],"wp:featuredmedia":[{"embeddable":true,"href":"https:\/\/baldumarket.lt\/lt\/wp-json\/wp\/v2\/media\/158238"}],"wp:attachment":[{"href":"https:\/\/baldumarket.lt\/lt\/wp-json\/wp\/v2\/media?parent=158237"}],"wp:term":[{"taxonomy":"product_brand","embeddable":true,"href":"https:\/\/baldumarket.lt\/lt\/wp-json\/wp\/v2\/product_brand?post=158237"},{"taxonomy":"product_cat","embeddable":true,"href":"https:\/\/baldumarket.lt\/lt\/wp-json\/wp\/v2\/product_cat?post=158237"},{"taxonomy":"product_tag","embeddable":true,"href":"https:\/\/baldumarket.lt\/lt\/wp-json\/wp\/v2\/product_tag?post=158237"}],"curies":[{"name":"wp","href":"https:\/\/api.w.org\/{rel}","templated":true}]}}