{"id":158234,"date":"2025-12-18T23:55:38","date_gmt":"2025-12-18T20:55:38","guid":{"rendered":"https:\/\/baldumarket.lt\/product\/szafka-kuchenna-dolna-otwarta-sorento-d15p-baltic-storm\/"},"modified":"2026-02-18T11:10:50","modified_gmt":"2026-02-18T08:10:50","slug":"szafka-kuchenna-dolna-otwarta-sorento-d15p-baltic-storm","status":"publish","type":"product","link":"https:\/\/baldumarket.lt\/lt\/product\/szafka-kuchenna-dolna-otwarta-sorento-d15p-baltic-storm\/","title":{"rendered":"Sorento D15P Baltic Storm apatin\u0117 atvira virtuv\u0117s spintel\u0117"},"content":{"rendered":"<p>Atraskite unikal\u0173 \u201eSorento D15P\u201c atviros virtuv\u0117s spintel\u0117s \u201eBaltic Storm\u201c dizain\u0105 ir elegancij\u0105. \u0160is gra\u017eus baldas tapo modernumo ir funkcionalumo sinonimu, skland\u017eiai \u012fsiliejantis tiek \u012f modern\u0173, tiek \u012f klasikin\u012f interjer\u0105. \u201eBaltic Storm\u201c spalv\u0173 sodrumas suteikia virtuvei unikali\u0105 atmosfer\u0105, \u017eavi ak\u012f ir savo originalumu.<\/p>\n<p>I\u0161skirtinai plonas, vos 15 cm plo\u010dio, \u201eSorento D15P\u201c spintel\u0117s dizainas yra puikus sprendimas virtuv\u0117ms, kuriose svarbus kiekvienas erdv\u0117s centimetras. Funkciniai matmenys leid\u017eia prakti\u0161kai i\u0161planuoti interjer\u0105, o atviras dizainas palengvina prieig\u0105 prie b\u016btiniausi\u0173 virtuv\u0117s reikmen\u0173, kuriuos visada norite tur\u0117ti po ranka.<\/p>\n<p>Spintel\u0117 pagaminta i\u0161 laminuotos plok\u0161t\u0117s, tod\u0117l ji yra ne tik esteti\u0161ka, bet ir patvari. \u0160i med\u017eiaga atspari pa\u017eeidimams, garantuoja ilgaam\u017ei\u0161kum\u0105 nepakenkiant kokybei. Investuodami \u012f \u201eSorento D15P\u201c spintel\u0119, \u012fsigysite bald\u0105, kuris puikiai derina gro\u017e\u012f ir prakti\u0161kum\u0105.<\/p>\n<p>Reguliuojamos kojel\u0117s leid\u017eia idealiai pritaikyti spintel\u0117s auk\u0161t\u012f pagal j\u016bs\u0173 poreikius, taip \u017eymiai padidinant komfort\u0105. Be to, savaranki\u0161ko surinkimo galimyb\u0117 suteikia suasmeninimo ir pritaikymo laisv\u0119 individualiems poreikiams, tod\u0117l kiekviena \u201eSorento D15P\u201c spintel\u0117 yra unikali ir nepakartojama.<\/p>","protected":false},"excerpt":{"rendered":"<p>Plotis (cm): 15<br \/>\n\u016agis (cm): 87<br \/>\nGylis (cm): 30<\/p>","protected":false},"featured_media":158235,"comment_status":"open","ping_status":"open","template":"","meta":[],"product_brand":[],"product_cat":[9436,4106],"product_tag":[],"class_list":{"0":"post-158234","1":"product","2":"type-product","3":"status-publish","4":"has-post-thumbnail","6":"product_cat-kitchen-system-sorento","7":"product_cat-gala-meble","9":"first","10":"instock","11":"purchasable","12":"product-type-simple"},"_links":{"self":[{"href":"https:\/\/baldumarket.lt\/lt\/wp-json\/wp\/v2\/product\/158234","targetHints":{"allow":["GET"]}}],"collection":[{"href":"https:\/\/baldumarket.lt\/lt\/wp-json\/wp\/v2\/product"}],"about":[{"href":"https:\/\/baldumarket.lt\/lt\/wp-json\/wp\/v2\/types\/product"}],"replies":[{"embeddable":true,"href":"https:\/\/baldumarket.lt\/lt\/wp-json\/wp\/v2\/comments?post=158234"}],"wp:featuredmedia":[{"embeddable":true,"href":"https:\/\/baldumarket.lt\/lt\/wp-json\/wp\/v2\/media\/158235"}],"wp:attachment":[{"href":"https:\/\/baldumarket.lt\/lt\/wp-json\/wp\/v2\/media?parent=158234"}],"wp:term":[{"taxonomy":"product_brand","embeddable":true,"href":"https:\/\/baldumarket.lt\/lt\/wp-json\/wp\/v2\/product_brand?post=158234"},{"taxonomy":"product_cat","embeddable":true,"href":"https:\/\/baldumarket.lt\/lt\/wp-json\/wp\/v2\/product_cat?post=158234"},{"taxonomy":"product_tag","embeddable":true,"href":"https:\/\/baldumarket.lt\/lt\/wp-json\/wp\/v2\/product_tag?post=158234"}],"curies":[{"name":"wp","href":"https:\/\/api.w.org\/{rel}","templated":true}]}}