{"id":158231,"date":"2025-12-18T23:55:33","date_gmt":"2025-12-18T20:55:33","guid":{"rendered":"https:\/\/baldumarket.lt\/product\/szafka-kuchenna-dolna-otwarta-sorento-d15p-bialy-mat\/"},"modified":"2026-02-18T11:10:50","modified_gmt":"2026-02-18T08:10:50","slug":"szafka-kuchenna-dolna-otwarta-sorento-d15p-bialy-mat","status":"publish","type":"product","link":"https:\/\/baldumarket.lt\/lt\/product\/szafka-kuchenna-dolna-otwarta-sorento-d15p-bialy-mat\/","title":{"rendered":"Sorento D15P atvira apatin\u0117 virtuv\u0117s spintel\u0117, matin\u0117 balta"},"content":{"rendered":"<p>Atraskite unikal\u0173 stili\u0173 ir funkcionalum\u0105, kur\u012f si\u016blo atvira apatin\u0117 \u201eSorento D15P\u201c virtuv\u0117s spintel\u0117 matin\u0117s baltos spalvos. \u0160i eleganti\u0161ka spintel\u0117 buvo sukurta galvojant apie modernias virtuves, derinant minimalistin\u012f dizain\u0105 su prakti\u0161kais sprendimais, kurie j\u016bs\u0173 erdv\u0119 pavers ne tik gra\u017eia, bet ir ne\u012ftik\u0117tinai funkcionalia. Universali matin\u0117 balta spalva puikiai dera su \u012fvairiais bald\u0173 ir aksesuar\u0173 atspalviais, sukurdama harmoning\u0105 interjer\u0105.<\/p>\n<p>\u0160i 15 cm plo\u010dio ir 87 cm auk\u0161\u010dio spintel\u0117 \u2013 puikus sprendimas norint lengvai sutvarkyti net ir ma\u017eiausias erdves. Pagaminta i\u0161 atsparios pa\u017eeidimams laminuotos plok\u0161t\u0117s, ji garantuoja patvarum\u0105 ir ilgaam\u017ei\u0161kum\u0105. D\u0117l auk\u0161t\u0173, reguliuojamo auk\u0161\u010dio juod\u0173 kojeli\u0173 galite lengvai pritaikyti j\u0173 auk\u0161t\u012f pagal savo poreikius, taip suteikdami lankstumo ir patogumo. \u0160is estetikos ir auk\u0161\u010dio derinys gali gerokai supaprastinti kasdien\u012f maisto gaminim\u0105 ir naudojim\u0105 virtuv\u0117je.<\/p>\n<p>Gerai apgalvotas atviros spintel\u0117s dizainas leid\u017eia eleganti\u0161kai i\u0161d\u0117styti stalo \u012frankius, prieskonius ir dekoratyvinius aksesuarus. Ypa\u010d virtuv\u0117se, kuriose stilius ir funkcionalumas dera tarpusavyje, \u0161i spintel\u0117 gali b\u016bti gra\u017eus dekoratyvinis elementas ir kartu prakti\u0161ka daikt\u0173 laikymo vieta. Atvira erdv\u0117 suteikia lengv\u0105 prieig\u0105 prie b\u016btiniausi\u0173 daikt\u0173, tod\u0117l kasdienis maisto gaminimas tampa dar malonesnis.<\/p>\n<p>Surinkdami spintel\u0119 patys, pasijusite savo interjero dizaineriu, o surinkimo procesas taps u\u017ekre\u010diamo k\u016brybos d\u017eiaugsmo dalimi. Paprast\u0173 instrukcij\u0173 d\u0117ka kiekvienas gali susikurti savo virtuv\u0119 pagal savo individual\u0173 stili\u0173. Pasirinkdami atvir\u0105 virtuv\u0117s spintel\u0119 \u201eSorento D15P\u201c, investuojate \u012f kokyb\u0119, elegancij\u0105 ir funkcionalum\u0105 \u2013 visk\u0105, ko reikia norint susikurti svajoni\u0173 virtuv\u0119.<\/p>","protected":false},"excerpt":{"rendered":"<p>Plotis (cm): 15<br \/>\n\u016agis (cm): 87<br \/>\nGylis (cm): 30<\/p>","protected":false},"featured_media":158232,"comment_status":"open","ping_status":"open","template":"","meta":[],"product_brand":[],"product_cat":[9436,4106],"product_tag":[],"class_list":{"0":"post-158231","1":"product","2":"type-product","3":"status-publish","4":"has-post-thumbnail","6":"product_cat-kitchen-system-sorento","7":"product_cat-gala-meble","9":"first","10":"instock","11":"purchasable","12":"product-type-simple"},"_links":{"self":[{"href":"https:\/\/baldumarket.lt\/lt\/wp-json\/wp\/v2\/product\/158231","targetHints":{"allow":["GET"]}}],"collection":[{"href":"https:\/\/baldumarket.lt\/lt\/wp-json\/wp\/v2\/product"}],"about":[{"href":"https:\/\/baldumarket.lt\/lt\/wp-json\/wp\/v2\/types\/product"}],"replies":[{"embeddable":true,"href":"https:\/\/baldumarket.lt\/lt\/wp-json\/wp\/v2\/comments?post=158231"}],"wp:featuredmedia":[{"embeddable":true,"href":"https:\/\/baldumarket.lt\/lt\/wp-json\/wp\/v2\/media\/158232"}],"wp:attachment":[{"href":"https:\/\/baldumarket.lt\/lt\/wp-json\/wp\/v2\/media?parent=158231"}],"wp:term":[{"taxonomy":"product_brand","embeddable":true,"href":"https:\/\/baldumarket.lt\/lt\/wp-json\/wp\/v2\/product_brand?post=158231"},{"taxonomy":"product_cat","embeddable":true,"href":"https:\/\/baldumarket.lt\/lt\/wp-json\/wp\/v2\/product_cat?post=158231"},{"taxonomy":"product_tag","embeddable":true,"href":"https:\/\/baldumarket.lt\/lt\/wp-json\/wp\/v2\/product_tag?post=158231"}],"curies":[{"name":"wp","href":"https:\/\/api.w.org\/{rel}","templated":true}]}}