{"id":158228,"date":"2025-12-18T23:55:28","date_gmt":"2025-12-18T20:55:28","guid":{"rendered":"https:\/\/baldumarket.lt\/product\/szafka-kuchenna-dolna-otwarta-sorento-d15p-puccini\/"},"modified":"2026-02-18T11:10:50","modified_gmt":"2026-02-18T08:10:50","slug":"szafka-kuchenna-dolna-otwarta-sorento-d15p-puccini","status":"publish","type":"product","link":"https:\/\/baldumarket.lt\/lt\/product\/szafka-kuchenna-dolna-otwarta-sorento-d15p-puccini\/","title":{"rendered":"Puccini Sorento D15P atvira apatin\u0117 virtuv\u0117s spintel\u0117"},"content":{"rendered":"<p>Suteikite savo virtuvei elegancijos su \u201ePuccini Sorento D15P\u201c virtuv\u0117s spintele. \u0160i kompakti\u0161ka spintel\u0117, puikiai atitinkanti \u0161iuolaikines tendencijas, suteikia bet kokiam interjerui gaivumo ir stiliaus. Apdaila \u201ePuccini\u201c spalva puikiai dera su \u012fvairiomis spalv\u0173 palet\u0117mis ir sukuria estetin\u012f akcent\u0105 j\u016bs\u0173 virtuv\u0117je.<\/p>\n<p>Sukurtas galvojant apie kasdien\u012f funkcionalum\u0105, atviras dizainas leid\u017eia greitai pasiekti b\u016btiniausius daiktus. D\u0117l ergonomi\u0161kos formos jis idealiai tinka ma\u017eesn\u0117ms erdv\u0117ms. Tai prakti\u0161kas sprendimas visiems, kurie vertina tvark\u0105 ir virtuv\u0117s reikmen\u0173 prieinamum\u0105.<\/p>\n<p>Laminuota plok\u0161t\u0117, i\u0161 kurios ji pagaminta, ne tik u\u017etikrina eleganti\u0161k\u0105 i\u0161vaizd\u0105, bet ir atsparum\u0105 pa\u017eeidimams, u\u017etikrinant ilgaam\u017ei\u0161kum\u0105. Tvirta konstrukcija garantuoja ne tik stabilum\u0105, bet ir lengv\u0105 valym\u0105, o tai labai svarbu bet kurioje virtuv\u0117je. Be to, spintel\u0117 stovi ant eleganti\u0161k\u0173 reguliuojam\u0173 kojeli\u0173, kuri\u0173 auk\u0161t\u012f galima reguliuoti nuo 150 iki 170 mm, taip padidinant komfort\u0105.<\/p>\n<p>Savaranki\u0161kas surinkimas rei\u0161kia, kad galite patirti pasitenkinim\u0105 surinkdami baldus patys, o paprastos ir intuityvios instrukcijos pavers vis\u0105 proces\u0105 malonumu. \u201eSorento D15P Puccini\u201c modelis ne tik pakeis j\u016bs\u0173 virtuv\u0117s i\u0161vaizd\u0105, bet ir pabr\u0117\u0161 j\u016bs\u0173 aistr\u0105 auk\u0161tai kokybei ir prakti\u0161kam dizainui. I\u0161reik\u0161kite savo asmenyb\u0119 pasirinkdami \u0161\u012f unikal\u0173 virtuv\u0117s sprendim\u0105.<\/p>","protected":false},"excerpt":{"rendered":"<p>Plotis (cm): 15<br \/>\n\u016agis (cm): 87<br \/>\nGylis (cm): 30<\/p>","protected":false},"featured_media":158229,"comment_status":"open","ping_status":"open","template":"","meta":[],"product_brand":[],"product_cat":[9436,4106],"product_tag":[],"class_list":{"0":"post-158228","1":"product","2":"type-product","3":"status-publish","4":"has-post-thumbnail","6":"product_cat-kitchen-system-sorento","7":"product_cat-gala-meble","9":"first","10":"instock","11":"purchasable","12":"product-type-simple"},"_links":{"self":[{"href":"https:\/\/baldumarket.lt\/lt\/wp-json\/wp\/v2\/product\/158228","targetHints":{"allow":["GET"]}}],"collection":[{"href":"https:\/\/baldumarket.lt\/lt\/wp-json\/wp\/v2\/product"}],"about":[{"href":"https:\/\/baldumarket.lt\/lt\/wp-json\/wp\/v2\/types\/product"}],"replies":[{"embeddable":true,"href":"https:\/\/baldumarket.lt\/lt\/wp-json\/wp\/v2\/comments?post=158228"}],"wp:featuredmedia":[{"embeddable":true,"href":"https:\/\/baldumarket.lt\/lt\/wp-json\/wp\/v2\/media\/158229"}],"wp:attachment":[{"href":"https:\/\/baldumarket.lt\/lt\/wp-json\/wp\/v2\/media?parent=158228"}],"wp:term":[{"taxonomy":"product_brand","embeddable":true,"href":"https:\/\/baldumarket.lt\/lt\/wp-json\/wp\/v2\/product_brand?post=158228"},{"taxonomy":"product_cat","embeddable":true,"href":"https:\/\/baldumarket.lt\/lt\/wp-json\/wp\/v2\/product_cat?post=158228"},{"taxonomy":"product_tag","embeddable":true,"href":"https:\/\/baldumarket.lt\/lt\/wp-json\/wp\/v2\/product_tag?post=158228"}],"curies":[{"name":"wp","href":"https:\/\/api.w.org\/{rel}","templated":true}]}}