{"id":158223,"date":"2025-12-18T23:55:18","date_gmt":"2025-12-18T20:55:18","guid":{"rendered":"https:\/\/baldumarket.lt\/product\/szafka-kuchenna-dolna-pod-zlew-2d-sorento-d80z-baltic-storm\/"},"modified":"2026-02-18T11:10:50","modified_gmt":"2026-02-18T08:10:50","slug":"szafka-kuchenna-dolna-pod-zlew-2d-sorento-d80z-baltic-storm","status":"publish","type":"product","link":"https:\/\/baldumarket.lt\/lt\/product\/szafka-kuchenna-dolna-pod-zlew-2d-sorento-d80z-baltic-storm\/","title":{"rendered":"Apatin\u0117 virtuv\u0117s spintel\u0117 2D kriauklei Sorento D80Z Baltic Storm"},"content":{"rendered":"<p>Pristatome \u201eSorento D80Z 2-D\u201c kriaukl\u0117s apatin\u0119 spintel\u0119 \u201eBaltic Storm\u201c spalvos \u2013 puik\u0173 \u0161iuolaikinio interjero papildym\u0105, suteikiant\u012f elegancijos ir stiliaus. Minimalistinis dizainas ir subtil\u016bs atspalviai kiekvienam j\u016bs\u0173 virtuv\u0117s kampeliui suteiks unikal\u0173 charakter\u012f. \u201eBaltic Storm\u201c \u2013 tai spalva, kuri harmoningai dera su \u012fvairiais dekoro elementais, tod\u0117l j\u0105 lengva integruoti \u012f bet kok\u012f interjer\u0105. M\u016bs\u0173 spintel\u0117 yra ne tik gra\u017ei, bet ir funkcionali. Ji buvo sukurta atsi\u017evelgiant \u012f prakti\u0161kum\u0105, suteikiant daug vietos j\u016bs\u0173 virtuv\u0117s reikmenims. 87 cm auk\u0161tis ir 52 cm gylis suteikia daug erdv\u0117s, o reguliuojamos 15 cm kojel\u0117s leid\u017eia puikiai priglusti prie bet koki\u0173 grind\u0173, \u017eymiai padidindamos komfort\u0105. D\u0117l tyli\u0173 \u201eClip-On\u201c vyri\u0173 spintel\u0117s dureli\u0173 atidarymas yra ne\u012ftik\u0117tinai patogus ir patogus. Pagaminta i\u0161 18 mm storio laminuotos plok\u0161t\u0117s, spintel\u0117 yra atspari pa\u017eeidimams ir lengvai valoma, tod\u0117l tai idealus sprendimas u\u017eimtoms virtuv\u0117s erdv\u0117ms. Tvirta konstrukcija ir juodos metalin\u0117s rankenos suteikia moderni\u0105 i\u0161vaizd\u0105, kuri tarnaus ilgus metus. Spintel\u0117 sukurta savaranki\u0161kam surinkimui, tod\u0117l galite j\u0105 lengvai sumontuoti patys, m\u0117gaudamiesi savo k\u016brybiniu laiku.<\/p>","protected":false},"excerpt":{"rendered":"<p>Plotis (cm): 80<br \/>\n\u016agis (cm): 87<br \/>\nGylis (cm): 52<\/p>","protected":false},"featured_media":158224,"comment_status":"open","ping_status":"open","template":"","meta":[],"product_brand":[],"product_cat":[9436,4106],"product_tag":[],"class_list":{"0":"post-158223","1":"product","2":"type-product","3":"status-publish","4":"has-post-thumbnail","6":"product_cat-kitchen-system-sorento","7":"product_cat-gala-meble","9":"first","10":"instock","11":"purchasable","12":"product-type-simple"},"_links":{"self":[{"href":"https:\/\/baldumarket.lt\/lt\/wp-json\/wp\/v2\/product\/158223","targetHints":{"allow":["GET"]}}],"collection":[{"href":"https:\/\/baldumarket.lt\/lt\/wp-json\/wp\/v2\/product"}],"about":[{"href":"https:\/\/baldumarket.lt\/lt\/wp-json\/wp\/v2\/types\/product"}],"replies":[{"embeddable":true,"href":"https:\/\/baldumarket.lt\/lt\/wp-json\/wp\/v2\/comments?post=158223"}],"wp:featuredmedia":[{"embeddable":true,"href":"https:\/\/baldumarket.lt\/lt\/wp-json\/wp\/v2\/media\/158224"}],"wp:attachment":[{"href":"https:\/\/baldumarket.lt\/lt\/wp-json\/wp\/v2\/media?parent=158223"}],"wp:term":[{"taxonomy":"product_brand","embeddable":true,"href":"https:\/\/baldumarket.lt\/lt\/wp-json\/wp\/v2\/product_brand?post=158223"},{"taxonomy":"product_cat","embeddable":true,"href":"https:\/\/baldumarket.lt\/lt\/wp-json\/wp\/v2\/product_cat?post=158223"},{"taxonomy":"product_tag","embeddable":true,"href":"https:\/\/baldumarket.lt\/lt\/wp-json\/wp\/v2\/product_tag?post=158223"}],"curies":[{"name":"wp","href":"https:\/\/api.w.org\/{rel}","templated":true}]}}