{"id":158218,"date":"2025-12-18T23:55:09","date_gmt":"2025-12-18T20:55:09","guid":{"rendered":"https:\/\/baldumarket.lt\/product\/szafka-kuchenna-dolna-regal-2-drzwiowy-d60r-p-l-langen-beige\/"},"modified":"2026-02-18T11:25:59","modified_gmt":"2026-02-18T08:25:59","slug":"szafka-kuchenna-dolna-regal-2-drzwiowy-d60r-p-l-langen-beige","status":"publish","type":"product","link":"https:\/\/baldumarket.lt\/lt\/product\/szafka-kuchenna-dolna-regal-2-drzwiowy-d60r-p-l-langen-beige\/","title":{"rendered":"Apatin\u0117 virtuv\u0117s spintel\u0117, 2 dur\u0173 lentyna, D60R, P\/L, Langen, sm\u0117lio spalvos"},"content":{"rendered":"<p>Pakelkite savo virtuv\u0119 \u012f auk\u0161tesn\u012f elegancijos lyg\u012f su apatine virtuv\u0117s spintele D60R su atviromis lentynomis klasikinio Langen Beige atspalvio. \u0160is unikalus garsaus \u201eGa\u0142a Meble\u201c prek\u0117s \u017eenklo baldas \u2013 tai tobulas estetikos ir funkcionalumo derinys, tikrai prad\u017eiuginsiantis modernaus dizaino m\u0117g\u0117jus. Matin\u0117s sm\u0117lio spalvos fasadas harmoningai dera su \u201eArtisan\u201c \u0105\u017euolo dekoru, sukurdamas darni\u0105 ir jauki\u0105 atmosfer\u0105. D\u0117l eleganti\u0161ko dizaino ir 60 cm plo\u010dio \u0161i spintel\u0117 puikiai tinka net ma\u017eesn\u0117ms virtuv\u0117ms, si\u016blydama optimali\u0105 daikt\u0173 laikymo erdv\u0119. Laminuotas korpusas ir MDF fasadai u\u017etikrina patvarum\u0105 ir atsparum\u0105 kasdieniam naudojimui, o juodos metalin\u0117s rankenos suteikia modernumo. \u0160i spintel\u0117 yra daugiau nei baldas; tai stilingas priedas, kuris papildys j\u016bs\u0173 interjer\u0105. Atviros lentynos yra prakti\u0161kas sprendimas, leid\u017eiantis eksponuoti m\u0117gstamus daiktus ar kulinarijos knygas ir suteikiantis erdvei unikal\u0173 stili\u0173. Reguliuojamos kojel\u0117s, nuo 10 iki 12,5 cm, leid\u017eia puikiai reguliuoti auk\u0161t\u012f, o tai ypa\u010d naudinga ant nelygi\u0173 grind\u0173. Tai u\u017etikrina, kad \u0161is baldas tarnaus jums daugel\u012f met\u0173 neprarandant savo patrauklumo ar funkcionalumo.<\/p>","protected":false},"excerpt":{"rendered":"<p>Plotis (cm): 60<br \/>\n\u016agis (cm): 212<br \/>\nGylis (cm): 58<\/p>","protected":false},"featured_media":158219,"comment_status":"open","ping_status":"open","template":"","meta":[],"product_brand":[],"product_cat":[9442,4106],"product_tag":[],"class_list":{"0":"post-158218","1":"product","2":"type-product","3":"status-publish","4":"has-post-thumbnail","6":"product_cat-kitchen-system-langen-dab-artisan","7":"product_cat-gala-meble","9":"first","10":"instock","11":"purchasable","12":"product-type-simple"},"_links":{"self":[{"href":"https:\/\/baldumarket.lt\/lt\/wp-json\/wp\/v2\/product\/158218","targetHints":{"allow":["GET"]}}],"collection":[{"href":"https:\/\/baldumarket.lt\/lt\/wp-json\/wp\/v2\/product"}],"about":[{"href":"https:\/\/baldumarket.lt\/lt\/wp-json\/wp\/v2\/types\/product"}],"replies":[{"embeddable":true,"href":"https:\/\/baldumarket.lt\/lt\/wp-json\/wp\/v2\/comments?post=158218"}],"wp:featuredmedia":[{"embeddable":true,"href":"https:\/\/baldumarket.lt\/lt\/wp-json\/wp\/v2\/media\/158219"}],"wp:attachment":[{"href":"https:\/\/baldumarket.lt\/lt\/wp-json\/wp\/v2\/media?parent=158218"}],"wp:term":[{"taxonomy":"product_brand","embeddable":true,"href":"https:\/\/baldumarket.lt\/lt\/wp-json\/wp\/v2\/product_brand?post=158218"},{"taxonomy":"product_cat","embeddable":true,"href":"https:\/\/baldumarket.lt\/lt\/wp-json\/wp\/v2\/product_cat?post=158218"},{"taxonomy":"product_tag","embeddable":true,"href":"https:\/\/baldumarket.lt\/lt\/wp-json\/wp\/v2\/product_tag?post=158218"}],"curies":[{"name":"wp","href":"https:\/\/api.w.org\/{rel}","templated":true}]}}