{"id":158213,"date":"2025-12-18T23:54:58","date_gmt":"2025-12-18T20:54:58","guid":{"rendered":"https:\/\/baldumarket.lt\/product\/szafka-kuchenna-dolna-sorento-2d-d60rwn-p-l-puccini-bezowy-mat\/"},"modified":"2026-02-18T11:10:35","modified_gmt":"2026-02-18T08:10:35","slug":"szafka-kuchenna-dolna-sorento-2d-d60rwn-p-l-puccini-bezowy-mat","status":"publish","type":"product","link":"https:\/\/baldumarket.lt\/lt\/product\/szafka-kuchenna-dolna-sorento-2d-d60rwn-p-l-puccini-bezowy-mat\/","title":{"rendered":"Apatin\u0117 virtuv\u0117s spintel\u0117 Sorento 2D D60RWN P\/L Puccini matin\u0117s sm\u0117lio spalvos"},"content":{"rendered":"<p>Atraskite elegancij\u0105 ir funkcionalum\u0105 viename su \u201eSorento\u201c apatine spintele. Jos nesenstantis dizainas ir subtili matin\u0117 sm\u0117lio spalva, harmoningai deranti su rafinuotu Puccini apdailos korpusu, \u012fne\u0161 \u012f j\u016bs\u0173 virtuv\u0119 modernios klasikos. Minimalistin\u0117s linijos ir precizi\u0161ka apdaila paver\u010dia \u0161i\u0105 spintel\u0119 ne tik prakti\u0161ku baldu, bet ir dekoratyviniu elementu j\u016bs\u0173 virtuv\u0117je. D\u0117l juod\u0173 metalini\u0173 ranken\u0117li\u0173 spintel\u0117 maloni akiai ir u\u017etikrina nepriekai\u0161ting\u0105 prieig\u0105 prie vidaus. Kiekvienas atidarymas yra sklandus ir tylus, d\u0117ka \u201eClip-On\u201c vyri\u0173 su \u0161velnaus u\u017edarymo funkcija. Tai puikus sprendimas tiems, kurie vertina komfort\u0105 ir eleganti\u0161kus, modernius akcentus savo gyvenamojoje erdv\u0117je. Ne tik i\u0161vaizda, bet ir prakti\u0161kumas daro \u201eSorento\u201c nepakei\u010diam\u0105 bet kurioje virtuv\u0117je. Spintel\u0117 yra erdvi, leid\u017eianti geriau organizuoti ir laikyti b\u016btiniausius virtuv\u0117s reikmenis. Reguliuojamos kojel\u0117s suteikia papildom\u0105 galimyb\u0119 reguliuoti auk\u0161t\u012f pagal savo poreikius, o patvari laminato plok\u0161t\u0117 garantuoja ilgalaik\u012f naudojim\u0105 ir atsparum\u0105 kasdieniam nusid\u0117v\u0117jimui.<\/p>","protected":false},"excerpt":{"rendered":"<p>Plotis (cm): 60<br \/>\n\u016agis (cm): 247<br \/>\nGylis (cm): 58<\/p>","protected":false},"featured_media":158214,"comment_status":"open","ping_status":"open","template":"","meta":[],"product_brand":[],"product_cat":[9436,4106],"product_tag":[],"class_list":{"0":"post-158213","1":"product","2":"type-product","3":"status-publish","4":"has-post-thumbnail","6":"product_cat-kitchen-system-sorento","7":"product_cat-gala-meble","9":"first","10":"instock","11":"purchasable","12":"product-type-simple"},"_links":{"self":[{"href":"https:\/\/baldumarket.lt\/lt\/wp-json\/wp\/v2\/product\/158213","targetHints":{"allow":["GET"]}}],"collection":[{"href":"https:\/\/baldumarket.lt\/lt\/wp-json\/wp\/v2\/product"}],"about":[{"href":"https:\/\/baldumarket.lt\/lt\/wp-json\/wp\/v2\/types\/product"}],"replies":[{"embeddable":true,"href":"https:\/\/baldumarket.lt\/lt\/wp-json\/wp\/v2\/comments?post=158213"}],"wp:featuredmedia":[{"embeddable":true,"href":"https:\/\/baldumarket.lt\/lt\/wp-json\/wp\/v2\/media\/158214"}],"wp:attachment":[{"href":"https:\/\/baldumarket.lt\/lt\/wp-json\/wp\/v2\/media?parent=158213"}],"wp:term":[{"taxonomy":"product_brand","embeddable":true,"href":"https:\/\/baldumarket.lt\/lt\/wp-json\/wp\/v2\/product_brand?post=158213"},{"taxonomy":"product_cat","embeddable":true,"href":"https:\/\/baldumarket.lt\/lt\/wp-json\/wp\/v2\/product_cat?post=158213"},{"taxonomy":"product_tag","embeddable":true,"href":"https:\/\/baldumarket.lt\/lt\/wp-json\/wp\/v2\/product_tag?post=158213"}],"curies":[{"name":"wp","href":"https:\/\/api.w.org\/{rel}","templated":true}]}}