{"id":158207,"date":"2025-12-18T23:54:46","date_gmt":"2025-12-18T20:54:46","guid":{"rendered":"https:\/\/baldumarket.lt\/product\/szafka-kuchenna-dolna-sorento-d100n-p-l-naroznik-prosty-bialy-mat\/"},"modified":"2026-02-18T11:10:35","modified_gmt":"2026-02-18T08:10:35","slug":"szafka-kuchenna-dolna-sorento-d100n-p-l-naroznik-prosty-bialy-mat","status":"publish","type":"product","link":"https:\/\/baldumarket.lt\/lt\/product\/szafka-kuchenna-dolna-sorento-d100n-p-l-naroznik-prosty-bialy-mat\/","title":{"rendered":"Sorento D100N apatin\u0117 virtuv\u0117s spintel\u0117 su tiesiais kampais, matin\u0117 balta"},"content":{"rendered":"<p>\u201eSorento D100N\u201c virtuv\u0117s spintel\u0117 \u2013 puikus sprendimas tiems, kurie vertina elegancij\u0105 ir prakti\u0161kum\u0105 virtuv\u0117je. Paprastas dizainas ir matin\u0117 balta apdaila papildo bet kok\u012f interjer\u0105, suteikdami subtilumo ir klas\u0117s. Esteti\u0161kas baltos spalvos ir auksini\u0173 ranken\u0117li\u0173 derinys sukuria unikal\u0173 stili\u0173, kuris traukia d\u0117mes\u012f ir suteikia elegancijos. \u0160ios spintel\u0117s funkcionalumas i\u0161skiria j\u0105 i\u0161 kit\u0173 virtuv\u0117s bald\u0173. Spintel\u0117 apr\u016bpinta u\u017espaud\u017eiamais vyriais su \u0161velnaus u\u017edarymo sistema, u\u017etikrinan\u010dia patog\u0173 ir tyl\u0173 dureli\u0173 atidarym\u0105 bei u\u017edarym\u0105. Reguliuojamos kojel\u0117s leid\u017eia reguliuoti auk\u0161t\u012f pagal individualius poreikius, o tai itin prakti\u0161ka kasdieniam naudojimui. Tvirta MDF ir laminuotos plok\u0161t\u0117s konstrukcija u\u017etikrina patvarum\u0105 ir atsparum\u0105 bet kokiems virtuv\u0117je galintiems atsirasti pa\u017eeidimams. Viduje prakti\u0161ka lentyna leid\u017eia optimaliai susid\u0117ti daiktus. Tai ypa\u010d svarbu virtuv\u0117se, kur kasdien reikia efektyviai susitvarkyti \u012fvairius daiktus.<\/p>","protected":false},"excerpt":{"rendered":"<p>Plotis (cm): 100<br \/>\n\u016agis (cm): 87<br \/>\nGylis (cm): 56<\/p>","protected":false},"featured_media":158208,"comment_status":"open","ping_status":"open","template":"","meta":[],"product_brand":[],"product_cat":[9436,4106],"product_tag":[],"class_list":{"0":"post-158207","1":"product","2":"type-product","3":"status-publish","4":"has-post-thumbnail","6":"product_cat-kitchen-system-sorento","7":"product_cat-gala-meble","9":"first","10":"instock","11":"purchasable","12":"product-type-simple"},"_links":{"self":[{"href":"https:\/\/baldumarket.lt\/lt\/wp-json\/wp\/v2\/product\/158207","targetHints":{"allow":["GET"]}}],"collection":[{"href":"https:\/\/baldumarket.lt\/lt\/wp-json\/wp\/v2\/product"}],"about":[{"href":"https:\/\/baldumarket.lt\/lt\/wp-json\/wp\/v2\/types\/product"}],"replies":[{"embeddable":true,"href":"https:\/\/baldumarket.lt\/lt\/wp-json\/wp\/v2\/comments?post=158207"}],"wp:featuredmedia":[{"embeddable":true,"href":"https:\/\/baldumarket.lt\/lt\/wp-json\/wp\/v2\/media\/158208"}],"wp:attachment":[{"href":"https:\/\/baldumarket.lt\/lt\/wp-json\/wp\/v2\/media?parent=158207"}],"wp:term":[{"taxonomy":"product_brand","embeddable":true,"href":"https:\/\/baldumarket.lt\/lt\/wp-json\/wp\/v2\/product_brand?post=158207"},{"taxonomy":"product_cat","embeddable":true,"href":"https:\/\/baldumarket.lt\/lt\/wp-json\/wp\/v2\/product_cat?post=158207"},{"taxonomy":"product_tag","embeddable":true,"href":"https:\/\/baldumarket.lt\/lt\/wp-json\/wp\/v2\/product_tag?post=158207"}],"curies":[{"name":"wp","href":"https:\/\/api.w.org\/{rel}","templated":true}]}}