{"id":158201,"date":"2025-12-18T23:54:34","date_gmt":"2025-12-18T20:54:34","guid":{"rendered":"https:\/\/baldumarket.lt\/product\/szafka-kuchenna-dolna-sorento-d100n-p-l-naroznik-prosty-puccini-bezowy-mat\/"},"modified":"2026-02-18T11:10:35","modified_gmt":"2026-02-18T08:10:35","slug":"szafka-kuchenna-dolna-sorento-d100n-p-l-naroznik-prosty-puccini-bezowy-mat","status":"publish","type":"product","link":"https:\/\/baldumarket.lt\/lt\/product\/szafka-kuchenna-dolna-sorento-d100n-p-l-naroznik-prosty-puccini-bezowy-mat\/","title":{"rendered":"Apatin\u0117 virtuv\u0117s spintel\u0117 Sorento D100N P\/L, tiesus kampas, Puccini sm\u0117lio spalvos, matin\u0117"},"content":{"rendered":"<p>Atraskite i\u0161skirtin\u012f gro\u017e\u012f ir funkcionalum\u0105 su \u201eSorento D100N\u201c apatine virtuv\u0117s spintele \u2013 tobulu elegancijos ir prakti\u0161kumo deriniu. Jos matin\u0117s sm\u0117lio spalvos priekin\u0117 dalis harmoningai dera su klasikine \u201ePuccini\u201c korpuso spalva, sukurdama \u0161ilt\u0105 ir jauki\u0105 atmosfer\u0105 j\u016bs\u0173 virtuv\u0117je. I\u0161skirtin\u0117 apdaila suteikia modernaus \u017eavesio, o paprastas kampinis dizainas leid\u017eia puikiai der\u0117ti prie bet kokio virtuv\u0117s i\u0161planavimo. \u201eSorento\u201c apatin\u0117 spintel\u0117 sukurta atsi\u017evelgiant \u012f kasdien\u012f naudojim\u0105, si\u016blant ne tik estetik\u0105, bet ir prakti\u0161kum\u0105. Auk\u0161tos, reguliuojamos 15 cm kojel\u0117s suteikia stabilumo ir prisitaiko prie nelygi\u0173 grind\u0173. Vidin\u0117 lentyna suteikia papildomos vietos virtuv\u0117s priedams laikyti, \u017eymiai supaprastindama organizavim\u0105 ir tvark\u0105. Ry\u0161kus bruo\u017eas \u2013 juoda metalin\u0117 rankena, kuri ne tik suteikia stiliaus, bet ir palengvina kasdien\u012f naudojim\u0105. U\u017esegamos vyriai su \u0161velnaus u\u017edarymo funkcija garantuoja skland\u0173 ir tyl\u0173 u\u017edarym\u0105, suma\u017eindamos priekin\u0117s dalies pa\u017eeidimo rizik\u0105 ir suteikdamos komforto bei prabangos kasdieniam gyvenimui.<\/p>","protected":false},"excerpt":{"rendered":"<p>Plotis (cm): 100<br \/>\n\u016agis (cm): 87<br \/>\nGylis (cm): 56<\/p>","protected":false},"featured_media":158202,"comment_status":"open","ping_status":"open","template":"","meta":[],"product_brand":[],"product_cat":[9436,4106],"product_tag":[],"class_list":{"0":"post-158201","1":"product","2":"type-product","3":"status-publish","4":"has-post-thumbnail","6":"product_cat-kitchen-system-sorento","7":"product_cat-gala-meble","9":"first","10":"instock","11":"purchasable","12":"product-type-simple"},"_links":{"self":[{"href":"https:\/\/baldumarket.lt\/lt\/wp-json\/wp\/v2\/product\/158201","targetHints":{"allow":["GET"]}}],"collection":[{"href":"https:\/\/baldumarket.lt\/lt\/wp-json\/wp\/v2\/product"}],"about":[{"href":"https:\/\/baldumarket.lt\/lt\/wp-json\/wp\/v2\/types\/product"}],"replies":[{"embeddable":true,"href":"https:\/\/baldumarket.lt\/lt\/wp-json\/wp\/v2\/comments?post=158201"}],"wp:featuredmedia":[{"embeddable":true,"href":"https:\/\/baldumarket.lt\/lt\/wp-json\/wp\/v2\/media\/158202"}],"wp:attachment":[{"href":"https:\/\/baldumarket.lt\/lt\/wp-json\/wp\/v2\/media?parent=158201"}],"wp:term":[{"taxonomy":"product_brand","embeddable":true,"href":"https:\/\/baldumarket.lt\/lt\/wp-json\/wp\/v2\/product_brand?post=158201"},{"taxonomy":"product_cat","embeddable":true,"href":"https:\/\/baldumarket.lt\/lt\/wp-json\/wp\/v2\/product_cat?post=158201"},{"taxonomy":"product_tag","embeddable":true,"href":"https:\/\/baldumarket.lt\/lt\/wp-json\/wp\/v2\/product_tag?post=158201"}],"curies":[{"name":"wp","href":"https:\/\/api.w.org\/{rel}","templated":true}]}}