{"id":158193,"date":"2025-12-18T23:54:19","date_gmt":"2025-12-18T20:54:19","guid":{"rendered":"https:\/\/baldumarket.lt\/product\/szafka-kuchenna-dolna-sorento-d30-p-l-bialy-green\/"},"modified":"2026-02-18T11:10:35","modified_gmt":"2026-02-18T08:10:35","slug":"szafka-kuchenna-dolna-sorento-d30-p-l-bialy-green","status":"publish","type":"product","link":"https:\/\/baldumarket.lt\/lt\/product\/szafka-kuchenna-dolna-sorento-d30-p-l-bialy-green\/","title":{"rendered":"Sorento D30 apatin\u0117 virtuv\u0117s spintel\u0117, baltai \u017ealia, su langais"},"content":{"rendered":"<p>Suteikite savo virtuvei elegancijos su \u201eSorento D30\u201c virtuv\u0117s spintele. Unikalus dizainas derina subtil\u0173 balt\u0105 korpus\u0105 su nuostabiu \u017ealiu priekiu, suteikdamas bet kokiam interjerui gaivumo ir originalumo. Matinis priekis ne tik traukia ak\u012f, bet ir sukuria jauki\u0105 atmosfer\u0105, puikiai tinkan\u010di\u0105 kulinariniams u\u017esi\u0117mimams ir \u0161eimos susib\u016brimams. \u0160i spintel\u0117 i\u0161siskiria savo gro\u017eiu ir funkcionalumu. 87 cm auk\u0161\u010dio ir 52 cm gylio ji puikiai i\u0161naudoja erdv\u0119, tod\u0117l yra puiki vieta visiems j\u016bs\u0173 virtuv\u0117s reikmenims, indams ir maistui. Auk\u0161tos, 15 cm ilgio kojel\u0117s leid\u017eia lengvai palaikyti \u0161var\u0105 po spintele, o auk\u0161\u010dio reguliavimas u\u017etikrina stabilum\u0105 net ant nelygi\u0173 pavir\u0161i\u0173. Spintel\u0117 pagaminta i\u0161 laminuotos plok\u0161t\u0117s, kuri yra labai atspari pa\u017eeidimams ir lengvai valoma. \u012ebr\u0117\u017eimams atspari med\u017eiaga u\u017etikrina, kad spintel\u0117 i\u0161laikys nepriekai\u0161ting\u0105 i\u0161vaizd\u0105 daugel\u012f met\u0173 intensyviai naudojant. Be to, tyl\u016bs \u201eClip-On\u201c vyriai u\u017etikrina, kad u\u017edarant dureles niekada negird\u0117ti jokio triuk\u0161mo, k\u0105 tikrai \u012fvertinsite gamindami maist\u0105.<\/p>","protected":false},"excerpt":{"rendered":"<p>Plotis (cm): 30<br \/>\n\u016agis (cm): 87<br \/>\nGylis (cm): 52<\/p>","protected":false},"featured_media":158194,"comment_status":"open","ping_status":"open","template":"","meta":[],"product_brand":[],"product_cat":[9436,4106],"product_tag":[],"class_list":{"0":"post-158193","1":"product","2":"type-product","3":"status-publish","4":"has-post-thumbnail","6":"product_cat-kitchen-system-sorento","7":"product_cat-gala-meble","9":"first","10":"instock","11":"purchasable","12":"product-type-simple"},"_links":{"self":[{"href":"https:\/\/baldumarket.lt\/lt\/wp-json\/wp\/v2\/product\/158193","targetHints":{"allow":["GET"]}}],"collection":[{"href":"https:\/\/baldumarket.lt\/lt\/wp-json\/wp\/v2\/product"}],"about":[{"href":"https:\/\/baldumarket.lt\/lt\/wp-json\/wp\/v2\/types\/product"}],"replies":[{"embeddable":true,"href":"https:\/\/baldumarket.lt\/lt\/wp-json\/wp\/v2\/comments?post=158193"}],"wp:featuredmedia":[{"embeddable":true,"href":"https:\/\/baldumarket.lt\/lt\/wp-json\/wp\/v2\/media\/158194"}],"wp:attachment":[{"href":"https:\/\/baldumarket.lt\/lt\/wp-json\/wp\/v2\/media?parent=158193"}],"wp:term":[{"taxonomy":"product_brand","embeddable":true,"href":"https:\/\/baldumarket.lt\/lt\/wp-json\/wp\/v2\/product_brand?post=158193"},{"taxonomy":"product_cat","embeddable":true,"href":"https:\/\/baldumarket.lt\/lt\/wp-json\/wp\/v2\/product_cat?post=158193"},{"taxonomy":"product_tag","embeddable":true,"href":"https:\/\/baldumarket.lt\/lt\/wp-json\/wp\/v2\/product_tag?post=158193"}],"curies":[{"name":"wp","href":"https:\/\/api.w.org\/{rel}","templated":true}]}}