{"id":158188,"date":"2025-12-18T23:54:10","date_gmt":"2025-12-18T20:54:10","guid":{"rendered":"https:\/\/baldumarket.lt\/product\/szafka-kuchenna-dolna-sorento-d40spwn-p-l-bialy-green\/"},"modified":"2026-02-18T11:10:35","modified_gmt":"2026-02-18T08:10:35","slug":"szafka-kuchenna-dolna-sorento-d40spwn-p-l-bialy-green","status":"publish","type":"product","link":"https:\/\/baldumarket.lt\/lt\/product\/szafka-kuchenna-dolna-sorento-d40spwn-p-l-bialy-green\/","title":{"rendered":"Sorento D40SPWN apatin\u0117 virtuv\u0117s spintel\u0117, balta, \u017ealia"},"content":{"rendered":"<p>Suteikite savo virtuvei gaivumo su \u201eSorento D40SPWN\u201c apatine spintele. Modernus dizainas derina eleganti\u0161k\u0105 matin\u0119 balt\u0105 spalv\u0105 su unikalia matine \u017ealia priekine dalimi, sukurdamas harmoning\u0105 ir stiling\u0105 kompozicij\u0105, kuri puikiai papildys bet kok\u012f interjer\u0105. Auk\u0161tos kokyb\u0117s laminato plok\u0161t\u0117s konstrukcija daro \u0161\u012f bald\u0105 ne tik gra\u017e\u0173, bet ir atspar\u0173 pa\u017eeidimams, o tai labai svarbu virtuv\u0117s aplinkoje. 40 cm plo\u010dio, 247 cm auk\u0161\u010dio ir 58 cm gylio spintel\u0117 pasi\u017eymi i\u0161skirtiniu funkcionalumu ir prakti\u0161ka daikt\u0173 laikymo vieta. D\u0117l auk\u0161t\u0173, reguliuojamo auk\u0161\u010dio kojeli\u0173 spintel\u0119 galite lengvai pritaikyti pagal savo poreikius ir pageidavimus. Puiki apdaila ir 15 cm auk\u0161\u010dio lentynos suteikia erdvumo \u012fsp\u016bd\u012f, o pasiekti kiekvien\u0105 kampel\u012f \u2013 vienas malonumas. \u0160i\u0105 spintel\u0119 unikali daro ne tik prakti\u0161kumas; juodos metalin\u0117s rankenos, \u012fkv\u0117ptos \u0161iuolaikini\u0173 dizaino tendencij\u0173, suteikia i\u0161skirtinumo. Matini\u0173 tekst\u016br\u0173 ir prislopint\u0173 spalv\u0173 derinys rei\u0161kia, kad \u0161is baldas ne tik atlieka savo paskirt\u012f, bet ir tampa esteti\u0161kai patraukliu j\u016bs\u0173 virtuv\u0117s akcentu. Jis tikrai pelnys j\u016bs\u0173 sve\u010di\u0173 susi\u017eav\u0117jim\u0105.<\/p>","protected":false},"excerpt":{"rendered":"<p>Plotis (cm): 40<br \/>\n\u016agis (cm): 247<br \/>\nGylis (cm): 58<\/p>","protected":false},"featured_media":158189,"comment_status":"open","ping_status":"open","template":"","meta":[],"product_brand":[],"product_cat":[9436,4106],"product_tag":[],"class_list":{"0":"post-158188","1":"product","2":"type-product","3":"status-publish","4":"has-post-thumbnail","6":"product_cat-kitchen-system-sorento","7":"product_cat-gala-meble","9":"first","10":"instock","11":"purchasable","12":"product-type-simple"},"_links":{"self":[{"href":"https:\/\/baldumarket.lt\/lt\/wp-json\/wp\/v2\/product\/158188","targetHints":{"allow":["GET"]}}],"collection":[{"href":"https:\/\/baldumarket.lt\/lt\/wp-json\/wp\/v2\/product"}],"about":[{"href":"https:\/\/baldumarket.lt\/lt\/wp-json\/wp\/v2\/types\/product"}],"replies":[{"embeddable":true,"href":"https:\/\/baldumarket.lt\/lt\/wp-json\/wp\/v2\/comments?post=158188"}],"wp:featuredmedia":[{"embeddable":true,"href":"https:\/\/baldumarket.lt\/lt\/wp-json\/wp\/v2\/media\/158189"}],"wp:attachment":[{"href":"https:\/\/baldumarket.lt\/lt\/wp-json\/wp\/v2\/media?parent=158188"}],"wp:term":[{"taxonomy":"product_brand","embeddable":true,"href":"https:\/\/baldumarket.lt\/lt\/wp-json\/wp\/v2\/product_brand?post=158188"},{"taxonomy":"product_cat","embeddable":true,"href":"https:\/\/baldumarket.lt\/lt\/wp-json\/wp\/v2\/product_cat?post=158188"},{"taxonomy":"product_tag","embeddable":true,"href":"https:\/\/baldumarket.lt\/lt\/wp-json\/wp\/v2\/product_tag?post=158188"}],"curies":[{"name":"wp","href":"https:\/\/api.w.org\/{rel}","templated":true}]}}