{"id":158183,"date":"2025-12-18T23:54:00","date_gmt":"2025-12-18T20:54:00","guid":{"rendered":"https:\/\/baldumarket.lt\/product\/szafka-kuchenna-dolna-sorento-d45-p-l-bialy-mat-bezowy-mat\/"},"modified":"2026-02-18T11:10:35","modified_gmt":"2026-02-18T08:10:35","slug":"szafka-kuchenna-dolna-sorento-d45-p-l-bialy-mat-bezowy-mat","status":"publish","type":"product","link":"https:\/\/baldumarket.lt\/lt\/product\/szafka-kuchenna-dolna-sorento-d45-p-l-bialy-mat-bezowy-mat\/","title":{"rendered":"Apatin\u0117 virtuv\u0117s spintel\u0117 Sorento D45 R\/L matin\u0117s baltos matin\u0117s sm\u0117lio spalvos"},"content":{"rendered":"<p>Apatin\u0117 virtuv\u0117s spintel\u0117 \u201eSorento D45\u201c \u2013 puikus pasirinkimas minimalistinio interjero m\u0117g\u0117jams, vertinantiems stili\u0173 ir funkcionalum\u0105. Balto korpuso ir matin\u0117s sm\u0117lio spalvos priekio derinys paver\u010dia \u0161i\u0105 spintel\u0119 eleganti\u0161ku bet kurios virtuv\u0117s akcentu. \u0160io dizaino paprastumas ir modernumas neabejotinai suteiks j\u016bs\u0173 erdvei gaivumo ir lengvumo. Kruop\u0161\u010diai apgalvota \u0161ios spintel\u0117s konstrukcija garantuoja, kad ji puikiai tiks bet kurioje virtuv\u0117je \u2013 nuo modernaus iki klasikinio interjero. Reguliuojamos kojel\u0117s leid\u017eia reguliuoti auk\u0161t\u012f, o tai ypa\u010d prakti\u0161ka nelygioms grindims. Be to, juoda metalin\u0117 rankena suteikia rafinuotumo. Be to, \u201eSorento D45\u201c spintel\u0117 turi \u201eClip-On\u201c vyri\u0173 sistem\u0105 su \u0161velnaus u\u017edarymo funkcija. Tai leid\u017eia durel\u0117ms u\u017esidaryti skland\u017eiai ir lengvai, sukuriant harmoning\u0105 interjer\u0105. \u0160i ma\u017ea detal\u0117 labai palengvina kasdien\u012f naudojim\u0105 ir pakelia virtuv\u0117s komfort\u0105 \u012f auk\u0161tesn\u012f lyg\u012f.<\/p>","protected":false},"excerpt":{"rendered":"<p>Plotis (cm): 45<br \/>\n\u016agis (cm): 87<br \/>\nGylis (cm): 52<\/p>","protected":false},"featured_media":158184,"comment_status":"open","ping_status":"open","template":"","meta":[],"product_brand":[],"product_cat":[9436,4106],"product_tag":[],"class_list":{"0":"post-158183","1":"product","2":"type-product","3":"status-publish","4":"has-post-thumbnail","6":"product_cat-kitchen-system-sorento","7":"product_cat-gala-meble","9":"first","10":"instock","11":"purchasable","12":"product-type-simple"},"_links":{"self":[{"href":"https:\/\/baldumarket.lt\/lt\/wp-json\/wp\/v2\/product\/158183","targetHints":{"allow":["GET"]}}],"collection":[{"href":"https:\/\/baldumarket.lt\/lt\/wp-json\/wp\/v2\/product"}],"about":[{"href":"https:\/\/baldumarket.lt\/lt\/wp-json\/wp\/v2\/types\/product"}],"replies":[{"embeddable":true,"href":"https:\/\/baldumarket.lt\/lt\/wp-json\/wp\/v2\/comments?post=158183"}],"wp:featuredmedia":[{"embeddable":true,"href":"https:\/\/baldumarket.lt\/lt\/wp-json\/wp\/v2\/media\/158184"}],"wp:attachment":[{"href":"https:\/\/baldumarket.lt\/lt\/wp-json\/wp\/v2\/media?parent=158183"}],"wp:term":[{"taxonomy":"product_brand","embeddable":true,"href":"https:\/\/baldumarket.lt\/lt\/wp-json\/wp\/v2\/product_brand?post=158183"},{"taxonomy":"product_cat","embeddable":true,"href":"https:\/\/baldumarket.lt\/lt\/wp-json\/wp\/v2\/product_cat?post=158183"},{"taxonomy":"product_tag","embeddable":true,"href":"https:\/\/baldumarket.lt\/lt\/wp-json\/wp\/v2\/product_tag?post=158183"}],"curies":[{"name":"wp","href":"https:\/\/api.w.org\/{rel}","templated":true}]}}