{"id":158176,"date":"2025-12-18T23:53:46","date_gmt":"2025-12-18T20:53:46","guid":{"rendered":"https:\/\/baldumarket.lt\/product\/szafka-kuchenna-dolna-z-wkladem-na-sztucce-2s-sorento-d60s21-ax-baltic-storm\/"},"modified":"2026-02-18T11:10:35","modified_gmt":"2026-02-18T08:10:35","slug":"szafka-kuchenna-dolna-z-wkladem-na-sztucce-2s-sorento-d60s21-ax-baltic-storm","status":"publish","type":"product","link":"https:\/\/baldumarket.lt\/lt\/product\/szafka-kuchenna-dolna-z-wkladem-na-sztucce-2s-sorento-d60s21-ax-baltic-storm\/","title":{"rendered":"Apatin\u0117 virtuv\u0117s spintel\u0117 su stalo \u012franki\u0173 \u012fd\u0117klu 2S Sorento D60S2+1 AX Baltic Storm"},"content":{"rendered":"<p>\u201eSorento D60S2+1 AX Baltic Storm\u201c apatin\u0117 virtuv\u0117s spintel\u0117 su stalo \u012franki\u0173 \u012fd\u0117klu (2S) \u2013 puikus sprendimas j\u016bs\u0173 virtuvei, ne tik atitinkantis funkcinius l\u016bkes\u010dius, bet ir suteikiantis elegancijos bei modernaus stiliaus j\u016bs\u0173 interjerui. Pagaminta i\u0161 laminuotos \u201eBaltic Storm\u201c plok\u0161t\u0117s, subtili tekst\u016bra ir prislopintos spalvos harmoningai dera su \u012fvairiais i\u0161d\u0117stymais, sukurdamos jauki\u0105 atmosfer\u0105 j\u016bs\u0173 nam\u0173 \u0161irdyje. Funkcionalumas yra pagrindinis \u0161ios spintel\u0117s i\u0161skirtinumo elementas. Su dviem prakti\u0161kais i\u0161oriniais ir vienu vidiniu stal\u010diumi su stalo \u012franki\u0173 \u012fd\u0117klu, ji leid\u017eia efektyviai laikyti ir organizuoti virtuv\u0117s priedus. D\u0117l tyli\u0173 pilno i\u0161traukimo b\u0117geli\u0173 ir \u0161velnaus u\u017edarymo mechanizmo naudotis spintele tampa ne\u012ftik\u0117tinai patogu \u2013 tai ne\u012fkainojamas privalumas kasdien naudojant. Auk\u0161tos, reguliuojamo auk\u0161\u010dio kojel\u0117s leid\u017eia pritaikyti spintel\u0119 prie individuali\u0173 poreiki\u0173. Konstrukcijos stabilumas ir patvarumas suteikia didel\u012f darbin\u012f pavir\u0161i\u0173, idealiai tinkant\u012f kasdieniam maisto gaminimui. 15 cm atstumas po spintele ne tik padidina naudojimo patogum\u0105, bet ir palengvina valym\u0105 po baldais, o tai yra itin prakti\u0161kas sprendimas.<\/p>","protected":false},"excerpt":{"rendered":"<p>Plotis (cm): 60<br \/>\n\u016agis (cm): 87<br \/>\nGylis (cm): 52<\/p>","protected":false},"featured_media":158177,"comment_status":"open","ping_status":"open","template":"","meta":[],"product_brand":[],"product_cat":[9436,4106],"product_tag":[],"class_list":{"0":"post-158176","1":"product","2":"type-product","3":"status-publish","4":"has-post-thumbnail","6":"product_cat-kitchen-system-sorento","7":"product_cat-gala-meble","9":"first","10":"instock","11":"purchasable","12":"product-type-simple"},"_links":{"self":[{"href":"https:\/\/baldumarket.lt\/lt\/wp-json\/wp\/v2\/product\/158176","targetHints":{"allow":["GET"]}}],"collection":[{"href":"https:\/\/baldumarket.lt\/lt\/wp-json\/wp\/v2\/product"}],"about":[{"href":"https:\/\/baldumarket.lt\/lt\/wp-json\/wp\/v2\/types\/product"}],"replies":[{"embeddable":true,"href":"https:\/\/baldumarket.lt\/lt\/wp-json\/wp\/v2\/comments?post=158176"}],"wp:featuredmedia":[{"embeddable":true,"href":"https:\/\/baldumarket.lt\/lt\/wp-json\/wp\/v2\/media\/158177"}],"wp:attachment":[{"href":"https:\/\/baldumarket.lt\/lt\/wp-json\/wp\/v2\/media?parent=158176"}],"wp:term":[{"taxonomy":"product_brand","embeddable":true,"href":"https:\/\/baldumarket.lt\/lt\/wp-json\/wp\/v2\/product_brand?post=158176"},{"taxonomy":"product_cat","embeddable":true,"href":"https:\/\/baldumarket.lt\/lt\/wp-json\/wp\/v2\/product_cat?post=158176"},{"taxonomy":"product_tag","embeddable":true,"href":"https:\/\/baldumarket.lt\/lt\/wp-json\/wp\/v2\/product_tag?post=158176"}],"curies":[{"name":"wp","href":"https:\/\/api.w.org\/{rel}","templated":true}]}}