{"id":158169,"date":"2025-12-18T23:53:32","date_gmt":"2025-12-18T20:53:32","guid":{"rendered":"https:\/\/baldumarket.lt\/product\/szafka-kuchenna-dolna-z-wkladem-na-sztucce-3s-sorento-d60s3-ax-baltic-storm\/"},"modified":"2026-02-18T11:10:19","modified_gmt":"2026-02-18T08:10:19","slug":"szafka-kuchenna-dolna-z-wkladem-na-sztucce-3s-sorento-d60s3-ax-baltic-storm","status":"publish","type":"product","link":"https:\/\/baldumarket.lt\/lt\/product\/szafka-kuchenna-dolna-z-wkladem-na-sztucce-3s-sorento-d60s3-ax-baltic-storm\/","title":{"rendered":"Apatin\u0117 virtuv\u0117s spintel\u0117 su stalo \u012franki\u0173 \u012fd\u0117klu 3S Sorento D60S3 AX Baltic Storm"},"content":{"rendered":"<p>3S Sorento D60S3 apatin\u0117 virtuv\u0117s spintel\u0117 \u2013 puikus sprendimas bet kuriai moderniai virtuvei, ie\u0161kan\u010diai funkcionalumo ir estetikos pusiausvyros. Eleganti\u0161ka \u201eBaltic Storm\u201c spalva suteikia interjerui unikal\u0173 charakter\u012f ir rafinuotumo. Kruop\u0161\u010diai pagaminta i\u0161 laminuotos plok\u0161t\u0117s, spintel\u0117 ne tik puikiai atrodo, bet ir yra atspari pa\u017eeidimams, tod\u0117l yra ilgaam\u017eis pasirinkimas j\u016bs\u0173 virtuvei. Ergonomi\u0161kos, auk\u0161tos, 15 cm reguliuojamo auk\u0161\u010dio kojel\u0117s u\u017etikrina, kad da\u017enai naudojami daiktai visada b\u016bt\u0173 po ranka. Reguliuojamas auk\u0161tis u\u017etikrina maksimal\u0173 komfort\u0105, o eleganti\u0161kos juodos kojel\u0117s papildo bendr\u0105 dizain\u0105, suteikdamos harmonijos ir stiliaus. Komplekte taip pat yra prakti\u0161kas stalo \u012franki\u0173 \u012fd\u0117klas, kuris padeda palaikyti tvark\u0105 ir organizacij\u0105 j\u016bs\u0173 virtuv\u0117je, o tai labai svarbu kasdieniam naudojimui. Trys erdv\u016bs stal\u010diai \u2013 puiki vieta laikyti visus j\u016bs\u0173 virtuv\u0117s reikmenis, o efektyvus j\u0173 organizavimas leid\u017eia greitai pasiekti svarbiausius daiktus. D\u0117l pilno i\u0161traukimo b\u0117geli\u0173 kiekvien\u0105 stal\u010di\u0173 lengva atidaryti ir u\u017edaryti, tod\u0117l padid\u0117ja komfortas. Tylus veikimas ir \u0161velnus stal\u010di\u0173 u\u017edarymas paver\u010dia \u0161ios spintel\u0117s naudojim\u0105 tikru malonumu, u\u017etikrinant rami\u0105 atmosfer\u0105 virtuv\u0117je.<\/p>","protected":false},"excerpt":{"rendered":"<p>Plotis (cm): 60<br \/>\n\u016agis (cm): 87<br \/>\nGylis (cm): 52<\/p>","protected":false},"featured_media":158170,"comment_status":"open","ping_status":"open","template":"","meta":[],"product_brand":[],"product_cat":[9436,4106],"product_tag":[],"class_list":{"0":"post-158169","1":"product","2":"type-product","3":"status-publish","4":"has-post-thumbnail","6":"product_cat-kitchen-system-sorento","7":"product_cat-gala-meble","9":"first","10":"instock","11":"purchasable","12":"product-type-simple"},"_links":{"self":[{"href":"https:\/\/baldumarket.lt\/lt\/wp-json\/wp\/v2\/product\/158169","targetHints":{"allow":["GET"]}}],"collection":[{"href":"https:\/\/baldumarket.lt\/lt\/wp-json\/wp\/v2\/product"}],"about":[{"href":"https:\/\/baldumarket.lt\/lt\/wp-json\/wp\/v2\/types\/product"}],"replies":[{"embeddable":true,"href":"https:\/\/baldumarket.lt\/lt\/wp-json\/wp\/v2\/comments?post=158169"}],"wp:featuredmedia":[{"embeddable":true,"href":"https:\/\/baldumarket.lt\/lt\/wp-json\/wp\/v2\/media\/158170"}],"wp:attachment":[{"href":"https:\/\/baldumarket.lt\/lt\/wp-json\/wp\/v2\/media?parent=158169"}],"wp:term":[{"taxonomy":"product_brand","embeddable":true,"href":"https:\/\/baldumarket.lt\/lt\/wp-json\/wp\/v2\/product_brand?post=158169"},{"taxonomy":"product_cat","embeddable":true,"href":"https:\/\/baldumarket.lt\/lt\/wp-json\/wp\/v2\/product_cat?post=158169"},{"taxonomy":"product_tag","embeddable":true,"href":"https:\/\/baldumarket.lt\/lt\/wp-json\/wp\/v2\/product_tag?post=158169"}],"curies":[{"name":"wp","href":"https:\/\/api.w.org\/{rel}","templated":true}]}}