{"id":158165,"date":"2025-12-18T23:53:25","date_gmt":"2025-12-18T20:53:25","guid":{"rendered":"https:\/\/baldumarket.lt\/product\/szafka-kuchenna-dolna-zabudowa-kuchenki-1s-sorento-d60zk-baltic-storm\/"},"modified":"2026-02-18T11:10:19","modified_gmt":"2026-02-18T08:10:19","slug":"szafka-kuchenna-dolna-zabudowa-kuchenki-1s-sorento-d60zk-baltic-storm","status":"publish","type":"product","link":"https:\/\/baldumarket.lt\/lt\/product\/szafka-kuchenna-dolna-zabudowa-kuchenki-1s-sorento-d60zk-baltic-storm\/","title":{"rendered":"Apatin\u0117 virtuv\u0117s spintel\u0117, skirta 1S Sorento D60ZK Baltic Storm"},"content":{"rendered":"<p>\u201eSorento D60ZK 1S\u201c apatin\u0117 virtuv\u0117s spintel\u0117 su virykle \u2013 puikus sprendimas ie\u0161kantiems funkcionalios ir esteti\u0161kai patrauklios virtuv\u0117s. Jos \u201eBaltic Storm\u201c dizainas suteikia interjerui modernumo, o laminuotas priekis u\u017etikrina ne tik elegancij\u0105, bet ir ilgaam\u017ei\u0161kum\u0105. \u0160i spintel\u0117 puikiai dera su naujausiomis interjero dizaino tendencijomis, suteikdama charakterio bet kokiam kambariui.<\/p>\n<p>87 cm auk\u0161\u010dio korpusas ir optimalus 60 cm plotis daro \u0161i\u0105 spintel\u0119 ne tik esteti\u0161kai patraukli\u0105, bet ir funkcionali\u0105. D\u0117l prakti\u0161k\u0173, reguliuojamo auk\u0161\u010dio kojeli\u0173 (15 cm) j\u0105 galima pritaikyti \u012fvairioms naudojimo s\u0105lygoms \u2013 \u0161i\u0105 savyb\u0119 tikrai \u012fvertins tie, kurie vertina ergonominius sprendimus. Be to, spintel\u0117 buvo suprojektuota atsi\u017evelgiant \u012f \u012fmontuojam\u0105 virykl\u0119, tod\u0117l virtuv\u0117je palaikyti tvark\u0105 yra lengviau.<\/p>\n<p>Viso i\u0161traukimo stal\u010diai yra dar viena \u0161ios spintel\u0117s savyb\u0117, i\u0161skirianti j\u0105 i\u0161 kit\u0173. J\u0173 d\u0117ka visi virtuv\u0117s reikmenys visada yra ranka pasiekiami, tod\u0117l maisto gaminimas yra malonumas. \u0160i spintel\u0117 sujungia paprastum\u0105 ir modernum\u0105, o jos laminuotas pavir\u0161ius yra atsparus pa\u017eeidimams, u\u017etikrinantis ilgalaik\u012f naudojim\u0105 ir lengv\u0105 valym\u0105.<\/p>\n<p>Taip pat verta pamin\u0117ti surinkimo proces\u0105 \u2013 spintel\u0117 pristatoma surinkti savaranki\u0161kai, tod\u0117l galite j\u0105 pritaikyti savo individualiems poreikiams. Visos reikalingos med\u017eiagos yra komplekte, tod\u0117l surinkimo procesas greitas ir paprastas. Virtuv\u0117s dizainas su \u0161ia spintele tikrai d\u017eiugins ilgus metus ir taps kiekvien\u0173 nam\u0173 \u0161irdimi.<\/p>\n<p>Nedvejokite ir pagyvinkite savo virtuv\u0119 su po \u017eeme montuojama virtuv\u0117s spintele \u201e1S Sorento D60ZK\u201c! Paverskite savo interjer\u0105 stilinga ir funkcionalia erdve, puikiai atitinkan\u010dia j\u016bs\u0173 gyvenimo b\u016bd\u0105. Investuokite \u012f baldus, kurie derina estetik\u0105 ir prakti\u0161kum\u0105, ir m\u0117gaukit\u0117s kiekviena akimirka, praleista virtuv\u0117je.<\/p>","protected":false},"excerpt":{"rendered":"<p>Plotis (cm): 60<br \/>\n\u016agis (cm): 87<br \/>\nGylis (cm): 52<\/p>","protected":false},"featured_media":158166,"comment_status":"open","ping_status":"open","template":"","meta":[],"product_brand":[],"product_cat":[9436,4106],"product_tag":[],"class_list":{"0":"post-158165","1":"product","2":"type-product","3":"status-publish","4":"has-post-thumbnail","6":"product_cat-kitchen-system-sorento","7":"product_cat-gala-meble","9":"first","10":"instock","11":"purchasable","12":"product-type-simple"},"_links":{"self":[{"href":"https:\/\/baldumarket.lt\/lt\/wp-json\/wp\/v2\/product\/158165","targetHints":{"allow":["GET"]}}],"collection":[{"href":"https:\/\/baldumarket.lt\/lt\/wp-json\/wp\/v2\/product"}],"about":[{"href":"https:\/\/baldumarket.lt\/lt\/wp-json\/wp\/v2\/types\/product"}],"replies":[{"embeddable":true,"href":"https:\/\/baldumarket.lt\/lt\/wp-json\/wp\/v2\/comments?post=158165"}],"wp:featuredmedia":[{"embeddable":true,"href":"https:\/\/baldumarket.lt\/lt\/wp-json\/wp\/v2\/media\/158166"}],"wp:attachment":[{"href":"https:\/\/baldumarket.lt\/lt\/wp-json\/wp\/v2\/media?parent=158165"}],"wp:term":[{"taxonomy":"product_brand","embeddable":true,"href":"https:\/\/baldumarket.lt\/lt\/wp-json\/wp\/v2\/product_brand?post=158165"},{"taxonomy":"product_cat","embeddable":true,"href":"https:\/\/baldumarket.lt\/lt\/wp-json\/wp\/v2\/product_cat?post=158165"},{"taxonomy":"product_tag","embeddable":true,"href":"https:\/\/baldumarket.lt\/lt\/wp-json\/wp\/v2\/product_tag?post=158165"}],"curies":[{"name":"wp","href":"https:\/\/api.w.org\/{rel}","templated":true}]}}