{"id":158156,"date":"2025-12-18T23:53:08","date_gmt":"2025-12-18T20:53:08","guid":{"rendered":"https:\/\/baldumarket.lt\/product\/szafka-kuchenna-dolna-zabudowa-kuchenki-d60zk-aspen-grey-szary-polysk\/"},"modified":"2026-02-08T11:26:21","modified_gmt":"2026-02-08T08:26:21","slug":"szafka-kuchenna-dolna-zabudowa-kuchenki-d60zk-aspen-grey-szary-polysk","status":"publish","type":"product","link":"https:\/\/baldumarket.lt\/lt\/product\/szafka-kuchenna-dolna-zabudowa-kuchenki-d60zk-aspen-grey-szary-polysk\/","title":{"rendered":"D60ZK drebul\u0117s pilkos blizgios apatin\u0117s virtuv\u0117s spintel\u0117s"},"content":{"rendered":"<p>Atraskite elegancij\u0105 ir modernum\u0105 su \u201eGa\u0142a Meble\u201c pilka \u201eAspen Grey\u201c apatine spintele, kuri suteiks j\u016bs\u0173 virtuvei prabangos. Blizgios pilkos spalvos priekis ir subtilios matin\u0117s baltos spalvos korpusas paver\u010dia \u0161i\u0105 spintel\u0119 puikiu pasirinkimu tiems, kurie vertina minimalistin\u012f, ta\u010diau ry\u0161k\u0173 stili\u0173. Eleganti\u0161ka jos i\u0161vaizda neabejotinai papildys bet kok\u012f virtuv\u0117s dizain\u0105, suteikdama jai modernaus \u017eavesio. Ne tik gra\u017ei, bet ir funkcionali, \u201eAspen Grey\u201c apatin\u0117 spintel\u0117 sukurta atsi\u017evelgiant \u012f kasdien\u012f patogum\u0105. Reguliuojamos kojel\u0117s leid\u017eia j\u0105 idealiai suderinti su grindimis, u\u017etikrinant estetik\u0105 ir komfort\u0105. Nesvarbu, ar planuojate didel\u012f kulinarin\u012f susib\u016brim\u0105, ar tiesiog kasdien gaminate maist\u0105, vietos laikymo problema niekada nebus problema. Pagaminta i\u0161 auk\u0161tos kokyb\u0117s med\u017eiag\u0173, toki\u0173 kaip MDF ir laminatas, \u0161i spintel\u0117 garantuoja patvarum\u0105 ir atsparum\u0105 kasdieniam nusid\u0117v\u0117jimui. Savaime u\u017esidarantys b\u0117geliai yra papildomas privalumas, didinantis komfort\u0105, leid\u017eiantis skland\u017eiai ir tyliai atidaryti ir u\u017edaryti. Tai puikus sprendimas tiems, kurie vertina detales, turin\u010dias \u012ftakos virtuv\u0117s bald\u0173 funkcionalumui.<\/p>","protected":false},"excerpt":{"rendered":"<p>Plotis (cm): 60<br \/>\n\u016agis (cm): 82<br \/>\nGylis (cm): 52<\/p>","protected":false},"featured_media":158157,"comment_status":"open","ping_status":"open","template":"","meta":[],"product_brand":[],"product_cat":[9451,4106,9118],"product_tag":[],"class_list":{"0":"post-158156","1":"product","2":"type-product","3":"status-publish","4":"has-post-thumbnail","6":"product_cat-kitchen-system-aspen-grey","7":"product_cat-gala-meble","8":"product_cat-kitchen-cabinets","10":"first","11":"instock","12":"purchasable","13":"product-type-simple"},"_links":{"self":[{"href":"https:\/\/baldumarket.lt\/lt\/wp-json\/wp\/v2\/product\/158156","targetHints":{"allow":["GET"]}}],"collection":[{"href":"https:\/\/baldumarket.lt\/lt\/wp-json\/wp\/v2\/product"}],"about":[{"href":"https:\/\/baldumarket.lt\/lt\/wp-json\/wp\/v2\/types\/product"}],"replies":[{"embeddable":true,"href":"https:\/\/baldumarket.lt\/lt\/wp-json\/wp\/v2\/comments?post=158156"}],"wp:featuredmedia":[{"embeddable":true,"href":"https:\/\/baldumarket.lt\/lt\/wp-json\/wp\/v2\/media\/158157"}],"wp:attachment":[{"href":"https:\/\/baldumarket.lt\/lt\/wp-json\/wp\/v2\/media?parent=158156"}],"wp:term":[{"taxonomy":"product_brand","embeddable":true,"href":"https:\/\/baldumarket.lt\/lt\/wp-json\/wp\/v2\/product_brand?post=158156"},{"taxonomy":"product_cat","embeddable":true,"href":"https:\/\/baldumarket.lt\/lt\/wp-json\/wp\/v2\/product_cat?post=158156"},{"taxonomy":"product_tag","embeddable":true,"href":"https:\/\/baldumarket.lt\/lt\/wp-json\/wp\/v2\/product_tag?post=158156"}],"curies":[{"name":"wp","href":"https:\/\/api.w.org\/{rel}","templated":true}]}}