{"id":158152,"date":"2025-12-18T23:53:00","date_gmt":"2025-12-18T20:53:00","guid":{"rendered":"https:\/\/baldumarket.lt\/product\/szafka-kuchenna-dolna-zabudowa-kuchenki-d60zk-aspen-white-bialy-polysk\/"},"modified":"2026-02-18T11:30:34","modified_gmt":"2026-02-18T08:30:34","slug":"szafka-kuchenna-dolna-zabudowa-kuchenki-d60zk-aspen-white-bialy-polysk","status":"publish","type":"product","link":"https:\/\/baldumarket.lt\/lt\/product\/szafka-kuchenna-dolna-zabudowa-kuchenki-d60zk-aspen-white-bialy-polysk\/","title":{"rendered":"D60ZK Aspen White blizgi apatin\u0117 virtuv\u0117s spintel\u0117"},"content":{"rendered":"<p>Projektuojant moderni\u0105 virtuv\u0119, kiekvienas elementas vaidina svarb\u0173 vaidmen\u012f, o \u201eAspen White\u201c blizgios spalvos apatin\u0117 spintel\u0117 \u012fmontuojamoms virykl\u0117ms yra puikus pasirinkimas tiems, kurie vertina elegancij\u0105 ir funkcionalum\u0105. Minimalistinis dizainas ir blizgios MDF plok\u0161t\u0117s suteikia bet kuriai virtuvei modernumo ir pagyvina bet kok\u012f interjer\u0105.<\/p>\n<p>\u0160ios spintel\u0117s estetika orientuota \u012f paprastum\u0105 ir harmonij\u0105 su kitais dizaino elementais, o blizgi balta apdaila suteikia prabangos. Tai puikus sprendimas tiems, kurie nori pabr\u0117\u017eti savo virtuv\u0117s erdvum\u0105 ir \u0161var\u0105, sukurdami lengvumo ir elegancijos poj\u016bt\u012f.<\/p>\n<p>Balta \u201eAspen White\u201c apatin\u0117 spintel\u0117 ne tik gerai atrodo, bet ir yra prakti\u0161ka kasdieniam naudojimui. D\u0117l reguliuojamo auk\u0161\u010dio kojeli\u0173, kuri\u0173 ilgis svyruoja nuo 10 cm iki 12,5 cm, galite puikiai pritaikyti jos auk\u0161t\u012f pagal savo individualius poreikius, u\u017etikrindami komfort\u0105 ir patogum\u0105. Tai ypa\u010d svarbu dirbant virtuv\u0117je, kur ergonomika yra labai svarbi.<\/p>\n<p>D\u0117l savaime u\u017esidaran\u010di\u0173 b\u0117geli\u0173 spintel\u0117 u\u017etikrina skland\u0173 ir tyl\u0173 atidarym\u0105 ir u\u017edarym\u0105, o tai \u017eymiai padidina naudotojo komfort\u0105. Be to, savaranki\u0161ko surinkimo galimyb\u0117 leid\u017eia sutrumpinti virtuv\u0117s projektavimo laik\u0105 ir greitai \u012fgyvendinti naujus interjero dizaino pakeitimus. Su \u201eAspen White\u201c j\u016bs\u0173 virtuv\u0117 bus ne tik esteti\u0161kai patraukli, bet ir prakti\u0161ka bei funkcionali nam\u0173 puo\u0161mena.<\/p>","protected":false},"excerpt":{"rendered":"<p>Plotis (cm): 60<br \/>\n\u016agis (cm): 82<br \/>\nGylis (cm): 52<\/p>","protected":false},"featured_media":158153,"comment_status":"open","ping_status":"open","template":"","meta":[],"product_brand":[],"product_cat":[9445,4106],"product_tag":[],"class_list":{"0":"post-158152","1":"product","2":"type-product","3":"status-publish","4":"has-post-thumbnail","6":"product_cat-kitchen-system-aspen-white","7":"product_cat-gala-meble","9":"first","10":"instock","11":"purchasable","12":"product-type-simple"},"_links":{"self":[{"href":"https:\/\/baldumarket.lt\/lt\/wp-json\/wp\/v2\/product\/158152","targetHints":{"allow":["GET"]}}],"collection":[{"href":"https:\/\/baldumarket.lt\/lt\/wp-json\/wp\/v2\/product"}],"about":[{"href":"https:\/\/baldumarket.lt\/lt\/wp-json\/wp\/v2\/types\/product"}],"replies":[{"embeddable":true,"href":"https:\/\/baldumarket.lt\/lt\/wp-json\/wp\/v2\/comments?post=158152"}],"wp:featuredmedia":[{"embeddable":true,"href":"https:\/\/baldumarket.lt\/lt\/wp-json\/wp\/v2\/media\/158153"}],"wp:attachment":[{"href":"https:\/\/baldumarket.lt\/lt\/wp-json\/wp\/v2\/media?parent=158152"}],"wp:term":[{"taxonomy":"product_brand","embeddable":true,"href":"https:\/\/baldumarket.lt\/lt\/wp-json\/wp\/v2\/product_brand?post=158152"},{"taxonomy":"product_cat","embeddable":true,"href":"https:\/\/baldumarket.lt\/lt\/wp-json\/wp\/v2\/product_cat?post=158152"},{"taxonomy":"product_tag","embeddable":true,"href":"https:\/\/baldumarket.lt\/lt\/wp-json\/wp\/v2\/product_tag?post=158152"}],"curies":[{"name":"wp","href":"https:\/\/api.w.org\/{rel}","templated":true}]}}