{"id":158148,"date":"2025-12-18T23:52:53","date_gmt":"2025-12-18T20:52:53","guid":{"rendered":"https:\/\/baldumarket.lt\/product\/szafka-kuchenna-dolna-zabudowa-kuchenki-d60zk-langen-artisan\/"},"modified":"2026-02-18T11:25:59","modified_gmt":"2026-02-18T08:25:59","slug":"szafka-kuchenna-dolna-zabudowa-kuchenki-d60zk-langen-artisan","status":"publish","type":"product","link":"https:\/\/baldumarket.lt\/lt\/product\/szafka-kuchenna-dolna-zabudowa-kuchenki-d60zk-langen-artisan\/","title":{"rendered":"Apatin\u0117 virtuv\u0117s spintel\u0117 D60ZK Langen Artisan"},"content":{"rendered":"<p>Atraskite \u201eGa\u0142a Meble\u201c D60ZK Langen Artisan virtuv\u0117s spintel\u0117s gro\u017e\u012f ir funkcionalum\u0105. Tai puikus pasirinkimas tiems, kurie nori savo virtuvei suteikti elegancijos ir prakti\u0161kumo. Sukurta nesenstan\u010diu stiliumi, su \u201eArtisan Oak\u201c apdailos fasadais, \u0161i spintel\u0117 suteiks j\u016bs\u0173 interjerui \u0161ilumos ir nat\u016bralaus \u017eavesio.<\/p>\n<p>Gamtos \u012fkv\u0117ptas dizainas, pagamintas i\u0161 laminuotos plok\u0161t\u0117s subtilaus, med\u017eio atspalvio \u201eArtisan Oak\u201c stiliaus, garantuoja ne tik gra\u017ei\u0105 i\u0161vaizd\u0105, bet ir patvarum\u0105 bei atsparum\u0105 kasdieniam naudojimui. \u0160i spalva harmoningai dera su juodomis metalin\u0117mis ranken\u0117l\u0117mis, suteikdama visam baldui modernumo. Tai tobulas stiliaus ir funkcijos derinys, kuris patenkins net ir i\u0161rankiausi\u0173 dizaino entuziast\u0173 l\u016bkes\u010dius.<\/p>\n<p>Spintel\u0117s D60ZK prakti\u0161kumas neturi rib\u0173 \u2013 reguliuojam\u0173 kojeli\u0173 d\u0117ka galite reguliuoti jos auk\u0161t\u012f pagal savo poreikius, o tai labai supaprastina virtuv\u0117s dizain\u0105. 10\u201312,5 cm auk\u0161tis leid\u017eia puikiai tilpti bet kokiame interjere. Tai \u017eymiai supaprastina tvarkos palaikym\u0105 ir turimos erdv\u0117s i\u0161naudojim\u0105, sukuriant gerai apgalvot\u0105 ir funkcionali\u0105 virtuv\u0119.<\/p>\n<p>\u0160io \u012frenginio \u012frengimas patiems yra ne tik paprastas, bet ir naudingas. Lengvai surinkite spintel\u0119, pritaikydami j\u0105 savo individualiems poreikiams. Raskite savo b\u016bd\u0105 sukurti unikali\u0105 maisto gaminimo zon\u0105 ir m\u0117gaukit\u0117s erdve, kurioje dera estetika ir komfortas. Tegul D60ZK Langen Artisan spintel\u0117 tampa j\u016bs\u0173 virtuv\u0117s \u0161irdimi.<\/p>","protected":false},"excerpt":{"rendered":"<p>Plotis (cm): 60<br \/>\n\u016agis (cm): 82<br \/>\nGylis (cm): 52<\/p>","protected":false},"featured_media":158149,"comment_status":"open","ping_status":"open","template":"","meta":[],"product_brand":[],"product_cat":[9442,4106],"product_tag":[],"class_list":{"0":"post-158148","1":"product","2":"type-product","3":"status-publish","4":"has-post-thumbnail","6":"product_cat-kitchen-system-langen-dab-artisan","7":"product_cat-gala-meble","9":"first","10":"instock","11":"purchasable","12":"product-type-simple"},"_links":{"self":[{"href":"https:\/\/baldumarket.lt\/lt\/wp-json\/wp\/v2\/product\/158148","targetHints":{"allow":["GET"]}}],"collection":[{"href":"https:\/\/baldumarket.lt\/lt\/wp-json\/wp\/v2\/product"}],"about":[{"href":"https:\/\/baldumarket.lt\/lt\/wp-json\/wp\/v2\/types\/product"}],"replies":[{"embeddable":true,"href":"https:\/\/baldumarket.lt\/lt\/wp-json\/wp\/v2\/comments?post=158148"}],"wp:featuredmedia":[{"embeddable":true,"href":"https:\/\/baldumarket.lt\/lt\/wp-json\/wp\/v2\/media\/158149"}],"wp:attachment":[{"href":"https:\/\/baldumarket.lt\/lt\/wp-json\/wp\/v2\/media?parent=158148"}],"wp:term":[{"taxonomy":"product_brand","embeddable":true,"href":"https:\/\/baldumarket.lt\/lt\/wp-json\/wp\/v2\/product_brand?post=158148"},{"taxonomy":"product_cat","embeddable":true,"href":"https:\/\/baldumarket.lt\/lt\/wp-json\/wp\/v2\/product_cat?post=158148"},{"taxonomy":"product_tag","embeddable":true,"href":"https:\/\/baldumarket.lt\/lt\/wp-json\/wp\/v2\/product_tag?post=158148"}],"curies":[{"name":"wp","href":"https:\/\/api.w.org\/{rel}","templated":true}]}}