{"id":158143,"date":"2025-12-18T23:52:43","date_gmt":"2025-12-18T20:52:43","guid":{"rendered":"https:\/\/baldumarket.lt\/product\/szafka-kuchenna-dolna-zabudowa-kuchenki-d60zk-langen-beige\/"},"modified":"2026-02-18T11:25:44","modified_gmt":"2026-02-18T08:25:44","slug":"szafka-kuchenna-dolna-zabudowa-kuchenki-d60zk-langen-beige","status":"publish","type":"product","link":"https:\/\/baldumarket.lt\/lt\/product\/szafka-kuchenna-dolna-zabudowa-kuchenki-d60zk-langen-beige\/","title":{"rendered":"Apatin\u0117 virtuv\u0117s spintel\u0117 D60ZK Langen Beige"},"content":{"rendered":"<p>Eleganti\u0161ka ir moderni \u201eLangen Beige\u201c apatin\u0117 virtuv\u0117s spintel\u0117 D60ZK \u2013 puikus sprendimas tiems, kurie vertina estetik\u0105 ir funkcionalum\u0105 virtuv\u0117je. D\u0117l prislopintos sm\u0117lio spalvos spinteli\u0173 fasadai sukuria maloni\u0105, subtili\u0105 atmosfer\u0105. Spintel\u0117 puikiai dera su \u012fvairiais interjero stiliais \u2013 nuo klasikinio iki modernaus, suteikdama unikalaus \u017eavesio. Spintel\u0117s korpusas, apdailintas \u201eArtisan Oak\u201c mediena, yra patvarumo ir tvirtumo sinonimas. Tai puikus pasirinkimas tiems, kurie vertina nat\u016bralius interjero akcentus, kurie priartina mus prie gamtos, kartu b\u016bdami itin prakti\u0161ki ir ilgaam\u017eiai. J\u0173 d\u0117ka m\u016bs\u0173 virtuv\u0117 \u012fgis jauk\u0173, \u0161ilt\u0105 charakter\u012f ir taps nam\u0173 \u0161irdimi. \u201eLangen Beige\u201c spintel\u0117 pasi\u017eymi ne tik patrauklia i\u0161vaizda, bet ir dideliu funkcionalumu, gerokai supaprastindama kasdienes virtuv\u0117s u\u017eduotis. D\u0117l reguliuojam\u0173 kojeli\u0173, kuri\u0173 auk\u0161tis nuo 10 cm iki 12,5 cm, galime reguliuoti baldo auk\u0161t\u012f pagal savo poreikius, o tai u\u017etikrina ne tik naudojimo patogum\u0105, bet ir puik\u0173 der\u0117jim\u0105 su kitais virtuv\u0117s elementais.<\/p>","protected":false},"excerpt":{"rendered":"<p>Plotis (cm): 60<br \/>\n\u016agis (cm): 82<br \/>\nGylis (cm): 52<\/p>","protected":false},"featured_media":158144,"comment_status":"open","ping_status":"open","template":"","meta":[],"product_brand":[],"product_cat":[9442,4106],"product_tag":[],"class_list":{"0":"post-158143","1":"product","2":"type-product","3":"status-publish","4":"has-post-thumbnail","6":"product_cat-kitchen-system-langen-dab-artisan","7":"product_cat-gala-meble","9":"first","10":"instock","11":"purchasable","12":"product-type-simple"},"_links":{"self":[{"href":"https:\/\/baldumarket.lt\/lt\/wp-json\/wp\/v2\/product\/158143","targetHints":{"allow":["GET"]}}],"collection":[{"href":"https:\/\/baldumarket.lt\/lt\/wp-json\/wp\/v2\/product"}],"about":[{"href":"https:\/\/baldumarket.lt\/lt\/wp-json\/wp\/v2\/types\/product"}],"replies":[{"embeddable":true,"href":"https:\/\/baldumarket.lt\/lt\/wp-json\/wp\/v2\/comments?post=158143"}],"wp:featuredmedia":[{"embeddable":true,"href":"https:\/\/baldumarket.lt\/lt\/wp-json\/wp\/v2\/media\/158144"}],"wp:attachment":[{"href":"https:\/\/baldumarket.lt\/lt\/wp-json\/wp\/v2\/media?parent=158143"}],"wp:term":[{"taxonomy":"product_brand","embeddable":true,"href":"https:\/\/baldumarket.lt\/lt\/wp-json\/wp\/v2\/product_brand?post=158143"},{"taxonomy":"product_cat","embeddable":true,"href":"https:\/\/baldumarket.lt\/lt\/wp-json\/wp\/v2\/product_cat?post=158143"},{"taxonomy":"product_tag","embeddable":true,"href":"https:\/\/baldumarket.lt\/lt\/wp-json\/wp\/v2\/product_tag?post=158143"}],"curies":[{"name":"wp","href":"https:\/\/api.w.org\/{rel}","templated":true}]}}