{"id":158139,"date":"2025-12-18T23:52:36","date_gmt":"2025-12-18T20:52:36","guid":{"rendered":"https:\/\/baldumarket.lt\/product\/szafka-kuchenna-dolna-zabudowa-kuchenki-d60zk-langen-grey\/"},"modified":"2026-02-18T11:25:44","modified_gmt":"2026-02-18T08:25:44","slug":"szafka-kuchenna-dolna-zabudowa-kuchenki-d60zk-langen-grey","status":"publish","type":"product","link":"https:\/\/baldumarket.lt\/lt\/product\/szafka-kuchenna-dolna-zabudowa-kuchenki-d60zk-langen-grey\/","title":{"rendered":"Apatin\u0117 virtuv\u0117s spintel\u0117 D60ZK Langen pilka"},"content":{"rendered":"<p>Atraskite elegancij\u0105 ir funkcionalum\u0105 su \u201eGa\u0142a Meble\u201c apatine virtuv\u0117s spintele \u201eLangen Grey D60ZK\u201c. Subtilus, matinis pilkas priekis harmoningai papildo \u0161ilt\u0105 \u201eArtisan Oak\u201c korpus\u0105, sukurdamas tobul\u0105 atmosfer\u0105 modernioje virtuv\u0117je. Pagaminta precizi\u0161kai, ji derina patvarum\u0105 su moderniu dizainu, kuris suteikia jaukumo ir elegancijos bet kokiam interjerui.<\/p>\n<p>\u0160i virtuv\u0117s spintel\u0117 yra prakti\u0161kumo \u012fsik\u016bnijimas, prisitaikanti prie \u012fvairi\u0173 interjero stili\u0173 d\u0117l reguliuojam\u0173 kojeli\u0173. Tai puikus sprendimas tiems, kurie vertina komfort\u0105 ir estetik\u0105 viename. Nesvarbu, ar jums labiau patinka klasikin\u0117 rankena, ar atidarymo spustel\u0117jus sistema be ranken\u0117li\u0173, \u0161i spintel\u0117 u\u017etikrina patog\u0173 naudojim\u0105 kasdien.<\/p>\n<p>Auk\u0161tos kokyb\u0117s med\u017eiagos, tokios kaip MDF ir laminuota plok\u0161t\u0117, yra atsparios \u012fbr\u0117\u017eimams ir pa\u017eeidimams, u\u017etikrinant ilgaam\u017ei\u0161kum\u0105. Juodos metalin\u0117s rankenos suteikia spintelei modernumo, tod\u0117l ji yra stilingas pasirinkimas j\u016bs\u0173 virtuvei. Surinkimas patiems paver\u010dia vis\u0105 virtuv\u0117s dizaino kelion\u0119 dar naudingesne.<\/p>\n<p>\u201eLangen Grey D60ZK\u201c apatin\u0117 virtuv\u0117s spintel\u0117 \u2013 puikus sprendimas ie\u0161kantiems funkcionalaus ir stilingo virtuv\u0117s papildymo. Nesvarbu, ar projektuojate didel\u0119, atviro plano virtuv\u0119, ar ma\u017e\u0105, jauk\u0173 kambar\u012f, \u0161is baldas tiks \u012fvairiuose interjeruose ir sustiprins erdv\u0117s charakter\u012f.<\/p>","protected":false},"excerpt":{"rendered":"<p>Plotis (cm): 60<br \/>\n\u016agis (cm): 82<br \/>\nGylis (cm): 52<\/p>","protected":false},"featured_media":158140,"comment_status":"open","ping_status":"open","template":"","meta":[],"product_brand":[],"product_cat":[9442,4106],"product_tag":[],"class_list":{"0":"post-158139","1":"product","2":"type-product","3":"status-publish","4":"has-post-thumbnail","6":"product_cat-kitchen-system-langen-dab-artisan","7":"product_cat-gala-meble","9":"first","10":"instock","11":"purchasable","12":"product-type-simple"},"_links":{"self":[{"href":"https:\/\/baldumarket.lt\/lt\/wp-json\/wp\/v2\/product\/158139","targetHints":{"allow":["GET"]}}],"collection":[{"href":"https:\/\/baldumarket.lt\/lt\/wp-json\/wp\/v2\/product"}],"about":[{"href":"https:\/\/baldumarket.lt\/lt\/wp-json\/wp\/v2\/types\/product"}],"replies":[{"embeddable":true,"href":"https:\/\/baldumarket.lt\/lt\/wp-json\/wp\/v2\/comments?post=158139"}],"wp:featuredmedia":[{"embeddable":true,"href":"https:\/\/baldumarket.lt\/lt\/wp-json\/wp\/v2\/media\/158140"}],"wp:attachment":[{"href":"https:\/\/baldumarket.lt\/lt\/wp-json\/wp\/v2\/media?parent=158139"}],"wp:term":[{"taxonomy":"product_brand","embeddable":true,"href":"https:\/\/baldumarket.lt\/lt\/wp-json\/wp\/v2\/product_brand?post=158139"},{"taxonomy":"product_cat","embeddable":true,"href":"https:\/\/baldumarket.lt\/lt\/wp-json\/wp\/v2\/product_cat?post=158139"},{"taxonomy":"product_tag","embeddable":true,"href":"https:\/\/baldumarket.lt\/lt\/wp-json\/wp\/v2\/product_tag?post=158139"}],"curies":[{"name":"wp","href":"https:\/\/api.w.org\/{rel}","templated":true}]}}