{"id":158135,"date":"2025-12-18T23:52:28","date_gmt":"2025-12-18T20:52:28","guid":{"rendered":"https:\/\/baldumarket.lt\/product\/szafka-kuchenna-dolna-zabudowa-kuchenki-d60zk-linea-grey-szary-mat\/"},"modified":"2026-02-18T11:34:03","modified_gmt":"2026-02-18T08:34:03","slug":"szafka-kuchenna-dolna-zabudowa-kuchenki-d60zk-linea-grey-szary-mat","status":"publish","type":"product","link":"https:\/\/baldumarket.lt\/lt\/product\/szafka-kuchenna-dolna-zabudowa-kuchenki-d60zk-linea-grey-szary-mat\/","title":{"rendered":"Apatin\u0117 virtuv\u0117s spintel\u0117 D60ZK Linea pilka matin\u0117"},"content":{"rendered":"<p>\u012esivaizduokite virtuv\u0119, kurioje dera moderni estetika ir klasikinis funkcionalumas. \u201eLinea Grey\u201c apatin\u0117 spintel\u0117 i\u0161 \u0161ios kolekcijos yra puikus sprendimas tiems, kurie vertina ir stili\u0173, ir prakti\u0161kum\u0105. D\u0117l matin\u0117s pilkos spalvos ji skland\u017eiai \u012fsilies \u012f \u012fvairius interjero dizainus, suteikdama elegancijos ir rafinuotumo.<\/p>\n<p>Rafinuotas \u0161ios spintel\u0117s dizainas leid\u017eia efektyviai i\u0161naudoti erdv\u0119 j\u016bs\u0173 virtuv\u0117je. Ji skland\u017eiai dera su kitais dekoro elementais, sukurdama darni\u0105 ir harmoning\u0105 visum\u0105. D\u0117l reguliuojam\u0173 kojeli\u0173 galite lengvai pritaikyti spintel\u0117s auk\u0161t\u012f pagal savo individualius poreikius, o tai labai svarbu ie\u0161kant tobulo virtuv\u0117s i\u0161planavimo.<\/p>\n<p>\u201eLinea Grey\u201c apatin\u0117 spintel\u0117 pasi\u017eymi ne tik estetika, bet ir patikimumu. Pagaminta i\u0161 patvarios MDF plok\u0161t\u0117s, ji garantuoja ilgaam\u017ei\u0161kum\u0105 ir atsparum\u0105 kasdieniam naudojimui. D\u0117l savaime u\u017esidaran\u010di\u0173 b\u0117geli\u0173 ja naudotis \u2013 tikras malonumas \u2013 sklandus ir tylus veikimas yra komforto pagrindas bet kurioje virtuv\u0117je. Greita prieiga prie b\u016btiniausi\u0173 daikt\u0173 dar niekada nebuvo tokia paprasta!<\/p>\n<p>D\u0117l universalaus balto korpuso \u0161i spintel\u0117 puikiai dera prie esam\u0173 virtuv\u0117s element\u0173. Ji puikiai papildys bet kok\u012f interjer\u0105, suteikdama jam gaivumo ir erdvumo poj\u016bt\u012f. \u0160i spintel\u0117, kuri\u0105 galima surinkti savaranki\u0161kai, viename gaminyje apjungia funkcionalum\u0105 ir minimalizm\u0105. Apsvarstykite galimyb\u0119 \u012fsigyti \u201eLinea Grey\u201c spintel\u0119 ir pagyvinkite savo virtuv\u0119 baldu, kuriame suderinta viskas, ko jums reikia \u2013 estetika, patogumas ir patikimumas.<\/p>","protected":false},"excerpt":{"rendered":"<p>Plotis (cm): 60<br \/>\n\u016agis (cm): 82<br \/>\nGylis (cm): 52<\/p>","protected":false},"featured_media":158136,"comment_status":"open","ping_status":"open","template":"","meta":[],"product_brand":[],"product_cat":[9446,4106],"product_tag":[],"class_list":{"0":"post-158135","1":"product","2":"type-product","3":"status-publish","4":"has-post-thumbnail","6":"product_cat-kitchen-system-linea-white","7":"product_cat-gala-meble","9":"first","10":"instock","11":"purchasable","12":"product-type-simple"},"_links":{"self":[{"href":"https:\/\/baldumarket.lt\/lt\/wp-json\/wp\/v2\/product\/158135","targetHints":{"allow":["GET"]}}],"collection":[{"href":"https:\/\/baldumarket.lt\/lt\/wp-json\/wp\/v2\/product"}],"about":[{"href":"https:\/\/baldumarket.lt\/lt\/wp-json\/wp\/v2\/types\/product"}],"replies":[{"embeddable":true,"href":"https:\/\/baldumarket.lt\/lt\/wp-json\/wp\/v2\/comments?post=158135"}],"wp:featuredmedia":[{"embeddable":true,"href":"https:\/\/baldumarket.lt\/lt\/wp-json\/wp\/v2\/media\/158136"}],"wp:attachment":[{"href":"https:\/\/baldumarket.lt\/lt\/wp-json\/wp\/v2\/media?parent=158135"}],"wp:term":[{"taxonomy":"product_brand","embeddable":true,"href":"https:\/\/baldumarket.lt\/lt\/wp-json\/wp\/v2\/product_brand?post=158135"},{"taxonomy":"product_cat","embeddable":true,"href":"https:\/\/baldumarket.lt\/lt\/wp-json\/wp\/v2\/product_cat?post=158135"},{"taxonomy":"product_tag","embeddable":true,"href":"https:\/\/baldumarket.lt\/lt\/wp-json\/wp\/v2\/product_tag?post=158135"}],"curies":[{"name":"wp","href":"https:\/\/api.w.org\/{rel}","templated":true}]}}