{"id":158130,"date":"2025-12-18T23:52:18","date_gmt":"2025-12-18T20:52:18","guid":{"rendered":"https:\/\/baldumarket.lt\/product\/szafka-kuchenna-dolna-zabudowa-kuchenki-d60zk-prowansja-sosna-andersen-bialy-mat\/"},"modified":"2026-02-06T13:08:41","modified_gmt":"2026-02-06T10:08:41","slug":"szafka-kuchenna-dolna-zabudowa-kuchenki-d60zk-prowansja-sosna-andersen-bialy-mat","status":"publish","type":"product","link":"https:\/\/baldumarket.lt\/lt\/product\/szafka-kuchenna-dolna-zabudowa-kuchenki-d60zk-prowansja-sosna-andersen-bialy-mat\/","title":{"rendered":"Apatin\u0117 virtuv\u0117s spintel\u0117 D60ZK, Provanso pu\u0161is, Anderseno balta matin\u0117 spalva"},"content":{"rendered":"<p>Suteikite savo virtuvei unikal\u0173 Provanso stiliaus akcent\u0105 su \u201eProwansja\u201c serijos apatine spintele, \u012fkv\u0117pta nat\u016bralios medienos gro\u017eio. \u201eGa\u0142a Meble\u201c kolekcija jus prad\u017eiugins subtiliu matin\u0117s baltos ir Anderseno pu\u0161ies apdailos deriniu, kuris sukuria harmoning\u0105 kompozicij\u0105 ir suteikia interjerui \u0161ilt\u0105, jauk\u0173 charakter\u012f. M\u0117gaukit\u0117s estetika, suteikian\u010dia erdvei malon\u0173, kaimi\u0161k\u0105 \u017eaves\u012f. 60 cm plo\u010dio, 82 cm auk\u0161\u010dio ir 52 cm gylio apatin\u0117 spintel\u0117 D60ZK buvo sukurta galvojant apie kasdien\u012f komfort\u0105. Jos si\u016bloma erdv\u0117 leid\u017eia funkcionaliai sutvarkyti sunkiai pasiekiamas virtuv\u0117s vietas. Klasikin\u0117s juodos metalin\u0117s ranken\u0117l\u0117s puikiai papildo bendr\u0105 dizain\u0105, suteikdamos elegancijos ir i\u0161rai\u0161kingumo. \u0160is baldas pasi\u017eymi ne tik gra\u017eia forma, bet ir rafinuotu funkcionalumu. D\u0117l savaime u\u017esidaran\u010di\u0173 b\u0117geli\u0173 galite m\u0117gautis patogiu ir saugiu naudojimu. MDF plok\u0161t\u0117, naudojama fasadams, ir laminuota plok\u0161t\u0117 korpusui, garantuoja patvarum\u0105 ir atsparum\u0105 kasdieniams i\u0161\u0161\u016bkiams, o reguliuojamos kojel\u0117s leid\u017eia pritaikyti spintel\u0119 pagal savo poreikius.<\/p>","protected":false},"excerpt":{"rendered":"<p>Plotis (cm): 60<br \/>\n\u016agis (cm): 82<br \/>\nGylis (cm): 52<\/p>","protected":false},"featured_media":158131,"comment_status":"open","ping_status":"open","template":"","meta":[],"product_brand":[],"product_cat":[9444,9441,4106,9118],"product_tag":[],"class_list":{"0":"post-158130","1":"product","2":"type-product","3":"status-publish","4":"has-post-thumbnail","6":"product_cat-kitchen-system-prowansja-sosna-andersen","7":"product_cat-white","8":"product_cat-gala-meble","9":"product_cat-kitchen-cabinets","11":"first","12":"instock","13":"purchasable","14":"product-type-simple"},"_links":{"self":[{"href":"https:\/\/baldumarket.lt\/lt\/wp-json\/wp\/v2\/product\/158130","targetHints":{"allow":["GET"]}}],"collection":[{"href":"https:\/\/baldumarket.lt\/lt\/wp-json\/wp\/v2\/product"}],"about":[{"href":"https:\/\/baldumarket.lt\/lt\/wp-json\/wp\/v2\/types\/product"}],"replies":[{"embeddable":true,"href":"https:\/\/baldumarket.lt\/lt\/wp-json\/wp\/v2\/comments?post=158130"}],"wp:featuredmedia":[{"embeddable":true,"href":"https:\/\/baldumarket.lt\/lt\/wp-json\/wp\/v2\/media\/158131"}],"wp:attachment":[{"href":"https:\/\/baldumarket.lt\/lt\/wp-json\/wp\/v2\/media?parent=158130"}],"wp:term":[{"taxonomy":"product_brand","embeddable":true,"href":"https:\/\/baldumarket.lt\/lt\/wp-json\/wp\/v2\/product_brand?post=158130"},{"taxonomy":"product_cat","embeddable":true,"href":"https:\/\/baldumarket.lt\/lt\/wp-json\/wp\/v2\/product_cat?post=158130"},{"taxonomy":"product_tag","embeddable":true,"href":"https:\/\/baldumarket.lt\/lt\/wp-json\/wp\/v2\/product_tag?post=158130"}],"curies":[{"name":"wp","href":"https:\/\/api.w.org\/{rel}","templated":true}]}}